{"id":1101,"date":"2023-08-22T19:20:41","date_gmt":"2023-08-22T19:20:41","guid":{"rendered":"https:\/\/%s.piauidigital.pi.gov.br\/home\/?page_id=1101"},"modified":"2024-07-23T18:01:50","modified_gmt":"2024-07-23T18:01:50","slug":"credito-inovacao-e-tecnologia","status":"publish","type":"page","link":"https:\/\/demo.piauidigital.pi.gov.br\/home\/credito-inovacao-e-tecnologia\/","title":{"rendered":"Cr\u00e9dito Inova\u00e7\u00e3o e Tecnologia"},"content":{"rendered":"<p><b>Cr\u00e9dito Inova\u00e7\u00e3o e Tecnologia (Finep):<\/b>\u00a0A linha de cr\u00e9dito FINEP &#8211; INOVACRED tem o objetivo fomentar atividades inovativas de empresas e outras pessoas jur\u00eddicas, com fins lucrativos de Micro, Empresas de Pequeno Porte, Pequenas e M\u00e9dias Empresas.<\/p>\n<p>Projetos para o desenvolvimento de novos produtos, processos e servi\u00e7os com condi\u00e7\u00f5es de financiamentos especiais.<\/p>\n<div class=\"container mx-auto text-right bg-[#3B82F6] rounded-xl p-6\">\n<span class=\"text-right\"> <a href=\"badespi\/\" class=\"bg-white hover:bg-blue-100 text-[#3B82F6] text-small py-2 px-4 mr-4 rounded\">Voltar<\/a> <a href=\"https:\/\/%s.piauidigital.pi.gov.br\/s\/consultaprevia\/fomento\/5\" class=\"bg-white hover:bg-blue-100 text-[#3B82F6] text-small py-2 px-4 rounded\">Tenho Interesse<\/a><\/span>\n<\/div>\n","protected":false},"excerpt":{"rendered":"<p>Cr\u00e9dito Inova\u00e7\u00e3o e Tecnologia (Finep):\u00a0A linha de cr\u00e9dito FINEP &#8211; INOVACRED tem o objetivo fomentar atividades inovativas de empresas e outras pessoas jur\u00eddicas, com fins lucrativos de Micro, Empresas de Pequeno Porte, Pequenas e M\u00e9dias Empresas. Projetos para o desenvolvimento de novos produtos, processos e servi\u00e7os com condi\u00e7\u00f5es de financiamentos especiais. Voltar Tenho Interesse<\/p>\n","protected":false},"author":1,"featured_media":0,"parent":0,"menu_order":0,"comment_status":"closed","ping_status":"closed","template":"","meta":{"footnotes":""},"class_list":["post-1101","page","type-page","status-publish","hentry"],"acf":[],"_links":{"self":[{"href":"https:\/\/demo.piauidigital.pi.gov.br\/home\/wp-json\/wp\/v2\/pages\/1101","targetHints":{"allow":["GET"]}}],"collection":[{"href":"https:\/\/demo.piauidigital.pi.gov.br\/home\/wp-json\/wp\/v2\/pages"}],"about":[{"href":"https:\/\/demo.piauidigital.pi.gov.br\/home\/wp-json\/wp\/v2\/types\/page"}],"author":[{"embeddable":true,"href":"https:\/\/demo.piauidigital.pi.gov.br\/home\/wp-json\/wp\/v2\/users\/1"}],"replies":[{"embeddable":true,"href":"https:\/\/demo.piauidigital.pi.gov.br\/home\/wp-json\/wp\/v2\/comments?post=1101"}],"version-history":[{"count":2,"href":"https:\/\/demo.piauidigital.pi.gov.br\/home\/wp-json\/wp\/v2\/pages\/1101\/revisions"}],"predecessor-version":[{"id":1382,"href":"https:\/\/demo.piauidigital.pi.gov.br\/home\/wp-json\/wp\/v2\/pages\/1101\/revisions\/1382"}],"wp:attachment":[{"href":"https:\/\/demo.piauidigital.pi.gov.br\/home\/wp-json\/wp\/v2\/media?parent=1101"}],"curies":[{"name":"wp","href":"https:\/\/api.w.org\/{rel}","templated":true}]}}