{"id":1103,"date":"2023-08-22T19:24:31","date_gmt":"2023-08-22T19:24:31","guid":{"rendered":"https:\/\/%s.piauidigital.pi.gov.br\/home\/?page_id=1103"},"modified":"2024-07-23T18:03:03","modified_gmt":"2024-07-23T18:03:03","slug":"credito-microempreendedor-individual","status":"publish","type":"page","link":"https:\/\/demo.piauidigital.pi.gov.br\/home\/credito-microempreendedor-individual\/","title":{"rendered":"Cr\u00e9dito Microempreendedor Individual"},"content":{"rendered":"<p><b>Cr\u00e9dito Microempreendedor Individual (MEI):<\/b>\u00a0A linha de cr\u00e9dito Microempreendedor Individual (MEI) tem como objetivo atender \u00e0s necessidades de recursos para capital de giro do Empreendedor Individual (MEI) destinado \u00e0 diversifica\u00e7\u00e3o, moderniza\u00e7\u00e3o e amplia\u00e7\u00e3o de neg\u00f3cios nas \u00e1reas do agroneg\u00f3cio, com\u00e9rcio, ind\u00fastria, servi\u00e7os e turismo.<\/p>\n<p>Os itens financiados s\u00e3o: Capital de Giro e Investimento Fixo ou Misto<\/p>\n<div class=\"container mx-auto text-right bg-[#3B82F6] rounded-xl p-6\">\n<span class=\"text-right\"> <a href=\"badespi\/\" class=\"bg-white hover:bg-blue-100 text-[#3B82F6] text-small py-2 px-4 mr-4 rounded\">Voltar<\/a> <a href=\"https:\/\/%s.piauidigital.pi.gov.br\/s\/consultaprevia\/fomento\/2\" class=\"bg-white hover:bg-blue-100 text-[#3B82F6] text-small py-2 px-4 rounded\">Tenho Interesse<\/a><\/span>\n<\/div>\n","protected":false},"excerpt":{"rendered":"<p>Cr\u00e9dito Microempreendedor Individual (MEI):\u00a0A linha de cr\u00e9dito Microempreendedor Individual (MEI) tem como objetivo atender \u00e0s necessidades de recursos para capital de giro do Empreendedor Individual (MEI) destinado \u00e0 diversifica\u00e7\u00e3o, moderniza\u00e7\u00e3o e amplia\u00e7\u00e3o de neg\u00f3cios nas \u00e1reas do agroneg\u00f3cio, com\u00e9rcio, ind\u00fastria, servi\u00e7os e turismo. Os itens financiados s\u00e3o: Capital de Giro e Investimento Fixo ou Misto [&hellip;]<\/p>\n","protected":false},"author":1,"featured_media":0,"parent":0,"menu_order":0,"comment_status":"closed","ping_status":"closed","template":"","meta":{"footnotes":""},"class_list":["post-1103","page","type-page","status-publish","hentry"],"acf":[],"_links":{"self":[{"href":"https:\/\/demo.piauidigital.pi.gov.br\/home\/wp-json\/wp\/v2\/pages\/1103","targetHints":{"allow":["GET"]}}],"collection":[{"href":"https:\/\/demo.piauidigital.pi.gov.br\/home\/wp-json\/wp\/v2\/pages"}],"about":[{"href":"https:\/\/demo.piauidigital.pi.gov.br\/home\/wp-json\/wp\/v2\/types\/page"}],"author":[{"embeddable":true,"href":"https:\/\/demo.piauidigital.pi.gov.br\/home\/wp-json\/wp\/v2\/users\/1"}],"replies":[{"embeddable":true,"href":"https:\/\/demo.piauidigital.pi.gov.br\/home\/wp-json\/wp\/v2\/comments?post=1103"}],"version-history":[{"count":2,"href":"https:\/\/demo.piauidigital.pi.gov.br\/home\/wp-json\/wp\/v2\/pages\/1103\/revisions"}],"predecessor-version":[{"id":1383,"href":"https:\/\/demo.piauidigital.pi.gov.br\/home\/wp-json\/wp\/v2\/pages\/1103\/revisions\/1383"}],"wp:attachment":[{"href":"https:\/\/demo.piauidigital.pi.gov.br\/home\/wp-json\/wp\/v2\/media?parent=1103"}],"curies":[{"name":"wp","href":"https:\/\/api.w.org\/{rel}","templated":true}]}}