{"id":1109,"date":"2023-08-22T19:32:12","date_gmt":"2023-08-22T19:32:12","guid":{"rendered":"https:\/\/%s.piauidigital.pi.gov.br\/home\/?page_id=1109"},"modified":"2024-07-23T18:00:03","modified_gmt":"2024-07-23T18:00:03","slug":"badespi","status":"publish","type":"page","link":"https:\/\/demo.piauidigital.pi.gov.br\/home\/badespi\/","title":{"rendered":"Badespi"},"content":{"rendered":"","protected":false},"excerpt":{"rendered":"","protected":false},"author":1,"featured_media":0,"parent":0,"menu_order":0,"comment_status":"closed","ping_status":"closed","template":"template-parts\/page-junta-comercial.php","meta":{"footnotes":""},"class_list":["post-1109","page","type-page","status-publish","hentry"],"acf":{"servicos":[{"titulo":"Cr\u00e9dito Microempreendedor Individual (MEI)","conteudo":" A linha de cr\u00e9dito Microempreendedor Individual (MEI)","btn":"credito-microempreendedor-individual","parametros":"","method":"POST","mensagem_modal":"","acesso":["visivel_todos"]},{"titulo":"Cr\u00e9dito Pequena e M\u00e9dia Empresa","conteudo":"Para as pequenas e m\u00e9dias empresas, fornecemos uma linha que atende \u00e0s necessidades de capital de giro","btn":"credito-pequena-e-media-empresa","parametros":"","method":"POST","mensagem_modal":"","acesso":["visivel_todos"]},{"titulo":"Cr\u00e9dito Inova\u00e7\u00e3o e Tecnologia (Finep)","conteudo":"A linha de cr\u00e9dito FINEP - INOVACRED tem o objetivo fomentar atividades inovativas de empresas e outras pessoas jur\u00eddicas","btn":"credito-inovacao-e-tecnologia","parametros":"","method":"POST","mensagem_modal":"","acesso":["visivel_todos"]},{"titulo":"Cr\u00e9dito Turismo (Fungetur)","conteudo":"A linha Fungetur tem o objetivo de fomentar e prover recursos destinados \u00e0 concess\u00e3o de financiamentos a empreendimentos tur\u00edsticos","btn":"credito-turismo","parametros":"","method":"POST","mensagem_modal":"","acesso":["visivel_todos"]}]},"_links":{"self":[{"href":"https:\/\/demo.piauidigital.pi.gov.br\/home\/wp-json\/wp\/v2\/pages\/1109","targetHints":{"allow":["GET"]}}],"collection":[{"href":"https:\/\/demo.piauidigital.pi.gov.br\/home\/wp-json\/wp\/v2\/pages"}],"about":[{"href":"https:\/\/demo.piauidigital.pi.gov.br\/home\/wp-json\/wp\/v2\/types\/page"}],"author":[{"embeddable":true,"href":"https:\/\/demo.piauidigital.pi.gov.br\/home\/wp-json\/wp\/v2\/users\/1"}],"replies":[{"embeddable":true,"href":"https:\/\/demo.piauidigital.pi.gov.br\/home\/wp-json\/wp\/v2\/comments?post=1109"}],"version-history":[{"count":2,"href":"https:\/\/demo.piauidigital.pi.gov.br\/home\/wp-json\/wp\/v2\/pages\/1109\/revisions"}],"predecessor-version":[{"id":1380,"href":"https:\/\/demo.piauidigital.pi.gov.br\/home\/wp-json\/wp\/v2\/pages\/1109\/revisions\/1380"}],"wp:attachment":[{"href":"https:\/\/demo.piauidigital.pi.gov.br\/home\/wp-json\/wp\/v2\/media?parent=1109"}],"curies":[{"name":"wp","href":"https:\/\/api.w.org\/{rel}","templated":true}]}}