{"id":1186,"date":"2023-11-29T14:16:15","date_gmt":"2023-11-29T14:16:15","guid":{"rendered":"https:\/\/%s.piauidigital.pi.gov.br\/home\/?page_id=1186"},"modified":"2023-12-06T19:49:02","modified_gmt":"2023-12-06T19:49:02","slug":"inscricao-no-estado-para-estabelecimento-que-esta-localizado-em-outro-estado-exceto-subst-trib","status":"publish","type":"page","link":"https:\/\/demo.piauidigital.pi.gov.br\/home\/inscricao-no-estado-para-estabelecimento-que-esta-localizado-em-outro-estado-exceto-subst-trib\/","title":{"rendered":"Inscri\u00e7\u00e3o no Estado para estabelecimento que est\u00e1 localizado em outro Estado, exceto Subst. Trib."},"content":{"rendered":"","protected":false},"excerpt":{"rendered":"","protected":false},"author":1,"featured_media":0,"parent":0,"menu_order":0,"comment_status":"closed","ping_status":"closed","template":"template-parts\/page-junta-comercial.php","meta":{"footnotes":""},"class_list":["post-1186","page","type-page","status-publish","hentry"],"acf":{"servicos":[{"titulo":"Inscri\u00e7\u00e3o para Matriz","conteudo":"","btn":"https:\/\/%s.piauidigital.pi.gov.br\/s\/consultaprevia\/prepare-primeiro-passo\/","parametros":"{'tipo_empresa':'m','evento[]':'606','tipo_evento':'sefaz','isProd':'1','domain':'https:\/\/%s.piauidigital.pi.gov.br'}","method":"POST","mensagem_modal":"","acesso":["visivel_todos"]},{"titulo":"Inscri\u00e7\u00e3o para Filial","conteudo":"","btn":"https:\/\/%s.piauidigital.pi.gov.br\/s\/consultaprevia\/prepare-primeiro-passo\/","parametros":"{'tipo_empresa':'f','evento[]':'606','tipo_evento':'sefaz','isProd':'1','domain':'https:\/\/%s.piauidigital.pi.gov.br'}","method":"POST","mensagem_modal":"","acesso":["visivel_todos"]}]},"_links":{"self":[{"href":"https:\/\/demo.piauidigital.pi.gov.br\/home\/wp-json\/wp\/v2\/pages\/1186","targetHints":{"allow":["GET"]}}],"collection":[{"href":"https:\/\/demo.piauidigital.pi.gov.br\/home\/wp-json\/wp\/v2\/pages"}],"about":[{"href":"https:\/\/demo.piauidigital.pi.gov.br\/home\/wp-json\/wp\/v2\/types\/page"}],"author":[{"embeddable":true,"href":"https:\/\/demo.piauidigital.pi.gov.br\/home\/wp-json\/wp\/v2\/users\/1"}],"replies":[{"embeddable":true,"href":"https:\/\/demo.piauidigital.pi.gov.br\/home\/wp-json\/wp\/v2\/comments?post=1186"}],"version-history":[{"count":3,"href":"https:\/\/demo.piauidigital.pi.gov.br\/home\/wp-json\/wp\/v2\/pages\/1186\/revisions"}],"predecessor-version":[{"id":1210,"href":"https:\/\/demo.piauidigital.pi.gov.br\/home\/wp-json\/wp\/v2\/pages\/1186\/revisions\/1210"}],"wp:attachment":[{"href":"https:\/\/demo.piauidigital.pi.gov.br\/home\/wp-json\/wp\/v2\/media?parent=1186"}],"curies":[{"name":"wp","href":"https:\/\/api.w.org\/{rel}","templated":true}]}}