{"id":1190,"date":"2023-11-29T14:18:30","date_gmt":"2023-11-29T14:18:30","guid":{"rendered":"https:\/\/%s.piauidigital.pi.gov.br\/home\/?page_id=1190"},"modified":"2023-11-29T14:18:30","modified_gmt":"2023-11-29T14:18:30","slug":"alteracao-de-substituto-tributario-no-estado","status":"publish","type":"page","link":"https:\/\/demo.piauidigital.pi.gov.br\/home\/alteracao-de-substituto-tributario-no-estado\/","title":{"rendered":"Altera\u00e7\u00e3o de substituto tribut\u00e1rio no Estado"},"content":{"rendered":"","protected":false},"excerpt":{"rendered":"","protected":false},"author":1,"featured_media":0,"parent":0,"menu_order":0,"comment_status":"closed","ping_status":"closed","template":"template-parts\/page-junta-comercial.php","meta":{"footnotes":""},"class_list":["post-1190","page","type-page","status-publish","hentry"],"acf":{"servicos":[{"titulo":"Altera\u00e7\u00e3o de substituto para Matriz","conteudo":"","btn":"https:\/\/%s.piauidigital.pi.gov.br\/s\/consultaprevia\/prepare-primeiro-passo\/","parametros":"{'tipo_empresa':'m','evento[]':'608','tipo_evento':'sefaz','isProd':'1','domain':'https:\/\/%s.piauidigital.pi.gov.br'}","method":"POST","mensagem_modal":"","acesso":["visivel_todos"]},{"titulo":"Altera\u00e7\u00e3o de substituto para Filial","conteudo":"","btn":"https:\/\/%s.piauidigital.pi.gov.br\/s\/consultaprevia\/prepare-primeiro-passo\/","parametros":"{'tipo_empresa':'f','evento[]':'608','tipo_evento':'sefaz','isProd':'1','domain':'https:\/\/%s.piauidigital.pi.gov.br'}","method":"POST","mensagem_modal":"","acesso":["visivel_todos"]}]},"_links":{"self":[{"href":"https:\/\/demo.piauidigital.pi.gov.br\/home\/wp-json\/wp\/v2\/pages\/1190","targetHints":{"allow":["GET"]}}],"collection":[{"href":"https:\/\/demo.piauidigital.pi.gov.br\/home\/wp-json\/wp\/v2\/pages"}],"about":[{"href":"https:\/\/demo.piauidigital.pi.gov.br\/home\/wp-json\/wp\/v2\/types\/page"}],"author":[{"embeddable":true,"href":"https:\/\/demo.piauidigital.pi.gov.br\/home\/wp-json\/wp\/v2\/users\/1"}],"replies":[{"embeddable":true,"href":"https:\/\/demo.piauidigital.pi.gov.br\/home\/wp-json\/wp\/v2\/comments?post=1190"}],"version-history":[{"count":1,"href":"https:\/\/demo.piauidigital.pi.gov.br\/home\/wp-json\/wp\/v2\/pages\/1190\/revisions"}],"predecessor-version":[{"id":1191,"href":"https:\/\/demo.piauidigital.pi.gov.br\/home\/wp-json\/wp\/v2\/pages\/1190\/revisions\/1191"}],"wp:attachment":[{"href":"https:\/\/demo.piauidigital.pi.gov.br\/home\/wp-json\/wp\/v2\/media?parent=1190"}],"curies":[{"name":"wp","href":"https:\/\/api.w.org\/{rel}","templated":true}]}}