{"id":1192,"date":"2023-11-29T14:19:32","date_gmt":"2023-11-29T14:19:32","guid":{"rendered":"https:\/\/%s.piauidigital.pi.gov.br\/home\/?page_id=1192"},"modified":"2023-11-29T14:19:32","modified_gmt":"2023-11-29T14:19:32","slug":"atualizacao-de-coordenadas-geograficas","status":"publish","type":"page","link":"https:\/\/demo.piauidigital.pi.gov.br\/home\/atualizacao-de-coordenadas-geograficas\/","title":{"rendered":"Atualiza\u00e7\u00e3o de coordenadas geogr\u00e1ficas"},"content":{"rendered":"","protected":false},"excerpt":{"rendered":"","protected":false},"author":1,"featured_media":0,"parent":0,"menu_order":0,"comment_status":"closed","ping_status":"closed","template":"template-parts\/page-junta-comercial.php","meta":{"footnotes":""},"class_list":["post-1192","page","type-page","status-publish","hentry"],"acf":{"servicos":[{"titulo":"Atualiza\u00e7\u00e3o de coordenadas para Matriz","conteudo":"","btn":"https:\/\/%s.piauidigital.pi.gov.br\/s\/consultaprevia\/prepare-primeiro-passo\/","parametros":"{'tipo_empresa':'m','evento[]':'624','tipo_evento':'sefaz','isProd':'1','domain':'https:\/\/%s.piauidigital.pi.gov.br'}","method":"POST","mensagem_modal":"","acesso":["visivel_todos"]},{"titulo":"Atualiza\u00e7\u00e3o de coordenadas para Filial","conteudo":"","btn":"https:\/\/%s.piauidigital.pi.gov.br\/s\/consultaprevia\/prepare-primeiro-passo\/","parametros":"{'tipo_empresa':'f','evento[]':'624','tipo_evento':'sefaz','isProd':'1','domain':'https:\/\/%s.piauidigital.pi.gov.br'}","method":"POST","mensagem_modal":"","acesso":["visivel_todos"]}]},"_links":{"self":[{"href":"https:\/\/demo.piauidigital.pi.gov.br\/home\/wp-json\/wp\/v2\/pages\/1192","targetHints":{"allow":["GET"]}}],"collection":[{"href":"https:\/\/demo.piauidigital.pi.gov.br\/home\/wp-json\/wp\/v2\/pages"}],"about":[{"href":"https:\/\/demo.piauidigital.pi.gov.br\/home\/wp-json\/wp\/v2\/types\/page"}],"author":[{"embeddable":true,"href":"https:\/\/demo.piauidigital.pi.gov.br\/home\/wp-json\/wp\/v2\/users\/1"}],"replies":[{"embeddable":true,"href":"https:\/\/demo.piauidigital.pi.gov.br\/home\/wp-json\/wp\/v2\/comments?post=1192"}],"version-history":[{"count":1,"href":"https:\/\/demo.piauidigital.pi.gov.br\/home\/wp-json\/wp\/v2\/pages\/1192\/revisions"}],"predecessor-version":[{"id":1193,"href":"https:\/\/demo.piauidigital.pi.gov.br\/home\/wp-json\/wp\/v2\/pages\/1192\/revisions\/1193"}],"wp:attachment":[{"href":"https:\/\/demo.piauidigital.pi.gov.br\/home\/wp-json\/wp\/v2\/media?parent=1192"}],"curies":[{"name":"wp","href":"https:\/\/api.w.org\/{rel}","templated":true}]}}