{"id":121,"date":"2023-05-19T18:13:10","date_gmt":"2023-05-19T18:13:10","guid":{"rendered":"http:\/\/%s.piauidigital.pi.gov.br\/?page_id=121"},"modified":"2023-06-05T16:12:54","modified_gmt":"2023-06-05T16:12:54","slug":"sobre-o-portal","status":"publish","type":"page","link":"https:\/\/demo.piauidigital.pi.gov.br\/home\/sobre-o-portal\/","title":{"rendered":"Sobre o Portal"},"content":{"rendered":"<div class=\"row\">\n<article class=\"basic-container\">\n<header>\n<h2 class=\"main-title\"><strong>O QUE \u00c9<\/strong><\/h2>\n<p><strong>O GOV.PI Empresas\u00a0<\/strong> \u00e9 uma ferramenta que faz a integra\u00e7\u00e3o entre os dados cadastrais da Receita Federal do Brasil e os diversos \u00f3rg\u00e3os Estaduais e Municipais que participam do processo de abertura, altera\u00e7\u00e3o e baixa de empresas e as disponibiliza na rede mundial de computadores (internet) em um ambiente integrado, interativo e de f\u00e1cil acesso.<\/p>\n<\/header>\n<\/article>\n<\/div>\n<div class=\"row\">\n<article class=\"basic-container\">\n<header>\n<h3><\/h3>\n<h2 class=\"main-title\"><strong>REDESIM<\/strong><\/h2>\n<\/header>\n<p>A REDESIM &#8211; Rede Nacional para a Simplifica\u00e7\u00e3o do Registro e da Legaliza\u00e7\u00e3o de Empresas e Neg\u00f3cios &#8211; foi criada pela Lei n\u00ba 11.598\/07 para permitir que o cidad\u00e3o abra ou regularize o seu neg\u00f3cio de forma simplificada e sem burocracia.<\/p>\n<p>Na pr\u00e1tica, significa dizer que os \u00f3rg\u00e3os respons\u00e1veis pelo registro e legaliza\u00e7\u00e3o de sua empresa atuar\u00e3o de forma integrada, permitindo a realiza\u00e7\u00e3o de todo o processo por meio de entrada \u00fanica de dados na internet.<\/p>\n<p>A REDESIM \u00e9 administrada pelo Subcomit\u00ea Estadual constitu\u00eddo por \u00f3rg\u00e3os representativos dos munic\u00edpios, do Estado e da sociedade em geral. Conhe\u00e7a mais acessando o link \u201cLEGISLA\u00c7\u00c3O\u201d.<\/p>\n<\/article>\n<\/div>\n<div class=\"row\">\n<article class=\"basic-container\">\n<header>\n<h3><\/h3>\n<h2 class=\"main-title\"><strong>OBJETIVOS<\/strong><\/h2>\n<\/header>\n<p>Facilitar o processo de abertura, altera\u00e7\u00e3o e baixa de empresas no estado, gerando facilidade, seguran\u00e7a e agilidade para o poder p\u00fablico e para o cidad\u00e3o empreendedor.<\/p>\n<ul>\n<li>Redu\u00e7\u00e3o da informalidade;<\/li>\n<li>Redu\u00e7\u00e3o dos custos sociais e econ\u00f4micos da informalidade;<\/li>\n<li>Aumento de competitividade \/ produtividade;<\/li>\n<li>Adequa\u00e7\u00e3o da legisla\u00e7\u00e3o municipal \u00e0s leis federais que regulamentam a atividade empresarial;<\/li>\n<li>Elimina\u00e7\u00e3o da burocracia no processo do registro e legaliza\u00e7\u00e3o de empresas;<\/li>\n<\/ul>\n<\/article>\n<\/div>\n<div class=\"row\">\n<article class=\"basic-container\">\n<header>\n<h3><\/h3>\n<h2 class=\"main-title\"><strong>BENEF\u00cdCIOS<\/strong><\/h2>\n<p>&nbsp;<\/p>\n<\/header>\n<h4 class=\"subtitle-internal\"><strong>EMPREENDEDOR<\/strong><\/h4>\n<ul>\n<li>Redu\u00e7\u00e3o no tempo de abertura de empresas;<\/li>\n<li>Redu\u00e7\u00e3o dos custos de deslocamento, duplicidade de a\u00e7\u00f5es, entrega de documenta\u00e7\u00f5es, etc;<\/li>\n<li>Ambiente \u00fanico, simples, seguro, interativo e com r\u00e1pido retorno para as solicita\u00e7\u00f5es;<\/li>\n<li>Informa\u00e7\u00f5es e orienta\u00e7\u00f5es consolidadas na internet, pagamento de taxas e tributos em meio eletr\u00f4nico, informatiza\u00e7\u00e3o das obriga\u00e7\u00f5es acess\u00f3rias.<\/li>\n<\/ul>\n<h4 class=\"subtitle-internal\"><strong>MUNIC\u00cdPIOS<\/strong><\/h4>\n<ul>\n<li>Otimiza\u00e7\u00e3o de recursos para o processo de abertura, manuten\u00e7\u00e3o e baixa de empresas;<\/li>\n<li>Padroniza\u00e7\u00e3o da legisla\u00e7\u00e3o tribut\u00e1ria municipal, automatiza\u00e7\u00e3o e melhoria de processos;<\/li>\n<li>Apoio e racionaliza\u00e7\u00e3o \u00e0s a\u00e7\u00f5es de fiscaliza\u00e7\u00e3o.<\/li>\n<\/ul>\n<h4 class=\"subtitle-internal\"><strong>SOCIEDADE<\/strong><\/h4>\n<ul>\n<li>Redu\u00e7\u00e3o da economia informal;<\/li>\n<li>Satisfa\u00e7\u00e3o e maior probabilidade de sucesso ao cidad\u00e3o empreendedor;<\/li>\n<li>Cria\u00e7\u00e3o de empregos formais;<\/li>\n<li>Acesso do Micro Empreendedor Individual \u00e0 previd\u00eancia social;<\/li>\n<li>Crescimento da produtividade aliada ao desenvolvimento sustent\u00e1vel;<\/li>\n<li>Crescimento econ\u00f4mico.<\/li>\n<\/ul>\n<\/article>\n<\/div>\n","protected":false},"excerpt":{"rendered":"<p>O QUE \u00c9 O GOV.PI Empresas\u00a0 \u00e9 uma ferramenta que faz a integra\u00e7\u00e3o entre os dados cadastrais da Receita Federal do Brasil e os diversos \u00f3rg\u00e3os Estaduais e Municipais que participam do processo de abertura, altera\u00e7\u00e3o e baixa de empresas e as disponibiliza na rede mundial de computadores (internet) em um ambiente integrado, interativo e [&hellip;]<\/p>\n","protected":false},"author":1,"featured_media":0,"parent":0,"menu_order":0,"comment_status":"closed","ping_status":"closed","template":"","meta":{"footnotes":""},"class_list":["post-121","page","type-page","status-publish","hentry"],"acf":[],"_links":{"self":[{"href":"https:\/\/demo.piauidigital.pi.gov.br\/home\/wp-json\/wp\/v2\/pages\/121","targetHints":{"allow":["GET"]}}],"collection":[{"href":"https:\/\/demo.piauidigital.pi.gov.br\/home\/wp-json\/wp\/v2\/pages"}],"about":[{"href":"https:\/\/demo.piauidigital.pi.gov.br\/home\/wp-json\/wp\/v2\/types\/page"}],"author":[{"embeddable":true,"href":"https:\/\/demo.piauidigital.pi.gov.br\/home\/wp-json\/wp\/v2\/users\/1"}],"replies":[{"embeddable":true,"href":"https:\/\/demo.piauidigital.pi.gov.br\/home\/wp-json\/wp\/v2\/comments?post=121"}],"version-history":[{"count":5,"href":"https:\/\/demo.piauidigital.pi.gov.br\/home\/wp-json\/wp\/v2\/pages\/121\/revisions"}],"predecessor-version":[{"id":893,"href":"https:\/\/demo.piauidigital.pi.gov.br\/home\/wp-json\/wp\/v2\/pages\/121\/revisions\/893"}],"wp:attachment":[{"href":"https:\/\/demo.piauidigital.pi.gov.br\/home\/wp-json\/wp\/v2\/media?parent=121"}],"curies":[{"name":"wp","href":"https:\/\/api.w.org\/{rel}","templated":true}]}}