{"id":139,"date":"2023-05-22T17:52:38","date_gmt":"2023-05-22T17:52:38","guid":{"rendered":"http:\/\/%s.piauidigital.pi.gov.br\/?page_id=139"},"modified":"2023-11-22T13:52:19","modified_gmt":"2023-11-22T13:52:19","slug":"alteracao-de-empresa","status":"publish","type":"page","link":"https:\/\/demo.piauidigital.pi.gov.br\/home\/alteracao-de-empresa\/","title":{"rendered":"Altera\u00e7\u00e3o de Empresa"},"content":{"rendered":"","protected":false},"excerpt":{"rendered":"","protected":false},"author":1,"featured_media":0,"parent":0,"menu_order":0,"comment_status":"closed","ping_status":"closed","template":"template-parts\/page-junta-comercial.php","meta":{"footnotes":""},"class_list":["post-139","page","type-page","status-publish","hentry"],"acf":{"servicos":[{"titulo":"Altera\u00e7\u00e3o de Matriz","conteudo":"Trata-se do acesso a listagem dos eventos de altera\u00e7\u00e3o cadastral da matriz","btn":"https:\/\/%s.piauidigital.pi.gov.br\/s\/consultaprevia\/lista-eventos-alteracao","parametros":"{'x_tipo_empresa':'m','x_tipo_evento':'al','evento_empresa':'eventos-matriz','domain':'https:\/\/%s.piauidigital.pi.gov.br'}","method":"POST","mensagem_modal":"","acesso":["visivel_todos"]},{"titulo":"Altera\u00e7\u00e3o com Absor\u00e7\u00e3o de Parte Cindida","conteudo":"Trata-se do acesso a listagem dos eventos de altera\u00e7\u00e3o cadastral da matriz utilizando utilizando em seu capital social uma parte ou todo capital de uma empresa cindida","btn":"https:\/\/%s.piauidigital.pi.gov.br\/s\/consultaprevia\/lista-eventos-alteracao","parametros":"{'x_tipo_empresa':'m','x_tipo_evento':'al','evento_empresa':'eventos-matriz','domain':'https:\/\/%s.piauidigital.pi.gov.br','evento':'247','cisao_alteracao':'true'}","method":"POST","mensagem_modal":"","acesso":["visivel_todos"]},{"titulo":"Altera\u00e7\u00e3o de uma Filial no Brasil","conteudo":"Trata-se do acesso a listagem dos eventos de altera\u00e7\u00e3o cadastral da filial no Brasil","btn":"https:\/\/%s.piauidigital.pi.gov.br\/s\/consultaprevia\/lista-eventos-alteracao","parametros":"{'x_tipo_empresa':'f','x_tipo_evento':'al','evento_empresa':'eventos-filial','domain':'https:\/\/%s.piauidigital.pi.gov.br'}","method":"POST","mensagem_modal":"","acesso":["visivel_todos"]},{"titulo":"Altera\u00e7\u00e3o de uma Filial em outro Pa\u00eds","conteudo":"Trata-se do acesso a listagem dos eventos de altera\u00e7\u00e3o cadastral da filial fora do Brasil","btn":"https:\/\/%s.piauidigital.pi.gov.br\/evento-exclusivo\/capa-processo\/","parametros":"{'evento-siarco':'033','tp-evento':'cpp','ato-siarco[]':'{017,018,002,007,008,016,006}','evento-redesim':'953','isProd':'1'}","method":"GET","mensagem_modal":"","acesso":["visivel_todos"]}]},"_links":{"self":[{"href":"https:\/\/demo.piauidigital.pi.gov.br\/home\/wp-json\/wp\/v2\/pages\/139","targetHints":{"allow":["GET"]}}],"collection":[{"href":"https:\/\/demo.piauidigital.pi.gov.br\/home\/wp-json\/wp\/v2\/pages"}],"about":[{"href":"https:\/\/demo.piauidigital.pi.gov.br\/home\/wp-json\/wp\/v2\/types\/page"}],"author":[{"embeddable":true,"href":"https:\/\/demo.piauidigital.pi.gov.br\/home\/wp-json\/wp\/v2\/users\/1"}],"replies":[{"embeddable":true,"href":"https:\/\/demo.piauidigital.pi.gov.br\/home\/wp-json\/wp\/v2\/comments?post=139"}],"version-history":[{"count":4,"href":"https:\/\/demo.piauidigital.pi.gov.br\/home\/wp-json\/wp\/v2\/pages\/139\/revisions"}],"predecessor-version":[{"id":1163,"href":"https:\/\/demo.piauidigital.pi.gov.br\/home\/wp-json\/wp\/v2\/pages\/139\/revisions\/1163"}],"wp:attachment":[{"href":"https:\/\/demo.piauidigital.pi.gov.br\/home\/wp-json\/wp\/v2\/media?parent=139"}],"curies":[{"name":"wp","href":"https:\/\/api.w.org\/{rel}","templated":true}]}}