{"id":146,"date":"2023-05-22T18:00:54","date_gmt":"2023-05-22T18:00:54","guid":{"rendered":"http:\/\/%s.piauidigital.pi.gov.br\/?page_id=146"},"modified":"2023-06-04T00:45:04","modified_gmt":"2023-06-04T00:45:04","slug":"fusao-cisao-incorporacao","status":"publish","type":"page","link":"https:\/\/demo.piauidigital.pi.gov.br\/home\/fusao-cisao-incorporacao\/","title":{"rendered":"Fus\u00e3o\/Cis\u00e3o ou Incorpora\u00e7\u00e3o"},"content":{"rendered":"","protected":false},"excerpt":{"rendered":"","protected":false},"author":1,"featured_media":0,"parent":0,"menu_order":0,"comment_status":"closed","ping_status":"closed","template":"template-parts\/page-junta-comercial.php","meta":{"footnotes":""},"class_list":["post-146","page","type-page","status-publish","hentry"],"acf":{"servicos":[{"titulo":"Fus\u00e3o","conteudo":"Trata-se da extin\u00e7\u00e3o da matriz por meio da fus\u00e3o de outras empresas","btn":"https:\/\/%s.piauidigital.pi.gov.br\/s\/consultaprevia\/prepare-primeiro-passo\/","parametros":"{'tipo_empresa':'m','tipo_evento':'ab','evento':'959','fusao':'true'}","method":"POST","mensagem_modal":"","acesso":["visivel_todos"]},{"titulo":"Cis\u00e3o","conteudo":"Trata-se da separa\u00e7\u00e3o total ou parcial da empresa por meio da cis\u00e3o","btn":"cisao","parametros":"","method":"POST","mensagem_modal":"","acesso":["visivel_todos"]},{"titulo":"Incorpora\u00e7\u00e3o","conteudo":"Trata-se da incorpora\u00e7\u00e3o de outras empresas","btn":"https:\/\/%s.piauidigital.pi.gov.br\/s\/consultaprevia\/lista-eventos-alteracao","parametros":"{'x_tipo_empresa':'m','x_tipo_evento':'al','evento_empresa':'eventos-matriz','domain':'https:\/\/%s.piauidigital.pi.gov.br','evento':'743'}","method":"POST","mensagem_modal":"","acesso":["visivel_todos"]}]},"_links":{"self":[{"href":"https:\/\/demo.piauidigital.pi.gov.br\/home\/wp-json\/wp\/v2\/pages\/146","targetHints":{"allow":["GET"]}}],"collection":[{"href":"https:\/\/demo.piauidigital.pi.gov.br\/home\/wp-json\/wp\/v2\/pages"}],"about":[{"href":"https:\/\/demo.piauidigital.pi.gov.br\/home\/wp-json\/wp\/v2\/types\/page"}],"author":[{"embeddable":true,"href":"https:\/\/demo.piauidigital.pi.gov.br\/home\/wp-json\/wp\/v2\/users\/1"}],"replies":[{"embeddable":true,"href":"https:\/\/demo.piauidigital.pi.gov.br\/home\/wp-json\/wp\/v2\/comments?post=146"}],"version-history":[{"count":1,"href":"https:\/\/demo.piauidigital.pi.gov.br\/home\/wp-json\/wp\/v2\/pages\/146\/revisions"}],"predecessor-version":[{"id":872,"href":"https:\/\/demo.piauidigital.pi.gov.br\/home\/wp-json\/wp\/v2\/pages\/146\/revisions\/872"}],"wp:attachment":[{"href":"https:\/\/demo.piauidigital.pi.gov.br\/home\/wp-json\/wp\/v2\/media?parent=146"}],"curies":[{"name":"wp","href":"https:\/\/api.w.org\/{rel}","templated":true}]}}