{"id":150,"date":"2023-05-22T18:03:58","date_gmt":"2023-05-22T18:03:58","guid":{"rendered":"http:\/\/%s.piauidigital.pi.gov.br\/?page_id=150"},"modified":"2023-06-04T00:51:39","modified_gmt":"2023-06-04T00:51:39","slug":"cisao","status":"publish","type":"page","link":"https:\/\/demo.piauidigital.pi.gov.br\/home\/cisao\/","title":{"rendered":"Cis\u00e3o"},"content":{"rendered":"","protected":false},"excerpt":{"rendered":"","protected":false},"author":1,"featured_media":0,"parent":0,"menu_order":0,"comment_status":"closed","ping_status":"closed","template":"template-parts\/page-junta-comercial.php","meta":{"footnotes":""},"class_list":["post-150","page","type-page","status-publish","hentry"],"acf":{"servicos":[{"titulo":"Absor\u00e7\u00e3o de Parte Cindida","conteudo":"Trata-se do recebimento total ou parcial do capital de uma empresa cindida","btn":"absorcao-de-parte-cindida","parametros":"","method":"POST","mensagem_modal":"","acesso":["visivel_todos"]},{"titulo":"Cis\u00e3o Total","conteudo":"Trata-se da extin\u00e7\u00e3o da empresa por meio da cis\u00e3o total","btn":"https:\/\/%s.piauidigital.pi.gov.br\/s\/consultaprevia\/prepare-primeiro-passo\/","parametros":"{'tipo_empresa':'m','tipo_evento':'ba','isProd':'1','domain':'https:\/\/%s.piauidigital.pi.gov.br','cisao_baixa':'true'}","method":"POST","mensagem_modal":"","acesso":["visivel_todos"]},{"titulo":"Cis\u00e3o parcial","conteudo":"Trata-se da transfer\u00eancia de parte do capital social para outra empresa por meio da cis\u00e3o","btn":"https:\/\/%s.piauidigital.pi.gov.br\/s\/consultaprevia\/lista-eventos-alteracao","parametros":"{'x_tipo_empresa':'m','x_tipo_evento':'al','evento_empresa':'eventos-matriz','domain':'https:\/\/%s.piauidigital.pi.gov.br','evento':'204','cisao_alteracao':'true'}","method":"POST","mensagem_modal":"","acesso":["visivel_todos"]}]},"_links":{"self":[{"href":"https:\/\/demo.piauidigital.pi.gov.br\/home\/wp-json\/wp\/v2\/pages\/150","targetHints":{"allow":["GET"]}}],"collection":[{"href":"https:\/\/demo.piauidigital.pi.gov.br\/home\/wp-json\/wp\/v2\/pages"}],"about":[{"href":"https:\/\/demo.piauidigital.pi.gov.br\/home\/wp-json\/wp\/v2\/types\/page"}],"author":[{"embeddable":true,"href":"https:\/\/demo.piauidigital.pi.gov.br\/home\/wp-json\/wp\/v2\/users\/1"}],"replies":[{"embeddable":true,"href":"https:\/\/demo.piauidigital.pi.gov.br\/home\/wp-json\/wp\/v2\/comments?post=150"}],"version-history":[{"count":1,"href":"https:\/\/demo.piauidigital.pi.gov.br\/home\/wp-json\/wp\/v2\/pages\/150\/revisions"}],"predecessor-version":[{"id":873,"href":"https:\/\/demo.piauidigital.pi.gov.br\/home\/wp-json\/wp\/v2\/pages\/150\/revisions\/873"}],"wp:attachment":[{"href":"https:\/\/demo.piauidigital.pi.gov.br\/home\/wp-json\/wp\/v2\/media?parent=150"}],"curies":[{"name":"wp","href":"https:\/\/api.w.org\/{rel}","templated":true}]}}