{"id":16,"date":"2023-05-10T16:08:37","date_gmt":"2023-05-10T16:08:37","guid":{"rendered":"http:\/\/%s.piauidigital.pi.gov.br\/?page_id=16"},"modified":"2023-06-06T11:54:06","modified_gmt":"2023-06-06T11:54:06","slug":"abertura-de-empresa","status":"publish","type":"page","link":"https:\/\/demo.piauidigital.pi.gov.br\/home\/abertura-de-empresa\/","title":{"rendered":"Abertura de Empresa"},"content":{"rendered":"","protected":false},"excerpt":{"rendered":"","protected":false},"author":1,"featured_media":0,"parent":0,"menu_order":0,"comment_status":"closed","ping_status":"closed","template":"template-parts\/page-junta-comercial.php","meta":{"footnotes":""},"class_list":["post-16","page","type-page","status-publish","hentry"],"acf":{"servicos":[{"titulo":"Abertura de Matriz","conteudo":"Trata-se da abertura do primeiro estabelecimento da empresa","btn":"https:\/\/%s.piauidigital.pi.gov.br\/s\/consultaprevia\/prepare-primeiro-passo\/","parametros":"{'tipo_empresa':'m','tipo_evento':'ab','isProd':'1','domain':'https:\/\/%s.piauidigital.pi.gov.br\/'}","method":"POST","mensagem_modal":"","acesso":["visivel_todos"]},{"titulo":"Abertura de Startup","conteudo":"Trata-se da abertura do primeiro estabelecimento da Startup","btn":"https:\/\/%s.piauidigital.pi.gov.br\/s\/consultaprevia\/prepare-primeiro-passo\/","parametros":"{'tipo_empresa':'m','tipo_evento':'ab','isProd':'1','domain':'https:\/\/%s.piauidigital.pi.gov.br\/'}","method":"POST","mensagem_modal":"","acesso":["visivel_todos"]},{"titulo":"Abertura com Absor\u00e7\u00e3o de Parte Cindida","conteudo":"Trata-se da abertura do primeiro estabelecimento da empresa utilizando em seu capital social uma parte ou todo capital de uma empresa cindida","btn":"https:\/\/%s.piauidigital.pi.gov.br\/s\/consultaprevia\/prepare-primeiro-passo\/","parametros":"{'tipo_empresa':'m','tipo_evento':'ab','isProd':'1','domain':'https:\/\/%s.piauidigital.pi.gov.br','cisao_parte_cindida':'true'}","method":"POST","mensagem_modal":"","acesso":["visivel_todos"]},{"titulo":"Abertura de uma Filial no Brasil","conteudo":"Trata-se da abertura de demais estabelecimentos da empresa no Brasil","btn":"https:\/\/%s.piauidigital.pi.gov.br\/s\/consultaprevia\/prepare-primeiro-passo\/","parametros":"{'tipo_empresa':'f','tipo_evento':'ab','isProd':'1','domain':'https:\/\/%s.piauidigital.pi.gov.br'}","method":"POST","mensagem_modal":"","acesso":["visivel_todos"]},{"titulo":"Abertura de uma Filial em outro Pais","conteudo":"Trata-se da abertura de demais estabelecimentos da empresa fora do Brasil","btn":"https:\/\/%s.piauidigital.pi.gov.br\/evento-exclusivo\/capa-processo\/","parametros":"{'eventos-junta':'abertura-filial-outro-pais','tp-evento':'cpp','ato-siarco[]':'{002, 007, 008, 006, 016, 017, 018}','evento-siarco':'032','evento-redesim':'953'}","method":"POST","mensagem_modal":"","acesso":["visivel_todos"]},{"titulo":"Nacionaliza\u00e7\u00e3o","conteudo":"Trata-se do evento de nacionaliza\u00e7\u00e3o","btn":"https:\/\/%s.piauidigital.pi.gov.br\/evento-exclusivo\/capa-processo\/","parametros":"{'eventos-junta':'menu-abertura','tp-evento':'cpp','ato-siarco[]':'103','evento-siarco':'103'}","method":"POST","mensagem_modal":"","acesso":["visivel_todos"]}]},"_links":{"self":[{"href":"https:\/\/demo.piauidigital.pi.gov.br\/home\/wp-json\/wp\/v2\/pages\/16","targetHints":{"allow":["GET"]}}],"collection":[{"href":"https:\/\/demo.piauidigital.pi.gov.br\/home\/wp-json\/wp\/v2\/pages"}],"about":[{"href":"https:\/\/demo.piauidigital.pi.gov.br\/home\/wp-json\/wp\/v2\/types\/page"}],"author":[{"embeddable":true,"href":"https:\/\/demo.piauidigital.pi.gov.br\/home\/wp-json\/wp\/v2\/users\/1"}],"replies":[{"embeddable":true,"href":"https:\/\/demo.piauidigital.pi.gov.br\/home\/wp-json\/wp\/v2\/comments?post=16"}],"version-history":[{"count":5,"href":"https:\/\/demo.piauidigital.pi.gov.br\/home\/wp-json\/wp\/v2\/pages\/16\/revisions"}],"predecessor-version":[{"id":975,"href":"https:\/\/demo.piauidigital.pi.gov.br\/home\/wp-json\/wp\/v2\/pages\/16\/revisions\/975"}],"wp:attachment":[{"href":"https:\/\/demo.piauidigital.pi.gov.br\/home\/wp-json\/wp\/v2\/media?parent=16"}],"curies":[{"name":"wp","href":"https:\/\/api.w.org\/{rel}","templated":true}]}}