{"id":169,"date":"2023-05-22T18:31:41","date_gmt":"2023-05-22T18:31:41","guid":{"rendered":"http:\/\/%s.piauidigital.pi.gov.br\/?page_id=169"},"modified":"2024-06-17T14:26:43","modified_gmt":"2024-06-17T14:26:43","slug":"certidao","status":"publish","type":"page","link":"https:\/\/demo.piauidigital.pi.gov.br\/home\/certidao\/","title":{"rendered":"Certid\u00e3o"},"content":{"rendered":"","protected":false},"excerpt":{"rendered":"","protected":false},"author":1,"featured_media":0,"parent":0,"menu_order":0,"comment_status":"closed","ping_status":"closed","template":"template-parts\/page-junta-comercial.php","meta":{"footnotes":""},"class_list":["post-169","page","type-page","status-publish","hentry"],"acf":{"servicos":[{"titulo":"Acompanhar Certid\u00e3o","conteudo":"","btn":"https:\/\/%s.piauidigital.pi.gov.br\/certidao-online\/lista-solicitacao","parametros":"","method":"GET","mensagem_modal":"","acesso":["visivel_todos"]},{"titulo":"Certid\u00e3o Simplificada","conteudo":"Trata-se da certid\u00e3o simplificada da Empresa","btn":"https:\/\/%s.piauidigital.pi.gov.br\/s\/consultaprevia\/prepare-primeiro-passo\/","parametros":"{'tipo_empresa':'mf','tipo_evento':'cs','evento[]':'650'}","method":"POST","mensagem_modal":"","acesso":["visivel_todos"]},{"titulo":"Certid\u00e3o Espec\u00edfica de Participa\u00e7\u00e3o Societ\u00e1ria de Pessoa Jur\u00eddica em Sociedade (exceto S.A e Cooperativas)","conteudo":"Trata-se da certid\u00e3o de Partiticpa\u00e7\u00e3o Societ\u00e1ria de Pessoa Juridica em Sociedade","btn":"https:\/\/%s.piauidigital.pi.gov.br\/s\/consultaprevia\/prepare-primeiro-passo\/","parametros":"{'tipo_empresa':'mf','tipo_evento':'cepj','evento[]':'652'}","method":"POST","mensagem_modal":"","acesso":["visivel_todos"]},{"titulo":"Certid\u00e3o Espec\u00edfica de Exist\u00eancia de Empresa Registrada na Junta Comercial (hist\u00f3rico de ato arquivado)","conteudo":"Certid\u00e3o Espec\u00edfica de Exist\u00eancia de Empresa Registrada na Junta Comercial (hist\u00f3rico de ato arquivado)","btn":"https:\/\/%s.piauidigital.pi.gov.br\/s\/consultaprevia\/prepare-primeiro-passo\/","parametros":"{'tipo_empresa':'mf','tipo_evento':'historico','evento[]':'653'}","method":"POST","mensagem_modal":"","acesso":["visivel_todos"]},{"titulo":"Certid\u00e3o Espec\u00edfica a Definir Relato","conteudo":"Trata-se da certid\u00e3o a Definir Relato","btn":"https:\/\/%s.piauidigital.pi.gov.br\/certidao-online\/definir?tipo_evento=definir&evento[]=654","parametros":"","method":"POST","mensagem_modal":"","acesso":["visivel_todos"]},{"titulo":"Certid\u00e3o Espec\u00edfica de Livros","conteudo":"Trata-se de certid\u00e3o que lista o(s) livro(s) autenticado(s) pela empresa na Junta Comercial","btn":"https:\/\/%s.piauidigital.pi.gov.br\/certidao-online\/livro","parametros":"","method":"POST","mensagem_modal":"","acesso":["visivel_todos"]},{"titulo":"Certid\u00e3o Espec\u00edfica Armaz\u00e9ns Gerais","conteudo":"Trata-se de certid\u00e3o  de informa\u00e7\u00f5es cadastrais de empresas de Armaz\u00e9ns Gerais","btn":"https:\/\/%s.piauidigital.pi.gov.br\/certidao-online\/armazem","parametros":"","method":"POST","mensagem_modal":"","acesso":["visivel_todos"]},{"titulo":"Certid\u00e3o Espec\u00edfica Exist\u00eancia de Empresas em Nome de Pessoas F\u00edsicas e\/ou Participa\u00e7\u00e3o de Empresas","conteudo":"Trata-se de certid\u00e3o que determinada pessoa f\u00edsica (CPF) fez ou faz parte do quadro societ\u00e1rio (QSA), perante a Junta Comercial","btn":"https:\/\/%s.piauidigital.pi.gov.br\/s\/consultaprevia\/prepare-primeiro-passo\/","parametros":"{'tipo_empresa':'mf','tipo_evento':'cepf','evento[]':'651'}","method":"POST","mensagem_modal":"","acesso":["visivel_todos"]},{"titulo":"Certid\u00e3o Espec\u00edfica da Linha do Tempo do Quadro de S\u00f3cios e Administradores","conteudo":"Trata-se de certid\u00e3o que lista o quadro societ\u00e1rio de determinada empresa em um per\u00edodo de tempo","btn":"https:\/\/%s.piauidigital.pi.gov.br\/s\/consultaprevia\/prepare-primeiro-passo\/","parametros":"{'tipo_empresa':'mf','tipo_evento':'celt','evento[]':'648'}","method":"POST","mensagem_modal":"","acesso":["visivel_todos"]},{"titulo":"Certid\u00e3o Espec\u00edfica de Livro de Leiloeiros","conteudo":"Trata-se de Certid\u00e3o Espec\u00edfica de Livro de Leiloeiros perante a Junta Comercial","btn":"https:\/\/%s.piauidigital.pi.gov.br\/certidao-online\/livro-leiloeiro","parametros":"{'tipo_evento':'cell','evento[]':'661'}","method":"POST","mensagem_modal":"","acesso":["visivel_todos"]},{"titulo":"Certid\u00e3o Espec\u00edfica de Leiloeiro","conteudo":"Constitui-se de relato descritivo de arquivamentos relativos ao Leiloeiro. Na certid\u00e3o ser\u00e3o certificadas as informa\u00e7\u00f5es constantes do pedido apresentado pelo requerente","btn":"https:\/\/%s.piauidigital.pi.gov.br\/certidao-online\/leiloeiro-pregoeiro","parametros":"","method":"POST","mensagem_modal":"","acesso":["visivel_todos"]},{"titulo":"Certid\u00e3o Matr\u00edcula de Leiloeiro","conteudo":"Certifica a situa\u00e7\u00e3o do Leiloeiro perante a Junta Comercial","btn":"https:\/\/%s.piauidigital.pi.gov.br\/certidao-online\/matricula-leiloeiro","parametros":"{'evento[]':'650'}","method":"GET","mensagem_modal":"","acesso":["visivel_todos"]},{"titulo":"Certid\u00e3o Espec\u00edfica de Tradutor","conteudo":"Trata-se de certid\u00e3o que certifica a situa\u00e7\u00e3o do Tradutor perante a Junta Comercial","btn":"https:\/\/%s.piauidigital.pi.gov.br\/certidao-online\/tradutor","parametros":"","method":"POST","mensagem_modal":"","acesso":["visivel_todos"]},{"titulo":"Certid\u00e3o Espec\u00edfica de \u00d4nus","conteudo":"Trata-se de certid\u00e3o que lista os \u00d4nus de determinada empresa","btn":"https:\/\/%s.piauidigital.pi.gov.br\/s\/consultaprevia\/prepare-primeiro-passo\/","parametros":"{'tipo_empresa':'mf','tipo_evento':'ceo','evento[]':'649'}","method":"POST","mensagem_modal":"","acesso":["visivel_todos"]},{"titulo":"Certid\u00e3o Inteiro Teor (Fotoc\u00f3pia)","conteudo":"Trata-se de certid\u00e3o de c\u00f3pia reprogr\u00e1fica ou digitalizada, certificada, do(s) ato(s) arquivado(s) perante a Junta Comercial","btn":"https:\/\/%s.piauidigital.pi.gov.br\/certidao-online\/inteiro-teor?tipo_evento=cs&evento[]=655","parametros":"{'tipo_evento':'cs','evento[]':'655'}","method":"GET","mensagem_modal":"","acesso":["visivel_todos"]},{"titulo":"Certid\u00e3o de Escritura de Constitui\u00e7\u00e3o","conteudo":"","btn":"https:\/\/%s.piauidigital.pi.gov.br\/evento-exclusivo\/capa-processo\/","parametros":"{'eventos-junta':'menu-certidao','tp-evento':'cpp','ato-siarco[]':'{004}','evento-siarco':'004','evento-redesim':'953'}","method":"GET","mensagem_modal":"","acesso":["visivel_todos"]}]},"_links":{"self":[{"href":"https:\/\/demo.piauidigital.pi.gov.br\/home\/wp-json\/wp\/v2\/pages\/169","targetHints":{"allow":["GET"]}}],"collection":[{"href":"https:\/\/demo.piauidigital.pi.gov.br\/home\/wp-json\/wp\/v2\/pages"}],"about":[{"href":"https:\/\/demo.piauidigital.pi.gov.br\/home\/wp-json\/wp\/v2\/types\/page"}],"author":[{"embeddable":true,"href":"https:\/\/demo.piauidigital.pi.gov.br\/home\/wp-json\/wp\/v2\/users\/1"}],"replies":[{"embeddable":true,"href":"https:\/\/demo.piauidigital.pi.gov.br\/home\/wp-json\/wp\/v2\/comments?post=169"}],"version-history":[{"count":5,"href":"https:\/\/demo.piauidigital.pi.gov.br\/home\/wp-json\/wp\/v2\/pages\/169\/revisions"}],"predecessor-version":[{"id":1341,"href":"https:\/\/demo.piauidigital.pi.gov.br\/home\/wp-json\/wp\/v2\/pages\/169\/revisions\/1341"}],"wp:attachment":[{"href":"https:\/\/demo.piauidigital.pi.gov.br\/home\/wp-json\/wp\/v2\/media?parent=169"}],"curies":[{"name":"wp","href":"https:\/\/api.w.org\/{rel}","templated":true}]}}