{"id":178,"date":"2023-05-23T12:49:14","date_gmt":"2023-05-23T12:49:14","guid":{"rendered":"http:\/\/%s.piauidigital.pi.gov.br\/?page_id=178"},"modified":"2023-06-04T01:08:42","modified_gmt":"2023-06-04T01:08:42","slug":"sefaz","status":"publish","type":"page","link":"https:\/\/demo.piauidigital.pi.gov.br\/home\/sefaz\/","title":{"rendered":"SEFAZ"},"content":{"rendered":"","protected":false},"excerpt":{"rendered":"","protected":false},"author":1,"featured_media":0,"parent":0,"menu_order":0,"comment_status":"closed","ping_status":"closed","template":"template-parts\/page-junta-comercial.php","meta":{"footnotes":""},"class_list":["post-178","page","type-page","status-publish","hentry"],"acf":{"servicos":[{"titulo":"Cadastro","conteudo":"Trata-se do acesso a listagem dos eventos de Cadastro","btn":"sefaz-cadastro","parametros":"","method":"POST","mensagem_modal":"","acesso":["visivel_todos"]},{"titulo":"Documentos Fiscais","conteudo":"Trata-se do acesso a listagem dos eventos dos Documentos Fiscais","btn":"sefaz-documentos-fiscais","parametros":"","method":"POST","mensagem_modal":"","acesso":["visivel_todos"]},{"titulo":"E-AGEAT","conteudo":"Trata-se do acesso a listagem dos eventos de E-AGEAT","btn":"sefaz-eageat","parametros":"","method":"POST","mensagem_modal":"","acesso":["visivel_todos"]},{"titulo":"Informa\u00e7\u00f5es\/Consultas","conteudo":"Trata-se do acesso a listagem dos eventos","btn":"sefaz-informacoes-consultas","parametros":"","method":"POST","mensagem_modal":"","acesso":["visivel_todos"]},{"titulo":"IPVA","conteudo":"Trata-se da notifica\u00e7\u00e3o, pagamento, situa\u00e7\u00e3o do ve\u00edculo e isen\u00e7\u00e3o","btn":"sefaz-ipva","parametros":"","method":"POST","mensagem_modal":"","acesso":["visivel_todos"]},{"titulo":"ITCMD","conteudo":"Trata-se da solicita\u00e7\u00e3o de declara\u00e7\u00e3o, consulta, retifica\u00e7\u00e3o, etc.","btn":"https:\/\/webas.sefaz.pi.gov.br\/itcmd\/faces\/views\/consulta\/autenticacao.xhtml ","parametros":"","method":"POST","mensagem_modal":"","acesso":["visivel_todos"]},{"titulo":"Programa Nota Piauiense","conteudo":"Trata-se do cadastro e consultas no Programa da Nota Piauiense - CPF na Nota","btn":"https:\/\/portal.sefaz.pi.gov.br\/notapiauiense\/","parametros":"","method":"POST","mensagem_modal":"","acesso":["visivel_todos"]},{"titulo":"Taxas Estaduais","conteudo":"Trata-se do acesso a listagem dos eventos das Taxas Estaduais","btn":"sefaz-taxas-estaduais","parametros":"","method":"POST","mensagem_modal":"","acesso":["visivel_todos"]}]},"_links":{"self":[{"href":"https:\/\/demo.piauidigital.pi.gov.br\/home\/wp-json\/wp\/v2\/pages\/178","targetHints":{"allow":["GET"]}}],"collection":[{"href":"https:\/\/demo.piauidigital.pi.gov.br\/home\/wp-json\/wp\/v2\/pages"}],"about":[{"href":"https:\/\/demo.piauidigital.pi.gov.br\/home\/wp-json\/wp\/v2\/types\/page"}],"author":[{"embeddable":true,"href":"https:\/\/demo.piauidigital.pi.gov.br\/home\/wp-json\/wp\/v2\/users\/1"}],"replies":[{"embeddable":true,"href":"https:\/\/demo.piauidigital.pi.gov.br\/home\/wp-json\/wp\/v2\/comments?post=178"}],"version-history":[{"count":5,"href":"https:\/\/demo.piauidigital.pi.gov.br\/home\/wp-json\/wp\/v2\/pages\/178\/revisions"}],"predecessor-version":[{"id":877,"href":"https:\/\/demo.piauidigital.pi.gov.br\/home\/wp-json\/wp\/v2\/pages\/178\/revisions\/877"}],"wp:attachment":[{"href":"https:\/\/demo.piauidigital.pi.gov.br\/home\/wp-json\/wp\/v2\/media?parent=178"}],"curies":[{"name":"wp","href":"https:\/\/api.w.org\/{rel}","templated":true}]}}