{"id":180,"date":"2023-05-23T12:50:12","date_gmt":"2023-05-23T12:50:12","guid":{"rendered":"http:\/\/%s.piauidigital.pi.gov.br\/?page_id=180"},"modified":"2024-07-03T18:55:38","modified_gmt":"2024-07-03T18:55:38","slug":"bombeiros","status":"publish","type":"page","link":"https:\/\/demo.piauidigital.pi.gov.br\/home\/bombeiros\/","title":{"rendered":"Bombeiros"},"content":{"rendered":"","protected":false},"excerpt":{"rendered":"","protected":false},"author":1,"featured_media":0,"parent":0,"menu_order":0,"comment_status":"closed","ping_status":"closed","template":"template-parts\/page-junta-comercial.php","meta":{"footnotes":""},"class_list":["post-180","page","type-page","status-publish","hentry"],"acf":{"servicos":[{"titulo":"Renova\u00e7\u00e3o","conteudo":"Trata-se da renova\u00e7\u00e3o das licen\u00e7as dos bombeiros para o estabelecimento da matriz e filial","btn":"bombeiro-renovacao","parametros":"","method":"POST","mensagem_modal":"","acesso":["visivel_todos"]},{"titulo":"Regulariza\u00e7\u00e3o","conteudo":"Trata-se da regulariza\u00e7\u00e3o das licen\u00e7as dos bombeiros para o estabelecimento de matriz e filial","btn":"bombeiro-regularizacao","parametros":"","method":"POST","mensagem_modal":"","acesso":["visivel_todos"]},{"titulo":"Certid\u00e3o de ocorr\u00eancia","conteudo":"Trata-se do documento emitido pelo CBMEPI que comprova o atendimento de ocorr\u00eancias a uma pessoa ou estabelecimento","btn":"http:\/\/www.cbm.pi.gov.br\/ocorrencia.php","parametros":"","method":"POST","mensagem_modal":"","acesso":["visivel_todos"]},{"titulo":"Credenciamento de Pessoa F\u00edsica","conteudo":"","btn":"credenciamento-pessoa-fisica","parametros":"","method":"POST","mensagem_modal":"","acesso":["visivel_todos"]},{"titulo":"Credenciamento de Pessoa Jur\u00eddica","conteudo":"","btn":"credenciamento-pessoa-juridica","parametros":"","method":"POST","mensagem_modal":"","acesso":["visivel_todos"]},{"titulo":"Projeto T\u00e9cnico de Seguran\u00e7a Contra Inc\u00eandio da edifica\u00e7\u00e3o ","conteudo":"Trata-se do projeto t\u00e9cnico utilizado para apresenta\u00e7\u00e3o das medidas de seguran\u00e7a contra inc\u00eandio das edifica\u00e7\u00f5es e \u00e1reas de risco","btn":"http:\/\/www.cbm.pi.gov.br\/formpub.php","parametros":"","method":"POST","mensagem_modal":"","acesso":["visivel_todos"]},{"titulo":"Vistoria T\u00e9cnica de Regulariza\u00e7\u00e3o de edifica\u00e7\u00e3o","conteudo":"Trata-se do documento de vistoria utilizado para verificar as medidas de seguran\u00e7a contra inc\u00eandio e emerg\u00eancias foram atendidas","btn":"http:\/\/www.cbm.pi.gov.br\/formpub.php","parametros":"","method":"POST","mensagem_modal":"","acesso":["visivel_todos"]},{"titulo":"An\u00e1lise de Projeto","conteudo":"","btn":"https:\/\/%s.piauidigital.pi.gov.br\/s\/obtencao\/estadual","parametros":"{'perfil':'104301','tipoDoc':'3'}","method":"POST","mensagem_modal":"","acesso":["visivel_todos"]},{"titulo":"Atestado de regularidade ","conteudo":"","btn":"https:\/\/%s.piauidigital.pi.gov.br\/s\/obtencao\/estadual","parametros":"{'perfil':'104301','tipoDoc':'13'}","method":"POST","mensagem_modal":"","acesso":["visivel_todos"]},{"titulo":"Atestado de regularidade simplificado","conteudo":"","btn":"https:\/\/%s.piauidigital.pi.gov.br\/s\/obtencao\/estadual","parametros":"{'perfil':'104301','tipoDoc':'15'}","method":"POST","mensagem_modal":"","acesso":["visivel_todos"]},{"titulo":"Certid\u00e3o de Dispensa de Licenciamento","conteudo":"","btn":"https:\/\/%s.piauidigital.pi.gov.br\/s\/obtencao\/estadual","parametros":"{'perfil':'104301','tipoDoc':'22'}","method":"POST","mensagem_modal":"","acesso":["visivel_todos"]}]},"_links":{"self":[{"href":"https:\/\/demo.piauidigital.pi.gov.br\/home\/wp-json\/wp\/v2\/pages\/180","targetHints":{"allow":["GET"]}}],"collection":[{"href":"https:\/\/demo.piauidigital.pi.gov.br\/home\/wp-json\/wp\/v2\/pages"}],"about":[{"href":"https:\/\/demo.piauidigital.pi.gov.br\/home\/wp-json\/wp\/v2\/types\/page"}],"author":[{"embeddable":true,"href":"https:\/\/demo.piauidigital.pi.gov.br\/home\/wp-json\/wp\/v2\/users\/1"}],"replies":[{"embeddable":true,"href":"https:\/\/demo.piauidigital.pi.gov.br\/home\/wp-json\/wp\/v2\/comments?post=180"}],"version-history":[{"count":5,"href":"https:\/\/demo.piauidigital.pi.gov.br\/home\/wp-json\/wp\/v2\/pages\/180\/revisions"}],"predecessor-version":[{"id":1363,"href":"https:\/\/demo.piauidigital.pi.gov.br\/home\/wp-json\/wp\/v2\/pages\/180\/revisions\/1363"}],"wp:attachment":[{"href":"https:\/\/demo.piauidigital.pi.gov.br\/home\/wp-json\/wp\/v2\/media?parent=180"}],"curies":[{"name":"wp","href":"https:\/\/api.w.org\/{rel}","templated":true}]}}