{"id":182,"date":"2023-05-23T12:50:48","date_gmt":"2023-05-23T12:50:48","guid":{"rendered":"http:\/\/%s.piauidigital.pi.gov.br\/?page_id=182"},"modified":"2025-03-17T13:55:20","modified_gmt":"2025-03-17T13:55:20","slug":"divisa","status":"publish","type":"page","link":"https:\/\/demo.piauidigital.pi.gov.br\/home\/divisa\/","title":{"rendered":"DIVISA"},"content":{"rendered":"","protected":false},"excerpt":{"rendered":"","protected":false},"author":1,"featured_media":0,"parent":0,"menu_order":0,"comment_status":"closed","ping_status":"closed","template":"template-parts\/page-junta-comercial.php","meta":{"footnotes":""},"class_list":["post-182","page","type-page","status-publish","hentry"],"acf":{"servicos":[{"titulo":"Renova\u00e7\u00e3o","conteudo":"Trata-se da renova\u00e7\u00e3o da sua licen\u00e7a sanit\u00e1ria perante a Vigil\u00e2ncia Sanit\u00e1ria Estadual","btn":"divisa-renovacao","parametros":"","method":"POST","mensagem_modal":"","acesso":["visivel_todos"]},{"titulo":"Regulariza\u00e7\u00e3o \/ Primeiro Licenciamento","conteudo":"Trata-se da regulariza\u00e7\u00e3o cadastral do estabelecimento perante a Vigil\u00e2ncia Sanit\u00e1ria Estadual","btn":"divisa-primeiro-licenciamento","parametros":"","method":"POST","mensagem_modal":"","acesso":["visivel_todos"]},{"titulo":"Declara\u00e7\u00e3o de Dispensa","conteudo":"Trata-se do requerimento da Declara\u00e7\u00e3o de Dispensa de Licenciamento Sanit\u00e1rio, cuja as empresas, n\u00e3o possuam atividades de interesse sanit\u00e1rio.","btn":"divisa-dispensa","parametros":"","method":"POST","mensagem_modal":"","acesso":["visivel_todos"]},{"titulo":"Solicita\u00e7\u00e3o de Receitu\u00e1rios","conteudo":"Trata-se da solicita\u00e7\u00e3o de receitu\u00e1rios da portaria 344\/98","btn":"http:\/\/www.saude.pi.gov.br\/divisa\/documentos?q%5Bdivisa_document_category_id_eq%5D=16","parametros":"","method":"POST","mensagem_modal":"","acesso":["visivel_todos"]},{"titulo":"Baixa de Responsabilidade T\u00e9cnica","conteudo":"Trata-se do requerimento de baixa de responsabilidade t\u00e9cnica ","btn":"http:\/\/www.saude.pi.gov.br\/uploads\/divisa_document\/file\/132\/Requerimento_Termo_de_Baixa.pdf","parametros":"","method":"POST","mensagem_modal":"","acesso":["visivel_todos"]},{"titulo":"Altera\u00e7\u00e3o do Respons\u00e1vel T\u00e9cnico","conteudo":"","btn":"divisa-alteracao-do-responsavel-tecnico","parametros":"","method":"POST","mensagem_modal":"","acesso":["visivel_todos"]},{"titulo":"Notifica\u00e7\u00f5es DART\/PI","conteudo":"Trata-se da notifica\u00e7\u00e3o de doen\u00e7as compuls\u00f3rias relacionadas ao agravos e acidentes do trabalhador","btn":"https:\/\/lookerstudio.google.com\/u\/4\/reporting\/ea556f26-daed-4a62-a4cf-4b06a245133a\/page\/PmXND","parametros":"","method":"POST","mensagem_modal":"","acesso":["visivel_todos"]},{"titulo":"CEREST","conteudo":"Trata-se do acesso ao CEREST \u2013 Centro de Estadual de Referencia em Sa\u00fade do Trabalhador ","btn":"http:\/\/www.saude.pi.gov.br\/divisa\/cerest","parametros":"","method":"POST","mensagem_modal":"","acesso":["visivel_todos"]},{"titulo":"Den\u00fancia","conteudo":"Trata-se do acesso ao m\u00f3dulo de den\u00fancia","btn":"http:\/\/www.saude.pi.gov.br\/divisa\/denuncie-online","parametros":"","method":"POST","mensagem_modal":"","acesso":["visivel_todos"]},{"titulo":"Notifica\u00e7\u00e3o ","conteudo":"Trata-se do acesso ao m\u00f3dulo de notifica\u00e7\u00e3o de comercializa\u00e7\u00e3o de autoteste COVID-19","btn":"http:\/\/www.saude.pi.gov.br\/cadastro-autoteste-covid","parametros":"","method":"POST","mensagem_modal":"","acesso":["visivel_todos"]},{"titulo":"Notivisa","conteudo":"Trata-se do cadastro NOTIVISA","btn":"http:\/\/antigo.anvisa.gov.br\/documents\/33868\/380745\/PASSO+A+PASSO+CADASTRO+DE+USU%C3%81RIO+-+NOTIVISA2.pdf\/70f1101c-3aab-4e7f-817a-a7c7083aac17?version=1.0","parametros":"","method":"POST","mensagem_modal":"","acesso":["visivel_todos"]},{"titulo":"CITOX - Centro de Informa\u00e7\u00e3o Toxicol\u00f3gica","conteudo":"Trata-se do centro de informa\u00e7\u00e3o toxicol\u00f3gica","btn":"http:\/\/www.saude.pi.gov.br\/divisa\/citox","parametros":"","method":"POST","mensagem_modal":"","acesso":["visivel_todos"]},{"titulo":"Laudo de Vistoria Veicular","conteudo":"","btn":"laudo-de-vistoria-veicular","parametros":"","method":"POST","mensagem_modal":"","acesso":["visivel_todos"]},{"titulo":"Termo de Responsabilidade T\u00e9cnica - RT","conteudo":"","btn":"https:\/\/www.saude.pi.gov.br\/uploads\/divisa_document\/file\/316\/TERMO_DE_RESPONSABILIDADE_T_CNICA.pdf","parametros":"","method":"GET","mensagem_modal":"","acesso":["visivel_todos"]},{"titulo":"An\u00e1lise de Projeto","conteudo":"","btn":"https:\/\/%s.piauidigital.pi.gov.br\/s\/obtencao\/estadual","parametros":"{'perfil':'104302','tipoDoc':'18'}","method":"POST","mensagem_modal":"","acesso":["visivel_todos"]}]},"_links":{"self":[{"href":"https:\/\/demo.piauidigital.pi.gov.br\/home\/wp-json\/wp\/v2\/pages\/182","targetHints":{"allow":["GET"]}}],"collection":[{"href":"https:\/\/demo.piauidigital.pi.gov.br\/home\/wp-json\/wp\/v2\/pages"}],"about":[{"href":"https:\/\/demo.piauidigital.pi.gov.br\/home\/wp-json\/wp\/v2\/types\/page"}],"author":[{"embeddable":true,"href":"https:\/\/demo.piauidigital.pi.gov.br\/home\/wp-json\/wp\/v2\/users\/1"}],"replies":[{"embeddable":true,"href":"https:\/\/demo.piauidigital.pi.gov.br\/home\/wp-json\/wp\/v2\/comments?post=182"}],"version-history":[{"count":5,"href":"https:\/\/demo.piauidigital.pi.gov.br\/home\/wp-json\/wp\/v2\/pages\/182\/revisions"}],"predecessor-version":[{"id":1407,"href":"https:\/\/demo.piauidigital.pi.gov.br\/home\/wp-json\/wp\/v2\/pages\/182\/revisions\/1407"}],"wp:attachment":[{"href":"https:\/\/demo.piauidigital.pi.gov.br\/home\/wp-json\/wp\/v2\/media?parent=182"}],"curies":[{"name":"wp","href":"https:\/\/api.w.org\/{rel}","templated":true}]}}