{"id":186,"date":"2023-05-23T12:51:53","date_gmt":"2023-05-23T12:51:53","guid":{"rendered":"http:\/\/%s.piauidigital.pi.gov.br\/?page_id=186"},"modified":"2025-06-20T21:00:42","modified_gmt":"2025-06-20T21:00:42","slug":"adapi","status":"publish","type":"page","link":"https:\/\/demo.piauidigital.pi.gov.br\/home\/adapi\/","title":{"rendered":"ADAPI"},"content":{"rendered":"","protected":false},"excerpt":{"rendered":"","protected":false},"author":1,"featured_media":0,"parent":0,"menu_order":0,"comment_status":"closed","ping_status":"closed","template":"template-parts\/page-junta-comercial.php","meta":{"footnotes":""},"class_list":["post-186","page","type-page","status-publish","hentry"],"acf":{"servicos":[{"titulo":"Cadastro de Produtores, Propriedades e Explora\u00e7\u00f5es Pecu\u00e1rias - Defesa Animal","conteudo":"Trata-se do cadastramento e atualiza\u00e7\u00e3o de propriedades rurais de forma geral, bem como daquelas com fins epidemiol\u00f3gicos nas \u00e1reas de riscos.","btn":"http:\/\/sidapi.adapi.pi.gov.br\/","parametros":"","method":"POST","mensagem_modal":"Caro usu\u00e1rio, para ter acesso ao servi\u00e7o solicitado, \u00e9 necess\u00e1rio dirigir-se ao escrit\u00f3rio da ADAPI em seu munic\u00edpio ou no mais pr\u00f3ximo de sua regi\u00e3o.","acesso":["visivel_todos"]},{"titulo":"Cadastro de Produtores, Propriedades e lavouras - Defesa Vegetal","conteudo":"Trata-se do cadastro de unidades de produ\u00e7\u00e3o no sistema de mitiga\u00e7\u00e3o de risco de pragas com restri\u00e7\u00e3o fitossanit\u00e1ria e inspe\u00e7\u00f5es das normas vigentes e habilita\u00e7\u00e3o de profissionais.","btn":"http:\/\/sidapi.adapi.pi.gov.br\/","parametros":"","method":"POST","mensagem_modal":"Caro usu\u00e1rio, para ter acesso ao servi\u00e7o solicitado, \u00e9 necess\u00e1rio dirigir-se ao escrit\u00f3rio da ADAPI em seu munic\u00edpio ou no mais pr\u00f3ximo de sua regi\u00e3o.","acesso":["visivel_todos"]},{"titulo":"Emiss\u00e3o de GTA","conteudo":"Trata-se do documento para tr\u00e2nsito dos animais com identifica\u00e7\u00e3o de origem e destinos, tornando poss\u00edvel o controle, a rastreabilidade e a interven\u00e7\u00e3o sanit\u00e1ria em caso de ocorr\u00eancia de doen\u00e7as.","btn":"http:\/\/sidapi.adapi.pi.gov.br\/","parametros":"","method":"POST","mensagem_modal":"Caro usu\u00e1rio, para ter acesso ao servi\u00e7o solicitado, \u00e9 necess\u00e1rio dirigir-se ao escrit\u00f3rio da ADAPI em seu munic\u00edpio ou no mais pr\u00f3ximo de sua regi\u00e3o.","acesso":["visivel_todos"]},{"titulo":"Emiss\u00e3o de PTV","conteudo":"Trata-se do documento emitido para acompanhar o tr\u00e2nsito da partida de plantas ou produtos vegetais, de acordo com as normas de defesa sanit\u00e1ria vegetal.","btn":"http:\/\/sidapi.adapi.pi.gov.br\/","parametros":"","method":"POST","mensagem_modal":"Caro usu\u00e1rio, para ter acesso ao servi\u00e7o solicitado, \u00e9 necess\u00e1rio dirigir-se ao escrit\u00f3rio da ADAPI em seu munic\u00edpio ou no mais pr\u00f3ximo de sua regi\u00e3o.","acesso":["visivel_todos"]},{"titulo":"Fiscaliza\u00e7\u00e3o de Eventos Pecu\u00e1rios","conteudo":"Trata-se da fiscaliza\u00e7\u00e3o de todos os eventos onde ocorre aglomera\u00e7\u00e3o de animais de interesse zoot\u00e9cnico no Estado do Piau\u00ed.","btn":"http:\/\/sidapi.adapi.pi.gov.br\/","parametros":"","method":"POST","mensagem_modal":"Caro usu\u00e1rio, para ter acesso ao servi\u00e7o solicitado, \u00e9 necess\u00e1rio dirigir-se ao escrit\u00f3rio da ADAPI em seu munic\u00edpio ou no mais pr\u00f3ximo de sua regi\u00e3o.","acesso":["visivel_todos"]},{"titulo":"Fiscaliza\u00e7\u00e3o do Uso de Agrot\u00f3xicos e Afins","conteudo":"Trata-se da fiscaliza\u00e7\u00e3o do uso de agrot\u00f3xicos para garantir o cumprimento da legisla\u00e7\u00e3o vigente, estimulando a agricultura sustent\u00e1vel e coibindo o uso indiscriminado de tais produtos. ","btn":"http:\/\/sidapi.adapi.pi.gov.br\/","parametros":"","method":"POST","mensagem_modal":"Caro usu\u00e1rio, para ter acesso ao servi\u00e7o solicitado, \u00e9 necess\u00e1rio dirigir-se ao escrit\u00f3rio da ADAPI em seu munic\u00edpio ou no mais pr\u00f3ximo de sua regi\u00e3o.","acesso":["visivel_todos"]},{"titulo":"Fiscaliza\u00e7\u00e3o de Revendas de Vacinas","conteudo":"Trata-se da fiscaliza\u00e7\u00e3o do com\u00e9rcio de vacinas contra a febre aftosa, buscando garantir a oferta \u00e0 comunidade de produtos com qualidade e autenticidade. ","btn":"http:\/\/sidapi.adapi.pi.gov.br\/","parametros":"","method":"POST","mensagem_modal":"Caro usu\u00e1rio, para ter acesso ao servi\u00e7o solicitado, \u00e9 necess\u00e1rio dirigir-se ao escrit\u00f3rio da ADAPI em seu munic\u00edpio ou no mais pr\u00f3ximo de sua regi\u00e3o.","acesso":["visivel_todos"]},{"titulo":"Declara\u00e7\u00e3o de Vacina\u00e7\u00e3o","conteudo":"Trata-se da realiza\u00e7\u00e3o das campanhas de vacina\u00e7\u00e3o contra febre aftosa e brucelose, com a obrigatoriedade da comprova\u00e7\u00e3o da vacina\u00e7\u00e3o nas USAV's onde a propriedade est\u00e1 cadastrada.","btn":"http:\/\/sidapi.adapi.pi.gov.br\/","parametros":"","method":"POST","mensagem_modal":"Caro usu\u00e1rio, para ter acesso ao servi\u00e7o solicitado, \u00e9 necess\u00e1rio dirigir-se ao escrit\u00f3rio da ADAPI em seu munic\u00edpio ou no mais pr\u00f3ximo de sua regi\u00e3o.","acesso":["visivel_todos"]},{"titulo":"Controle de Tr\u00e2nsito","conteudo":"Trata-se da fiscaliza\u00e7\u00e3o do tr\u00e2nsito de animais, seus produtos, subprodutos e derivados,  como tamb\u00e9m de vegetais  seus produtos, subprodutos e derivados.","btn":"http:\/\/sidapi.adapi.pi.gov.br\/","parametros":"","method":"POST","mensagem_modal":"Caro usu\u00e1rio, para ter acesso ao servi\u00e7o solicitado, \u00e9 necess\u00e1rio dirigir-se ao escrit\u00f3rio da ADAPI em seu munic\u00edpio ou no mais pr\u00f3ximo de sua regi\u00e3o.","acesso":["visivel_todos"]},{"titulo":"Classifica\u00e7\u00e3o Vegetal","conteudo":"Trata-se da classifica\u00e7\u00e3o de produtos vegetais, subprodutos ou res\u00edduos de valor econ\u00f4mico que s\u00e3o destinados \u00e0 alimenta\u00e7\u00e3o humana.","btn":"http:\/\/sidapi.adapi.pi.gov.br\/","parametros":"","method":"POST","mensagem_modal":"Caro usu\u00e1rio, para ter acesso ao servi\u00e7o solicitado, \u00e9 necess\u00e1rio dirigir-se ao escrit\u00f3rio da ADAPI em seu munic\u00edpio ou no mais pr\u00f3ximo de sua regi\u00e3o.","acesso":["visivel_todos"]},{"titulo":"Inspe\u00e7\u00e3o de Produtos de Origem Animal","conteudo":"Trata-se da vistoria em terrenos, estabelecimentos, constru\u00e7\u00e3o, an\u00e1lise de projetos industriais, registro, controle da inspe\u00e7\u00e3o sanit\u00e1ria e tecnol\u00f3gica dos estabelecimentos e produtos de origem animal","btn":"http:\/\/sidapi.adapi.pi.gov.br\/","parametros":"","method":"POST","mensagem_modal":"Caro usu\u00e1rio, para ter acesso ao servi\u00e7o solicitado, \u00e9 necess\u00e1rio dirigir-se ao escrit\u00f3rio da ADAPI em seu munic\u00edpio ou no mais pr\u00f3ximo de sua regi\u00e3o.","acesso":["visivel_todos"]},{"titulo":"Vigil\u00e2ncia Epidemiol\u00f3gica Sanit\u00e1ria das doen\u00e7as de notifica\u00e7\u00e3o obrigat\u00f3ria - Defesa Animal","conteudo":"Trata-se de doen\u00e7as de notifica\u00e7\u00e3o obrigat\u00f3ria, conforme preconiza a Organiza\u00e7\u00e3o Mundial de Sa\u00fade Animal e pelo Minist\u00e9rio da Agricultura, Pecu\u00e1ria e Abastecimento.","btn":"https:\/\/sistemasweb4.agricultura.gov.br\/sisbravet\/manterNotificacao!abrirFormInternet.action","parametros":"","method":"POST","mensagem_modal":"Caro usu\u00e1rio, para ter acesso ao servi\u00e7o solicitado, \u00e9 necess\u00e1rio dirigir-se ao escrit\u00f3rio da ADAPI em seu munic\u00edpio ou no mais pr\u00f3ximo de sua regi\u00e3o.","acesso":["visivel_todos"]},{"titulo":"Vigil\u00e2ncia Epidemiol\u00f3gica Fitossanit\u00e1ria das pragas de notifica\u00e7\u00e3o obrigat\u00f3ria - Defesa Vegetal","conteudo":"Trata-se da rreven\u00e7\u00e3o e controle de pragas nas grandes culturas,  fruticultura, silvicultura e olericultura.","btn":"http:\/\/sidapi.adapi.pi.gov.br\/","parametros":"","method":"POST","mensagem_modal":"Caro usu\u00e1rio, para ter acesso ao servi\u00e7o solicitado, \u00e9 necess\u00e1rio dirigir-se ao escrit\u00f3rio da ADAPI em seu munic\u00edpio ou no mais pr\u00f3ximo de sua regi\u00e3o.","acesso":["visivel_todos"]}]},"_links":{"self":[{"href":"https:\/\/demo.piauidigital.pi.gov.br\/home\/wp-json\/wp\/v2\/pages\/186","targetHints":{"allow":["GET"]}}],"collection":[{"href":"https:\/\/demo.piauidigital.pi.gov.br\/home\/wp-json\/wp\/v2\/pages"}],"about":[{"href":"https:\/\/demo.piauidigital.pi.gov.br\/home\/wp-json\/wp\/v2\/types\/page"}],"author":[{"embeddable":true,"href":"https:\/\/demo.piauidigital.pi.gov.br\/home\/wp-json\/wp\/v2\/users\/1"}],"replies":[{"embeddable":true,"href":"https:\/\/demo.piauidigital.pi.gov.br\/home\/wp-json\/wp\/v2\/comments?post=186"}],"version-history":[{"count":3,"href":"https:\/\/demo.piauidigital.pi.gov.br\/home\/wp-json\/wp\/v2\/pages\/186\/revisions"}],"predecessor-version":[{"id":1415,"href":"https:\/\/demo.piauidigital.pi.gov.br\/home\/wp-json\/wp\/v2\/pages\/186\/revisions\/1415"}],"wp:attachment":[{"href":"https:\/\/demo.piauidigital.pi.gov.br\/home\/wp-json\/wp\/v2\/media?parent=186"}],"curies":[{"name":"wp","href":"https:\/\/api.w.org\/{rel}","templated":true}]}}