{"id":193,"date":"2023-05-23T13:58:56","date_gmt":"2023-05-23T13:58:56","guid":{"rendered":"http:\/\/%s.piauidigital.pi.gov.br\/?page_id=193"},"modified":"2023-11-22T18:30:07","modified_gmt":"2023-11-22T18:30:07","slug":"credenciamento-pessoa-juridica","status":"publish","type":"page","link":"https:\/\/demo.piauidigital.pi.gov.br\/home\/credenciamento-pessoa-juridica\/","title":{"rendered":"Credenciamento de Pessoa Jur\u00eddica"},"content":{"rendered":"","protected":false},"excerpt":{"rendered":"","protected":false},"author":1,"featured_media":0,"parent":0,"menu_order":0,"comment_status":"closed","ping_status":"closed","template":"template-parts\/page-junta-comercial.php","meta":{"footnotes":""},"class_list":["post-193","page","type-page","status-publish","hentry"],"acf":{"servicos":[{"titulo":"Elabora\u00e7\u00e3o de Projetos","conteudo":"","btn":"https:\/\/%s.piauidigital.pi.gov.br\/solicitacao\/evento\/eyJmdW5jaW9uYWxpZGFkZSI6IkNyZWRlbmNpYW1lbnRvIiwiZXZlbnRvcyI6WyIxMjA5Il0sImRlc2NfZXZlbnRvIjoiRWxhYm9yYefjbyBkZSBQcm9qZXRvcyIsInRpcG9fc29saWNpdGFjYW8iOiIyMiIsInBlcmZpbF9lbnRpZGFkZSI6IjEwNDIwMyIsInVmIjoiTUEifQ==","parametros":"","method":"POST","mensagem_modal":"","acesso":["visivel_todos"]},{"titulo":"Forma\u00e7\u00e3o de Brigada de Inc\u00eandio ou Bombeiro Profissional Civil","conteudo":"","btn":"https:\/\/%s.piauidigital.pi.gov.br\/solicitacao\/evento\/eyJmdW5jaW9uYWxpZGFkZSI6IkNyZWRlbmNpYW1lbnRvIiwiZXZlbnRvcyI6WyIxMjEwIl0sImRlc2NfZXZlbnRvIjoiRm9ybWHn428gZGUgQnJpZ2FkYSBkZSBJbmPqbmRpbyBvdSBCb21iZWlybyBQcm9maXNzaW9uYWwgQ2l2aWwiLCJ0aXBvX3NvbGljaXRhY2FvIjoiMjIiLCJwZXJmaWxfZW50aWRhZGUiOiIxMDQyMDMiLCJ1ZiI6Ik1BIn0=","parametros":"","method":"POST","mensagem_modal":"","acesso":["visivel_todos"]},{"titulo":"Revenda, Instala\u00e7\u00e3o e Manuten\u00e7\u00e3o de Equipamento","conteudo":"","btn":"https:\/\/%s.piauidigital.pi.gov.br\/solicitacao\/evento\/eyJmdW5jaW9uYWxpZGFkZSI6IkNyZWRlbmNpYW1lbnRvIiwiZXZlbnRvcyI6WyIxMjExIl0sImRlc2NfZXZlbnRvIjoiUmV2ZW5kYSwgSW5zdGFsYefjbyBlIE1hbnV0ZW7n428gZGUgRXF1aXBhbWVudG8iLCJ0aXBvX3NvbGljaXRhY2FvIjoiMjIiLCJwZXJmaWxfZW50aWRhZGUiOiIxMDQyMDMiLCJ1ZiI6Ik1BIn0=","parametros":"","method":"POST","mensagem_modal":"","acesso":["visivel_todos"]},{"titulo":"Servi\u00e7o de Brigada Profissional Civil","conteudo":"","btn":"https:\/\/%s.piauidigital.pi.gov.br\/solicitacao\/evento\/eyJmdW5jaW9uYWxpZGFkZSI6IkNyZWRlbmNpYW1lbnRvIiwiZXZlbnRvcyI6WyIxMjEyIl0sImRlc2NfZXZlbnRvIjoiU2VydmnnbyBkZSBCcmlnYWRhIFByb2Zpc3Npb25hbCBDaXZpbCIsInRpcG9fc29saWNpdGFjYW8iOiIyMiIsInBlcmZpbF9lbnRpZGFkZSI6IjEwNDIwMyIsInVmIjoiTUEifQ==","parametros":"","method":"POST","mensagem_modal":"","acesso":["visivel_todos"]},{"titulo":"Visualizar Lista de Credenciados","conteudo":"","btn":"https:\/\/%s.piauidigital.pi.gov.br\/credenciamento\/credenciados","parametros":"","method":"POST","mensagem_modal":"","acesso":["visivel_todos"]}]},"_links":{"self":[{"href":"https:\/\/demo.piauidigital.pi.gov.br\/home\/wp-json\/wp\/v2\/pages\/193","targetHints":{"allow":["GET"]}}],"collection":[{"href":"https:\/\/demo.piauidigital.pi.gov.br\/home\/wp-json\/wp\/v2\/pages"}],"about":[{"href":"https:\/\/demo.piauidigital.pi.gov.br\/home\/wp-json\/wp\/v2\/types\/page"}],"author":[{"embeddable":true,"href":"https:\/\/demo.piauidigital.pi.gov.br\/home\/wp-json\/wp\/v2\/users\/1"}],"replies":[{"embeddable":true,"href":"https:\/\/demo.piauidigital.pi.gov.br\/home\/wp-json\/wp\/v2\/comments?post=193"}],"version-history":[{"count":3,"href":"https:\/\/demo.piauidigital.pi.gov.br\/home\/wp-json\/wp\/v2\/pages\/193\/revisions"}],"predecessor-version":[{"id":1175,"href":"https:\/\/demo.piauidigital.pi.gov.br\/home\/wp-json\/wp\/v2\/pages\/193\/revisions\/1175"}],"wp:attachment":[{"href":"https:\/\/demo.piauidigital.pi.gov.br\/home\/wp-json\/wp\/v2\/media?parent=193"}],"curies":[{"name":"wp","href":"https:\/\/api.w.org\/{rel}","templated":true}]}}