{"id":234,"date":"2023-05-23T17:21:27","date_gmt":"2023-05-23T17:21:27","guid":{"rendered":"http:\/\/%s.piauidigital.pi.gov.br\/?page_id=234"},"modified":"2023-06-04T01:21:50","modified_gmt":"2023-06-04T01:21:50","slug":"alteracao-exclusiva","status":"publish","type":"page","link":"https:\/\/demo.piauidigital.pi.gov.br\/home\/alteracao-exclusiva\/","title":{"rendered":"Altera\u00e7\u00e3o exclusiva na SEFAZ"},"content":{"rendered":"","protected":false},"excerpt":{"rendered":"","protected":false},"author":1,"featured_media":0,"parent":0,"menu_order":0,"comment_status":"closed","ping_status":"closed","template":"template-parts\/page-junta-comercial.php","meta":{"footnotes":""},"class_list":["post-234","page","type-page","status-publish","hentry"],"acf":{"servicos":[{"titulo":"Altera\u00e7\u00e3o da Inscri\u00e7\u00e3o para Matriz","conteudo":"Trata-se da altera\u00e7\u00e3o para a inscri\u00e7\u00e3o estadual para a matriz na SEFAZ","btn":"https:\/\/%s.piauidigital.pi.gov.br\/s\/consultaprevia\/prepare-primeiro-passo\/","parametros":"{'tipo_empresa':'m','tipo_evento':'sefaz','domain':'https:\/\/%s.piauidigital.pi.gov.br','evento[]':'615','isProd':'1'}","method":"POST","mensagem_modal":"","acesso":["visivel_todos"]},{"titulo":"Altera\u00e7\u00e3o da Inscri\u00e7\u00e3o para Filial","conteudo":"Trata-se da altera\u00e7\u00e3o para a inscri\u00e7\u00e3o estadual para a filial na SEFAZ","btn":"https:\/\/%s.piauidigital.pi.gov.br\/s\/consultaprevia\/prepare-primeiro-passo\/","parametros":"{'tipo_empresa':'f','tipo_evento':'sefaz','domain':'https:\/\/%s.piauidigital.pi.gov.br','evento[]':'615','isProd':'1'}","method":"POST","mensagem_modal":"","acesso":["visivel_todos"]}]},"_links":{"self":[{"href":"https:\/\/demo.piauidigital.pi.gov.br\/home\/wp-json\/wp\/v2\/pages\/234","targetHints":{"allow":["GET"]}}],"collection":[{"href":"https:\/\/demo.piauidigital.pi.gov.br\/home\/wp-json\/wp\/v2\/pages"}],"about":[{"href":"https:\/\/demo.piauidigital.pi.gov.br\/home\/wp-json\/wp\/v2\/types\/page"}],"author":[{"embeddable":true,"href":"https:\/\/demo.piauidigital.pi.gov.br\/home\/wp-json\/wp\/v2\/users\/1"}],"replies":[{"embeddable":true,"href":"https:\/\/demo.piauidigital.pi.gov.br\/home\/wp-json\/wp\/v2\/comments?post=234"}],"version-history":[{"count":2,"href":"https:\/\/demo.piauidigital.pi.gov.br\/home\/wp-json\/wp\/v2\/pages\/234\/revisions"}],"predecessor-version":[{"id":883,"href":"https:\/\/demo.piauidigital.pi.gov.br\/home\/wp-json\/wp\/v2\/pages\/234\/revisions\/883"}],"wp:attachment":[{"href":"https:\/\/demo.piauidigital.pi.gov.br\/home\/wp-json\/wp\/v2\/media?parent=234"}],"curies":[{"name":"wp","href":"https:\/\/api.w.org\/{rel}","templated":true}]}}