{"id":241,"date":"2023-05-23T17:29:51","date_gmt":"2023-05-23T17:29:51","guid":{"rendered":"http:\/\/%s.piauidigital.pi.gov.br\/?page_id=241"},"modified":"2023-06-04T01:20:50","modified_gmt":"2023-06-04T01:20:50","slug":"inscricao-no-estado","status":"publish","type":"page","link":"https:\/\/demo.piauidigital.pi.gov.br\/home\/inscricao-no-estado\/","title":{"rendered":"Inscri\u00e7\u00e3o no Estado"},"content":{"rendered":"","protected":false},"excerpt":{"rendered":"","protected":false},"author":1,"featured_media":0,"parent":0,"menu_order":0,"comment_status":"closed","ping_status":"closed","template":"template-parts\/page-junta-comercial.php","meta":{"footnotes":""},"class_list":["post-241","page","type-page","status-publish","hentry"],"acf":{"servicos":[{"titulo":"Inscri\u00e7\u00e3o estadual para matriz","conteudo":"Trata-se da solicita\u00e7\u00e3o da inscri\u00e7\u00e3o estadual para a matriz na SEFAZ","btn":"https:\/\/%s.piauidigital.pi.gov.br\/s\/consultaprevia\/prepare-primeiro-passo\/","parametros":"{'tipo_empresa':'m','evento[]':'601','tipo_evento':'sefaz','isProd':'1','domain':'https\/\/%s.piauidigital.pi.gov.br'}","method":"POST","mensagem_modal":"","acesso":["visivel_todos"]},{"titulo":"Inscri\u00e7\u00e3o estadual para filial","conteudo":"Trata-se da solicita\u00e7\u00e3o da inscri\u00e7\u00e3o estadual para a filial na SEFAZ","btn":"https:\/\/%s.piauidigital.pi.gov.br\/s\/consultaprevia\/prepare-primeiro-passo\/","parametros":"{'tipo_empresa':'f','evento[]':'601','tipo_evento':'sefaz','isProd':'1','domain':'https:\/\/%s.piauidigital.pi.gov.br'}","method":"POST","mensagem_modal":"","acesso":["visivel_todos"]}]},"_links":{"self":[{"href":"https:\/\/demo.piauidigital.pi.gov.br\/home\/wp-json\/wp\/v2\/pages\/241","targetHints":{"allow":["GET"]}}],"collection":[{"href":"https:\/\/demo.piauidigital.pi.gov.br\/home\/wp-json\/wp\/v2\/pages"}],"about":[{"href":"https:\/\/demo.piauidigital.pi.gov.br\/home\/wp-json\/wp\/v2\/types\/page"}],"author":[{"embeddable":true,"href":"https:\/\/demo.piauidigital.pi.gov.br\/home\/wp-json\/wp\/v2\/users\/1"}],"replies":[{"embeddable":true,"href":"https:\/\/demo.piauidigital.pi.gov.br\/home\/wp-json\/wp\/v2\/comments?post=241"}],"version-history":[{"count":3,"href":"https:\/\/demo.piauidigital.pi.gov.br\/home\/wp-json\/wp\/v2\/pages\/241\/revisions"}],"predecessor-version":[{"id":882,"href":"https:\/\/demo.piauidigital.pi.gov.br\/home\/wp-json\/wp\/v2\/pages\/241\/revisions\/882"}],"wp:attachment":[{"href":"https:\/\/demo.piauidigital.pi.gov.br\/home\/wp-json\/wp\/v2\/media?parent=241"}],"curies":[{"name":"wp","href":"https:\/\/api.w.org\/{rel}","templated":true}]}}