{"id":248,"date":"2023-05-23T17:36:48","date_gmt":"2023-05-23T17:36:48","guid":{"rendered":"http:\/\/%s.piauidigital.pi.gov.br\/?page_id=248"},"modified":"2023-06-04T01:23:02","modified_gmt":"2023-06-04T01:23:02","slug":"pedido-baixa-estado","status":"publish","type":"page","link":"https:\/\/demo.piauidigital.pi.gov.br\/home\/pedido-baixa-estado\/","title":{"rendered":"Pedido de baixa exclusivamente no Estado"},"content":{"rendered":"","protected":false},"excerpt":{"rendered":"","protected":false},"author":1,"featured_media":0,"parent":0,"menu_order":0,"comment_status":"closed","ping_status":"closed","template":"template-parts\/page-junta-comercial.php","meta":{"footnotes":""},"class_list":["post-248","page","type-page","status-publish","hentry"],"acf":{"servicos":[{"titulo":"Baixa da inscri\u00e7\u00e3o estadual da Matriz","conteudo":"Trata-se da baixa da inscri\u00e7\u00e3o estadual para a matriz na SEFAZ","btn":"https:\/\/%s.piauidigital.pi.gov.br\/s\/consultaprevia\/prepare-primeiro-passo\/","parametros":"{'tipo_empresa':'m','evento[]':'604','tipo_evento':'sefaz','is-evento-604-sefaz':'1','isProd':'1','domain':'https:\/\/%s.piauidigital.pi.gov.br'}","method":"POST","mensagem_modal":"","acesso":["visivel_todos"]},{"titulo":"Baixa da inscri\u00e7\u00e3o estadual da Filial","conteudo":"Trata-se da baixa da inscri\u00e7\u00e3o estadual para a filial na SEFAZ","btn":"https:\/\/%s.piauidigital.pi.gov.br\/s\/consultaprevia\/prepare-primeiro-passo\/","parametros":"{'tipo_empresa':'f','evento[]':'604','tipo_evento':'sefaz','is-evento-604-sefaz':'1','isProd':'1','domain':'https:\/\/%s.piauidigital.pi.gov.br'}","method":"POST","mensagem_modal":"","acesso":["visivel_todos"]}]},"_links":{"self":[{"href":"https:\/\/demo.piauidigital.pi.gov.br\/home\/wp-json\/wp\/v2\/pages\/248","targetHints":{"allow":["GET"]}}],"collection":[{"href":"https:\/\/demo.piauidigital.pi.gov.br\/home\/wp-json\/wp\/v2\/pages"}],"about":[{"href":"https:\/\/demo.piauidigital.pi.gov.br\/home\/wp-json\/wp\/v2\/types\/page"}],"author":[{"embeddable":true,"href":"https:\/\/demo.piauidigital.pi.gov.br\/home\/wp-json\/wp\/v2\/users\/1"}],"replies":[{"embeddable":true,"href":"https:\/\/demo.piauidigital.pi.gov.br\/home\/wp-json\/wp\/v2\/comments?post=248"}],"version-history":[{"count":1,"href":"https:\/\/demo.piauidigital.pi.gov.br\/home\/wp-json\/wp\/v2\/pages\/248\/revisions"}],"predecessor-version":[{"id":884,"href":"https:\/\/demo.piauidigital.pi.gov.br\/home\/wp-json\/wp\/v2\/pages\/248\/revisions\/884"}],"wp:attachment":[{"href":"https:\/\/demo.piauidigital.pi.gov.br\/home\/wp-json\/wp\/v2\/media?parent=248"}],"curies":[{"name":"wp","href":"https:\/\/api.w.org\/{rel}","templated":true}]}}