{"id":258,"date":"2023-05-23T17:55:03","date_gmt":"2023-05-23T17:55:03","guid":{"rendered":"http:\/\/%s.piauidigital.pi.gov.br\/?page_id=258"},"modified":"2024-12-04T12:39:23","modified_gmt":"2024-12-04T12:39:23","slug":"divisa-primeiro-licenciamento","status":"publish","type":"page","link":"https:\/\/demo.piauidigital.pi.gov.br\/home\/divisa-primeiro-licenciamento\/","title":{"rendered":"DIVISA &#8211; Primeiro Licenciamento"},"content":{"rendered":"","protected":false},"excerpt":{"rendered":"","protected":false},"author":1,"featured_media":0,"parent":0,"menu_order":0,"comment_status":"closed","ping_status":"closed","template":"template-parts\/page-junta-comercial.php","meta":{"footnotes":""},"class_list":["post-258","page","type-page","status-publish","hentry"],"acf":{"servicos":[{"titulo":"Primeiro Licenciamento para Matriz","conteudo":"Trata-se da regulariza\u00e7\u00e3o das licen\u00e7as dos bombeiros para o estabelecimento da matriz","btn":"https:\/\/%s.piauidigital.pi.gov.br\/s\/regularizacao\/estadual\/m?perfil=104302","parametros":"{'perfil':'104302'}","method":"POST","mensagem_modal":"","acesso":["visivel_todos"]},{"titulo":"Primeiro Licenciamento para Filial","conteudo":"Trata-se da regulariza\u00e7\u00e3o das licen\u00e7as dos bombeiros para o estabelecimento da filial","btn":"https:\/\/%s.piauidigital.pi.gov.br\/s\/regularizacao\/estadual\/f","parametros":"{'perfil':'104302'}","method":"POST","mensagem_modal":"","acesso":["visivel_todos"]}]},"_links":{"self":[{"href":"https:\/\/demo.piauidigital.pi.gov.br\/home\/wp-json\/wp\/v2\/pages\/258","targetHints":{"allow":["GET"]}}],"collection":[{"href":"https:\/\/demo.piauidigital.pi.gov.br\/home\/wp-json\/wp\/v2\/pages"}],"about":[{"href":"https:\/\/demo.piauidigital.pi.gov.br\/home\/wp-json\/wp\/v2\/types\/page"}],"author":[{"embeddable":true,"href":"https:\/\/demo.piauidigital.pi.gov.br\/home\/wp-json\/wp\/v2\/users\/1"}],"replies":[{"embeddable":true,"href":"https:\/\/demo.piauidigital.pi.gov.br\/home\/wp-json\/wp\/v2\/comments?post=258"}],"version-history":[{"count":3,"href":"https:\/\/demo.piauidigital.pi.gov.br\/home\/wp-json\/wp\/v2\/pages\/258\/revisions"}],"predecessor-version":[{"id":1405,"href":"https:\/\/demo.piauidigital.pi.gov.br\/home\/wp-json\/wp\/v2\/pages\/258\/revisions\/1405"}],"wp:attachment":[{"href":"https:\/\/demo.piauidigital.pi.gov.br\/home\/wp-json\/wp\/v2\/media?parent=258"}],"curies":[{"name":"wp","href":"https:\/\/api.w.org\/{rel}","templated":true}]}}