{"id":270,"date":"2023-05-23T20:02:36","date_gmt":"2023-05-23T20:02:36","guid":{"rendered":"http:\/\/%s.piauidigital.pi.gov.br\/?page_id=270"},"modified":"2024-02-15T14:04:29","modified_gmt":"2024-02-15T14:04:29","slug":"ata-estatuto","status":"publish","type":"page","link":"https:\/\/demo.piauidigital.pi.gov.br\/home\/ata-estatuto\/","title":{"rendered":"Ata\/Estatuto"},"content":{"rendered":"","protected":false},"excerpt":{"rendered":"","protected":false},"author":1,"featured_media":0,"parent":0,"menu_order":0,"comment_status":"closed","ping_status":"closed","template":"template-parts\/page-junta-comercial.php","meta":{"footnotes":""},"class_list":["post-270","page","type-page","status-publish","hentry"],"acf":{"servicos":[{"titulo":"Ata de assembleia dos debenturistas","conteudo":"Trata-se do arquivamento de Ata de Assembleia dos Debenturistas","btn":"https:\/\/%s.piauidigital.pi.gov.br\/evento-exclusivo\/coletar-dados-consumo\/730","parametros":"{'eventos-junta':'botao-eventos-junta-ata-estatuto','tp-evento':'ex','evento[]':'730'}","method":"GET","mensagem_modal":"","acesso":["visivel_todos"]},{"titulo":"Ata de assembleia especial","conteudo":"Trata-se do arquivamento de Ata de Assembleia Especial","btn":"ata-de-assembleia-especial","parametros":"","method":"POST","mensagem_modal":"","acesso":["visivel_todos"]},{"titulo":"Ata de assembleia geral extraordin\u00e1ria","conteudo":"Trata-se do arquivamento de Ata de Assembleia geral extraordin\u00e1ria","btn":"ata-de-assembleia-extraordinaria","parametros":"","method":"POST","mensagem_modal":"","acesso":["visivel_todos"]},{"titulo":"Ata de assembleia geral ordin\u00e1ria ","conteudo":"Trata-se do arquivamento de Ata de Assembleia geral ordin\u00e1ria","btn":"ata-de-assembleia-ordinaria","parametros":"","method":"POST","mensagem_modal":"","acesso":["visivel_todos"]},{"titulo":"Ata de assembleia geral ordin\u00e1ria e extraordin\u00e1ria","conteudo":"Trata-se do arquivamento de Ata de Assembleia geral ordin\u00e1ria e extraordin\u00e1ria ","btn":"ata-assembleia-extraordinaria","parametros":"","method":"POST","mensagem_modal":"","acesso":["visivel_todos"]},{"titulo":"Ata de reuni\u00e3o da diretoria","conteudo":"Trata-se do arquivamento de Ata da reuni\u00e3o da diretoria","btn":"ata-reuniao-diretoria","parametros":"","method":"POST","mensagem_modal":"","acesso":["visivel_todos"]},{"titulo":"Ata de reuni\u00e3o do conselho de administra\u00e7\u00e3o","conteudo":"Trata-se do arquivamento de Ata de reuni\u00e3o do conselho de Administra\u00e7\u00e3o","btn":"ata-reuniao-conselho-administracao","parametros":"","method":"POST","mensagem_modal":"","acesso":["visivel_todos"]},{"titulo":"Ata de reuni\u00e3o do conselho fiscal","conteudo":"Trata-se do arquivamento de Ata de reuni\u00e3o do conselho fiscal","btn":"ata-reuniao-conselho-fiscal","parametros":"","method":"POST","mensagem_modal":"","acesso":["visivel_todos"]},{"titulo":"Ata de reuni\u00e3o\/assembleia de s\u00f3cios","conteudo":"Trata-se do arquivamento de Ata de reuniao\/Assembleia de s\u00f3cios","btn":"https:\/\/%s.piauidigital.pi.gov.br\/evento-exclusivo\/coletar-dados-consumo\/732","parametros":"{'eventos-junta':'botao-eventos-junta-ata-estatuto','tp-evento':'ex','evento[]':'732'}","method":"GET","mensagem_modal":"","acesso":["visivel_todos"]},{"titulo":"Decis\u00e3o do(s) s\u00f3cio(s)","conteudo":"Trata-se do arquivamento de Decis\u00e3o dos S\u00f3cios","btn":"https:\/\/%s.piauidigital.pi.gov.br\/evento-exclusivo\/coletar-dados-consumo\/954","parametros":"{'eventos-junta':'botao-eventos-junta-ata-estatuto','tp-evento':'ex','evento[]':'954'}","method":"GET","mensagem_modal":"","acesso":["visivel_todos"]},{"titulo":"Estatuto social","conteudo":"Trata-se do arquivamento de Estatuto Social","btn":"https:\/\/%s.piauidigital.pi.gov.br\/evento-exclusivo\/coletar-dados-consumo\/705","parametros":"{'eventos-junta':'botao-eventos-junta-ata-estatuto','tp-evento':'ex','evento[]':'705'}","method":"GET","mensagem_modal":"","acesso":["visivel_todos"]}]},"_links":{"self":[{"href":"https:\/\/demo.piauidigital.pi.gov.br\/home\/wp-json\/wp\/v2\/pages\/270","targetHints":{"allow":["GET"]}}],"collection":[{"href":"https:\/\/demo.piauidigital.pi.gov.br\/home\/wp-json\/wp\/v2\/pages"}],"about":[{"href":"https:\/\/demo.piauidigital.pi.gov.br\/home\/wp-json\/wp\/v2\/types\/page"}],"author":[{"embeddable":true,"href":"https:\/\/demo.piauidigital.pi.gov.br\/home\/wp-json\/wp\/v2\/users\/1"}],"replies":[{"embeddable":true,"href":"https:\/\/demo.piauidigital.pi.gov.br\/home\/wp-json\/wp\/v2\/comments?post=270"}],"version-history":[{"count":5,"href":"https:\/\/demo.piauidigital.pi.gov.br\/home\/wp-json\/wp\/v2\/pages\/270\/revisions"}],"predecessor-version":[{"id":1257,"href":"https:\/\/demo.piauidigital.pi.gov.br\/home\/wp-json\/wp\/v2\/pages\/270\/revisions\/1257"}],"wp:attachment":[{"href":"https:\/\/demo.piauidigital.pi.gov.br\/home\/wp-json\/wp\/v2\/media?parent=270"}],"curies":[{"name":"wp","href":"https:\/\/api.w.org\/{rel}","templated":true}]}}