{"id":272,"date":"2023-05-23T20:03:13","date_gmt":"2023-05-23T20:03:13","guid":{"rendered":"http:\/\/%s.piauidigital.pi.gov.br\/?page_id=272"},"modified":"2023-06-05T13:26:15","modified_gmt":"2023-06-05T13:26:15","slug":"ata-de-assembleia-especial","status":"publish","type":"page","link":"https:\/\/demo.piauidigital.pi.gov.br\/home\/ata-de-assembleia-especial\/","title":{"rendered":"Ata ser\u00e1 realizada altera\u00e7\u00e3o cadastral?"},"content":{"rendered":"","protected":false},"excerpt":{"rendered":"","protected":false},"author":1,"featured_media":0,"parent":0,"menu_order":0,"comment_status":"closed","ping_status":"closed","template":"template-parts\/page-junta-comercial.php","meta":{"footnotes":""},"class_list":["post-272","page","type-page","status-publish","hentry"],"acf":{"servicos":[{"titulo":"Sim","conteudo":"Trata-se de uma ata que altera o cadastro da matriz ou das filiais","btn":"alteracao-de-empresa","parametros":"","method":"POST","mensagem_modal":"","acesso":["visivel_todos"]},{"titulo":"N\u00e3o","conteudo":"Trata-se de uma ata que n\u00e3o altera o cadastro da matriz ou das filiais","btn":"https:\/\/%s.piauidigital.pi.gov.br\/evento-exclusivo\/coletar-dados-consumo\/731","parametros":"{'eventos-junta':'botao-eventos-junta-ata-estatuto','tp-evento':'ex','evento[]':'731'}","method":"GET","mensagem_modal":"","acesso":["visivel_todos"]}]},"_links":{"self":[{"href":"https:\/\/demo.piauidigital.pi.gov.br\/home\/wp-json\/wp\/v2\/pages\/272","targetHints":{"allow":["GET"]}}],"collection":[{"href":"https:\/\/demo.piauidigital.pi.gov.br\/home\/wp-json\/wp\/v2\/pages"}],"about":[{"href":"https:\/\/demo.piauidigital.pi.gov.br\/home\/wp-json\/wp\/v2\/types\/page"}],"author":[{"embeddable":true,"href":"https:\/\/demo.piauidigital.pi.gov.br\/home\/wp-json\/wp\/v2\/users\/1"}],"replies":[{"embeddable":true,"href":"https:\/\/demo.piauidigital.pi.gov.br\/home\/wp-json\/wp\/v2\/comments?post=272"}],"version-history":[{"count":2,"href":"https:\/\/demo.piauidigital.pi.gov.br\/home\/wp-json\/wp\/v2\/pages\/272\/revisions"}],"predecessor-version":[{"id":919,"href":"https:\/\/demo.piauidigital.pi.gov.br\/home\/wp-json\/wp\/v2\/pages\/272\/revisions\/919"}],"wp:attachment":[{"href":"https:\/\/demo.piauidigital.pi.gov.br\/home\/wp-json\/wp\/v2\/media?parent=272"}],"curies":[{"name":"wp","href":"https:\/\/api.w.org\/{rel}","templated":true}]}}