{"id":282,"date":"2023-05-23T20:19:06","date_gmt":"2023-05-23T20:19:06","guid":{"rendered":"http:\/\/%s.piauidigital.pi.gov.br\/?page_id=282"},"modified":"2023-06-05T13:31:49","modified_gmt":"2023-06-05T13:31:49","slug":"ata-de-assembleia-extraordinaria","status":"publish","type":"page","link":"https:\/\/demo.piauidigital.pi.gov.br\/home\/ata-de-assembleia-extraordinaria\/","title":{"rendered":"Ata ser\u00e1 realizada altera\u00e7\u00e3o cadastral?"},"content":{"rendered":"","protected":false},"excerpt":{"rendered":"","protected":false},"author":1,"featured_media":0,"parent":0,"menu_order":0,"comment_status":"closed","ping_status":"closed","template":"template-parts\/page-junta-comercial.php","meta":{"footnotes":""},"class_list":["post-282","page","type-page","status-publish","hentry"],"acf":{"servicos":[{"titulo":"Sim","conteudo":"Trata-se de uma ata que altera o cadastro da matriz ou das filiais","btn":"alteracao-de-empresa","parametros":"","method":"POST","mensagem_modal":"","acesso":["visivel_todos"]},{"titulo":"N\u00e3o","conteudo":"Trata-se de uma ata que n\u00e3o altera o cadastro da matriz ou das filiais","btn":"https:\/\/%s.piauidigital.pi.gov.br\/evento-exclusivo\/coletar-dados-consumo\/738","parametros":"{'eventos-junta':'botao-eventos-junta-ata-estatuto','tp-evento':'ex','evento[]':'738'}","method":"GET","mensagem_modal":"","acesso":["visivel_todos"]}]},"_links":{"self":[{"href":"https:\/\/demo.piauidigital.pi.gov.br\/home\/wp-json\/wp\/v2\/pages\/282","targetHints":{"allow":["GET"]}}],"collection":[{"href":"https:\/\/demo.piauidigital.pi.gov.br\/home\/wp-json\/wp\/v2\/pages"}],"about":[{"href":"https:\/\/demo.piauidigital.pi.gov.br\/home\/wp-json\/wp\/v2\/types\/page"}],"author":[{"embeddable":true,"href":"https:\/\/demo.piauidigital.pi.gov.br\/home\/wp-json\/wp\/v2\/users\/1"}],"replies":[{"embeddable":true,"href":"https:\/\/demo.piauidigital.pi.gov.br\/home\/wp-json\/wp\/v2\/comments?post=282"}],"version-history":[{"count":2,"href":"https:\/\/demo.piauidigital.pi.gov.br\/home\/wp-json\/wp\/v2\/pages\/282\/revisions"}],"predecessor-version":[{"id":920,"href":"https:\/\/demo.piauidigital.pi.gov.br\/home\/wp-json\/wp\/v2\/pages\/282\/revisions\/920"}],"wp:attachment":[{"href":"https:\/\/demo.piauidigital.pi.gov.br\/home\/wp-json\/wp\/v2\/media?parent=282"}],"curies":[{"name":"wp","href":"https:\/\/api.w.org\/{rel}","templated":true}]}}