{"id":325,"date":"2023-05-23T22:59:08","date_gmt":"2023-05-23T22:59:08","guid":{"rendered":"http:\/\/%s.piauidigital.pi.gov.br\/?page_id=325"},"modified":"2023-06-01T19:20:37","modified_gmt":"2023-06-01T19:20:37","slug":"armazem-geral","status":"publish","type":"page","link":"https:\/\/demo.piauidigital.pi.gov.br\/home\/armazem-geral\/","title":{"rendered":"Armaz\u00e9m Geral"},"content":{"rendered":"","protected":false},"excerpt":{"rendered":"","protected":false},"author":1,"featured_media":0,"parent":0,"menu_order":0,"comment_status":"closed","ping_status":"closed","template":"template-parts\/page-junta-comercial.php","meta":{"footnotes":""},"class_list":["post-325","page","type-page","status-publish","hentry"],"acf":{"servicos":[{"titulo":"Regulamento Interno de Armaz\u00e9m Geral","conteudo":"Trata-se do arquivamento de Regulamento Interno de Armaz\u00e9m Geral","btn":"https:\/\/%s.piauidigital.pi.gov.br\/evento-exclusivo\/coletar-dados-consumo\/717","parametros":"{'eventos-junta':'menu-armazem','tp-evento':'ex','evento[]':'717'}","method":"GET","mensagem_modal":"","acesso":["visivel_todos"]},{"titulo":"Declara\u00e7\u00f5es de Armaz\u00e9m Geral\/Trapicheiro","conteudo":"Trata-se do arquivamento de Declara\u00e7\u00f5es De Armaz\u00e9m Geral\/trapicheiro","btn":"https:\/\/%s.piauidigital.pi.gov.br\/evento-exclusivo\/coletar-dados-consumo\/718","parametros":"{'eventos-junta':'menu-armazem','tp-evento':'ex','evento[]':'718'}","method":"GET","mensagem_modal":"","acesso":["visivel_todos"]},{"titulo":"Tarifas de Armaz\u00e9m Geral\/Trapicheiro","conteudo":"Trata-se do arquivamento de Tarifas De Armaz\u00e9m Geral\/trapicheiro","btn":"https:\/\/%s.piauidigital.pi.gov.br\/evento-exclusivo\/coletar-dados-consumo\/719","parametros":"{'eventos-junta':'menu-armazem','tp-evento':'ex','evento[]':'719'}","method":"GET","mensagem_modal":"","acesso":["visivel_todos"]},{"titulo":"Matr\u00edcula de Administrador de Armaz\u00e9m Geral","conteudo":"Trata-se do arquivamento de Matricula De Administrador De Armaz\u00e9m Geral","btn":"https:\/\/%s.piauidigital.pi.gov.br\/evento-exclusivo\/coletar-dados-consumo\/905","parametros":"{'eventos-junta':'menu-armazem','tp-evento':'ex','evento[]':'905'}","method":"GET","mensagem_modal":"","acesso":["visivel_todos"]},{"titulo":"Cancelamento de Matr\u00edcula de Administrador de Armaz\u00e9m Geral","conteudo":"Trata-se do arquivamento de Cancelamento De Matricula De Administrador De Armaz\u00e9m Geral","btn":"https:\/\/%s.piauidigital.pi.gov.br\/evento-exclusivo\/coletar-dados-consumo\/906","parametros":"{'eventos-junta':'menu-armazem','tp-evento':'ex','evento[]':'906'}","method":"GET","mensagem_modal":"","acesso":["visivel_todos"]}]},"_links":{"self":[{"href":"https:\/\/demo.piauidigital.pi.gov.br\/home\/wp-json\/wp\/v2\/pages\/325","targetHints":{"allow":["GET"]}}],"collection":[{"href":"https:\/\/demo.piauidigital.pi.gov.br\/home\/wp-json\/wp\/v2\/pages"}],"about":[{"href":"https:\/\/demo.piauidigital.pi.gov.br\/home\/wp-json\/wp\/v2\/types\/page"}],"author":[{"embeddable":true,"href":"https:\/\/demo.piauidigital.pi.gov.br\/home\/wp-json\/wp\/v2\/users\/1"}],"replies":[{"embeddable":true,"href":"https:\/\/demo.piauidigital.pi.gov.br\/home\/wp-json\/wp\/v2\/comments?post=325"}],"version-history":[{"count":2,"href":"https:\/\/demo.piauidigital.pi.gov.br\/home\/wp-json\/wp\/v2\/pages\/325\/revisions"}],"predecessor-version":[{"id":829,"href":"https:\/\/demo.piauidigital.pi.gov.br\/home\/wp-json\/wp\/v2\/pages\/325\/revisions\/829"}],"wp:attachment":[{"href":"https:\/\/demo.piauidigital.pi.gov.br\/home\/wp-json\/wp\/v2\/media?parent=325"}],"curies":[{"name":"wp","href":"https:\/\/api.w.org\/{rel}","templated":true}]}}