{"id":327,"date":"2023-05-23T23:09:10","date_gmt":"2023-05-23T23:09:10","guid":{"rendered":"http:\/\/%s.piauidigital.pi.gov.br\/?page_id=327"},"modified":"2024-07-25T17:08:21","modified_gmt":"2024-07-25T17:08:21","slug":"carteira-profissional","status":"publish","type":"page","link":"https:\/\/demo.piauidigital.pi.gov.br\/home\/carteira-profissional\/","title":{"rendered":"Carteira Profissional"},"content":{"rendered":"","protected":false},"excerpt":{"rendered":"","protected":false},"author":1,"featured_media":0,"parent":0,"menu_order":0,"comment_status":"closed","ping_status":"closed","template":"template-parts\/page-junta-comercial.php","meta":{"footnotes":""},"class_list":["post-327","page","type-page","status-publish","hentry"],"acf":{"servicos":[{"titulo":"Carteira de Exerc\u00edcio Profissional - Administrador de Armaz\u00e9m Geral","conteudo":"Trata-se da Solicita\u00e7\u00e3o de Carteira De Exerc\u00edcio Profissional - Adm. De Armaz\u00e9m Geral","btn":"https:\/\/%s.piauidigital.pi.gov.br\/evento-exclusivo\/capa-processo\/","parametros":"{'eventos-junta':'menu-carteira-profissional','tp-evento':'cpp','ato-siarco[]':'{710,711,712}','evento-siarco':'716'}","method":"GET","mensagem_modal":"","acesso":["visivel_todos"]},{"titulo":"Carteira de Exerc\u00edcio Profissional - Administrador de Cooperativa","conteudo":"Trata-se da Solicita\u00e7\u00e3o de Carteira De Exerc\u00edcio Profissional - Administrador De Cooperativa","btn":"https:\/\/%s.piauidigital.pi.gov.br\/evento-exclusivo\/capa-processo\/","parametros":"{'eventos-junta':'menu-carteira-profissional','tp-evento':'cpp','ato-siarco[]':'{710,711,712}','evento-siarco':'712'}","method":"GET","mensagem_modal":"","acesso":["visivel_todos"]},{"titulo":"Carteira de Exerc\u00edcio Profissional - Empres\u00e1rio","conteudo":"Trata-se da Solicita\u00e7\u00e3o de Carteira De Exerc\u00edcio Profissional - Empres\u00e1rio","btn":"https:\/\/%s.piauidigital.pi.gov.br\/evento-exclusivo\/capa-processo\/","parametros":"{'eventos-junta':'menu-carteira-profissional','tp-evento':'cpp','ato-siarco[]':'{710,711,712}','evento-siarco':'710'}","method":"GET","mensagem_modal":"","acesso":["visivel_todos"]},{"titulo":"Carteira de Exerc\u00edcio Profissional - Leiloeiro","conteudo":"Trata-se da Solicita\u00e7\u00e3o de Carteira De Exerc\u00edcio Profissional - Leiloeiro","btn":"https:\/\/%s.piauidigital.pi.gov.br\/evento-exclusivo\/capa-processo\/","parametros":"{'eventos-junta':'menu-carteira-profissional','tp-evento':'cpp','ato-siarco[]':'{710,711,712}','evento-siarco':'714'}","method":"GET","mensagem_modal":"","acesso":["visivel_todos"]},{"titulo":"Carteira de Exerc\u00edcio Profissional - Trapicheiro","conteudo":"Trata-se da Solicita\u00e7\u00e3o de Carteira De Exerc\u00edcio Profissional - Trapicheiro","btn":"https:\/\/%s.piauidigital.pi.gov.br\/evento-exclusivo\/capa-processo\/","parametros":"{'eventos-junta':'menu-carteira-profissional','tp-evento':'cpp','ato-siarco[]':'{710,711,712}','evento-siarco':'715'}","method":"GET","mensagem_modal":"","acesso":["visivel_todos"]},{"titulo":"Carteira de Exerc\u00edcio Profissional - Administrador de Sociedade Mercantil","conteudo":"Trata-se da Solicita\u00e7\u00e3o de Carteira De Exerc. Prof. - Administrador De Sociedade Mercantil","btn":"https:\/\/%s.piauidigital.pi.gov.br\/evento-exclusivo\/capa-processo\/","parametros":"{'eventos-junta':'menu-carteira-profissional','tp-evento':'cpp','ato-siarco[]':'{710,711,712}','evento-siarco':'711'}","method":"GET","mensagem_modal":"","acesso":["visivel_todos"]},{"titulo":"Carteira de Exerc\u00edcio Profissional - Tradutor P\u00fablico e Int\u00e9rprete Comercial","conteudo":"Trata-se da Solicita\u00e7\u00e3o de Carteira De Exerc. Prof. - Tradutor Publico E Interprete Comercial","btn":"https:\/\/%s.piauidigital.pi.gov.br\/evento-exclusivo\/capa-processo\/","parametros":"{'eventos-junta':'menu-carteira-profissional','tp-evento':'cpp','ato-siarco[]':'{710,711,712}','evento-siarco':'713'}","method":"GET","mensagem_modal":"","acesso":["visivel_todos"]}]},"_links":{"self":[{"href":"https:\/\/demo.piauidigital.pi.gov.br\/home\/wp-json\/wp\/v2\/pages\/327","targetHints":{"allow":["GET"]}}],"collection":[{"href":"https:\/\/demo.piauidigital.pi.gov.br\/home\/wp-json\/wp\/v2\/pages"}],"about":[{"href":"https:\/\/demo.piauidigital.pi.gov.br\/home\/wp-json\/wp\/v2\/types\/page"}],"author":[{"embeddable":true,"href":"https:\/\/demo.piauidigital.pi.gov.br\/home\/wp-json\/wp\/v2\/users\/1"}],"replies":[{"embeddable":true,"href":"https:\/\/demo.piauidigital.pi.gov.br\/home\/wp-json\/wp\/v2\/comments?post=327"}],"version-history":[{"count":4,"href":"https:\/\/demo.piauidigital.pi.gov.br\/home\/wp-json\/wp\/v2\/pages\/327\/revisions"}],"predecessor-version":[{"id":1390,"href":"https:\/\/demo.piauidigital.pi.gov.br\/home\/wp-json\/wp\/v2\/pages\/327\/revisions\/1390"}],"wp:attachment":[{"href":"https:\/\/demo.piauidigital.pi.gov.br\/home\/wp-json\/wp\/v2\/media?parent=327"}],"curies":[{"name":"wp","href":"https:\/\/api.w.org\/{rel}","templated":true}]}}