{"id":338,"date":"2023-05-24T11:02:40","date_gmt":"2023-05-24T11:02:40","guid":{"rendered":"http:\/\/%s.piauidigital.pi.gov.br\/?page_id=338"},"modified":"2024-02-26T15:46:23","modified_gmt":"2024-02-26T15:46:23","slug":"leiloeiro","status":"publish","type":"page","link":"https:\/\/demo.piauidigital.pi.gov.br\/home\/leiloeiro\/","title":{"rendered":"Leiloeiro"},"content":{"rendered":"","protected":false},"excerpt":{"rendered":"","protected":false},"author":1,"featured_media":0,"parent":0,"menu_order":0,"comment_status":"closed","ping_status":"closed","template":"template-parts\/page-junta-comercial.php","meta":{"footnotes":""},"class_list":["post-338","page","type-page","status-publish","hentry"],"acf":{"servicos":[{"titulo":"Inscri\u00e7\u00e3o de Leiloeiro","conteudo":"Trata-se de Inscri\u00e7\u00e3o de Leiloeiro perante a Junta Comercial","btn":"https:\/\/%s.piauidigital.pi.gov.br\/pessoa-fisica\/leiloeiro\/cadastrar\/","parametros":"","method":"POST","mensagem_modal":"","acesso":["visivel_todos"]},{"titulo":"Recadastramento de Matr\u00edcula","conteudo":"Trata-se da Solicita\u00e7\u00e3o de Recadastramento de Matr\u00edcula de Leiloeiro","btn":"https:\/\/%s.piauidigital.pi.gov.br\/pessoa-fisica\/leiloeiro\/verificar-recadastramento","parametros":"","method":"POST","mensagem_modal":"","acesso":["visivel_todos"]},{"titulo":"Cancelamento de Matr\u00edcula de Leiloeiro","conteudo":"Trata-se da Solicita\u00e7\u00e3o de Cancelamento de Matr\u00edcula de Leiloeiro","btn":"https:\/\/%s.piauidigital.pi.gov.br\/evento-exclusivo\/capa-processo\/","parametros":"{'eventos-junta':'menu-leiloeiro','tp-evento':'cpp','ato-siarco[]':'{406}','evento-siarco':'406'}","method":"GET","mensagem_modal":"","acesso":["visivel_todos"]},{"titulo":"Dispensa de Preposto de Leiloeiro","conteudo":"Trata-se da Solicita\u00e7\u00e3o de Dispensa de Preposto de Leiloeiro","btn":"https:\/\/%s.piauidigital.pi.gov.br\/evento-exclusivo\/capa-processo\/","parametros":"{'eventos-junta':'menu-leiloeiro','tp-evento':'cpp','ato-siarco[]':'{408}','evento-siarco':'408'}","method":"GET","mensagem_modal":"","acesso":["visivel_todos"]},{"titulo":"Indica\u00e7\u00e3o de Preposto de Leiloeiro","conteudo":"Trata-se da Solicita\u00e7\u00e3o de Indica\u00e7\u00e3o de Preposto de Leiloeiro","btn":"https:\/\/%s.piauidigital.pi.gov.br\/evento-exclusivo\/capa-processo\/","parametros":"{'eventos-junta':'menu-leiloeiro','tp-evento':'cpp','ato-siarco[]':'{407}','evento-siarco':'407'}","method":"GET","mensagem_modal":"","acesso":["visivel_todos"]},{"titulo":"Listar Leiloeiro","conteudo":"Trata-se da Solicita\u00e7\u00e3o de Listar Leiloeiro","btn":"https:\/\/%s.piauidigital.pi.gov.br\/pessoa-fisica\/leiloeiro\/consulta","parametros":"","method":"POST","mensagem_modal":"","acesso":["visivel_todos"]}]},"_links":{"self":[{"href":"https:\/\/demo.piauidigital.pi.gov.br\/home\/wp-json\/wp\/v2\/pages\/338","targetHints":{"allow":["GET"]}}],"collection":[{"href":"https:\/\/demo.piauidigital.pi.gov.br\/home\/wp-json\/wp\/v2\/pages"}],"about":[{"href":"https:\/\/demo.piauidigital.pi.gov.br\/home\/wp-json\/wp\/v2\/types\/page"}],"author":[{"embeddable":true,"href":"https:\/\/demo.piauidigital.pi.gov.br\/home\/wp-json\/wp\/v2\/users\/1"}],"replies":[{"embeddable":true,"href":"https:\/\/demo.piauidigital.pi.gov.br\/home\/wp-json\/wp\/v2\/comments?post=338"}],"version-history":[{"count":5,"href":"https:\/\/demo.piauidigital.pi.gov.br\/home\/wp-json\/wp\/v2\/pages\/338\/revisions"}],"predecessor-version":[{"id":1260,"href":"https:\/\/demo.piauidigital.pi.gov.br\/home\/wp-json\/wp\/v2\/pages\/338\/revisions\/1260"}],"wp:attachment":[{"href":"https:\/\/demo.piauidigital.pi.gov.br\/home\/wp-json\/wp\/v2\/media?parent=338"}],"curies":[{"name":"wp","href":"https:\/\/api.w.org\/{rel}","templated":true}]}}