{"id":35,"date":"2023-05-11T18:55:02","date_gmt":"2023-05-11T18:55:02","guid":{"rendered":"http:\/\/%s.piauidigital.pi.gov.br\/?page_id=35"},"modified":"2025-09-03T18:58:05","modified_gmt":"2025-09-03T18:58:05","slug":"junta-comercial","status":"publish","type":"page","link":"https:\/\/demo.piauidigital.pi.gov.br\/home\/junta-comercial\/","title":{"rendered":"Junta Comercial"},"content":{"rendered":"","protected":false},"excerpt":{"rendered":"","protected":false},"author":1,"featured_media":0,"parent":0,"menu_order":0,"comment_status":"closed","ping_status":"closed","template":"template-parts\/page-junta-comercial.php","meta":{"footnotes":""},"class_list":["post-35","page","type-page","status-publish","hentry"],"acf":{"servicos":[{"titulo":"Certid\u00e3o","conteudo":"Trata-se do acesso a listagem dos eventos de Certid\u00e3o","btn":"certidao","parametros":"","method":"POST","mensagem_modal":"","acesso":["visivel_todos"]},{"titulo":"Livro Digital","conteudo":"Trata-se do acesso a listagem dos eventos Livro Digital","btn":"livro-digital","parametros":"","method":"POST","mensagem_modal":"","acesso":["visivel_todos"]},{"titulo":"Ata\/Estatuto","conteudo":"Trata-se do acesso a listagem de Ata\/Estatuto","btn":"ata-estatuto","parametros":"","method":"POST","mensagem_modal":"","acesso":["visivel_todos"]},{"titulo":"Balan\u00e7o","conteudo":"Trata-se do arquivamento de Balan\u00e7o de Empresa","btn":"balanco","parametros":"","method":"GET","mensagem_modal":"","acesso":["visivel_todos"]},{"titulo":"Anota\u00e7\u00e3o de Ajuizamento de Execu\u00e7\u00e3o-cpc Art.615-a","conteudo":"Trata-se do arquivamento de Anota\u00e7\u00e3o de Ajuizamento de Execu\u00e7\u00e3o cpc Art  615-a","btn":"https:\/\/%s.piauidigital.pi.gov.br\/evento-exclusivo\/coletar-dados-consumo\/735","parametros":"{'eventos-junta':'menu-outros','tp-evento':'ex','evento[]':'735'}","method":"GET","mensagem_modal":"","acesso":["visivel_todos"]},{"titulo":"Armaz\u00e9m Geral","conteudo":"Trata-se do acesso a listagem dos eventos de Armaz\u00e9m Geral","btn":"armazem-geral","parametros":"","method":"POST","mensagem_modal":"","acesso":["visivel_todos"]},{"titulo":"Arrolamento de Bens\/direitos","conteudo":"Trata-se do arquivamento de Arrolamento de Bens\/direitos","btn":"https:\/\/%s.piauidigital.pi.gov.br\/evento-exclusivo\/coletar-dados-consumo\/734","parametros":"{'eventos-junta':'menu-outros','tp-evento':'ex','evento[]':'734'}","method":"POST","mensagem_modal":"","acesso":["visivel_todos"]},{"titulo":"Atendimento a \u00d3rg\u00e3os P\u00fablicos","conteudo":"Trata-se do Atendimento aos \u00f3rg\u00e3os p\u00fablicos","btn":"https:\/\/%s.piauidigital.pi.gov.br\/evento-exclusivo\/atendimento-oficio\/","parametros":"{'https:\/\/%s.piauidigital.pi.gov.br\/evento-exclusivo\/atendimento-oficio':''}","method":"GET","mensagem_modal":"","acesso":["visivel_todos"]},{"titulo":"Boletim de Subscri\u00e7\u00e3o","conteudo":"Trata-se do arquivamento de Boletim de Subscri\u00e7\u00e3o ","btn":"https:\/\/%s.piauidigital.pi.gov.br\/evento-exclusivo\/capa-processo?eventos-junta=menu-outros&tp-evento=cpp&ato-siarco[]={005}&evento-siarco=053&evento-redesim=953","parametros":"","method":"POST","mensagem_modal":"","acesso":["visivel_todos"]},{"titulo":"Cancelamento de Anota\u00e7\u00e3o de Ajuizamento de Execu\u00e7\u00e3o-cpc Art. 615-a","conteudo":"Trata-se do arquivamento de Cancelamento de Anota\u00e7\u00e3o de Ajuizamento de Execu\u00e7\u00e3o cpc Art  615-a","btn":"https:\/\/%s.piauidigital.pi.gov.br\/evento-exclusivo\/capa-processo\/","parametros":"{'eventos-junta':'menu-outros','tp-evento':'cpp','ato-siarco[]':'{005}','evento-siarco':'053','evento-redesim':'953'}","method":"GET","mensagem_modal":"","acesso":["visivel_todos"]},{"titulo":"Cancelamento de Nomea\u00e7\u00e3o de Fiel Deposit\u00e1rio","conteudo":"Trata-se do arquivamento de Cancelamento De Nomea\u00e7\u00e3o De Fiel Deposit\u00e1rio","btn":"https:\/\/%s.piauidigital.pi.gov.br\/evento-exclusivo\/coletar-dados-consumo\/908","parametros":"{'eventos-junta':'menu-outros','tp-evento':'ex','evento[]':'908'}","method":"GET","mensagem_modal":"","acesso":["visivel_todos"]},{"titulo":"Carta de Exclusividade","conteudo":"Trata-se do arquivamento de Carta de Exclusividade","btn":"https:\/\/%s.piauidigital.pi.gov.br\/evento-exclusivo\/coletar-dados-consumo\/733","parametros":"{'eventos-junta':'menu-outros','tp-evento':'ex','evento[]':'733'}","method":"GET","mensagem_modal":"","acesso":["visivel_todos"]},{"titulo":"Carta de Ren\u00fancia","conteudo":"Trata-se do arquivamento de Carta de Ren\u00fancia","btn":"https:\/\/%s.piauidigital.pi.gov.br\/evento-exclusivo\/coletar-dados-consumo\/706","parametros":"{'eventos-junta':'menu-outros','tp-evento':'ex','evento[]':'706'}","method":"GET","mensagem_modal":"","acesso":["visivel_todos"]},{"titulo":"Carteira Profissional","conteudo":"Trata-se do acesso a listagem dos eventos de Carteira Profissional","btn":"carteira-profissional","parametros":"","method":"POST","mensagem_modal":"","acesso":["visivel_todos"]},{"titulo":"Comunica\u00e7\u00e3o de Extravio de Instrumento de Escritura\u00e7\u00e3o","conteudo":"Trata-se do arquivamento de Comunica\u00e7\u00e3o De Extravio De Instrumento De Escritura\u00e7\u00e3o","btn":"https:\/\/%s.piauidigital.pi.gov.br\/evento-exclusivo\/coletar-dados-consumo\/713","parametros":"{'eventos-junta':'menu-outros','tp-evento':'ex','evento[]':'713'}","method":"GET","mensagem_modal":"","acesso":["visivel_todos"]},{"titulo":"Consulta a Documentos","conteudo":"Trata-se do Solicita\u00e7\u00e3o de Consulta a Documentos","btn":"https:\/\/%s.piauidigital.pi.gov.br\/evento-exclusivo\/capa-processo\/","parametros":"{'eventos-junta':'menu-outros','tp-evento':'cpp','ato-siarco[]':'{602}','evento-siarco':'602','evento-redesim':'953'}","method":"GET","mensagem_modal":"","acesso":["visivel_todos"]},{"titulo":"Deb\u00eantures","conteudo":"Trata-se do acesso a listagem dos eventos de Deb\u00eantures","btn":"debentures","parametros":"","method":"POST","mensagem_modal":"","acesso":["visivel_todos"]},{"titulo":"Decis\u00e3o do(s) s\u00f3cio(s)","conteudo":"Trata-se do arquivamento de Decis\u00e3o dos S\u00f3cios","btn":"https:\/\/%s.piauidigital.pi.gov.br\/evento-exclusivo\/coletar-dados-consumo\/954","parametros":"{'eventos-junta':'botao-eventos-junta-ata-estatuto','tp-evento':'ex','evento[]':'954'}","method":"GET","mensagem_modal":"","acesso":["visivel_todos"]},{"titulo":"Declara\u00e7\u00e3o Antenupcial","conteudo":"Trata-se do arquivamento de Declara\u00e7\u00e3o Antenupcial","btn":"https:\/\/%s.piauidigital.pi.gov.br\/evento-exclusivo\/coletar-dados-consumo\/722","parametros":"{'eventos-junta':'menu-outros','tp-evento':'ex','evento[]':'722'}","method":"GET","mensagem_modal":"","acesso":["visivel_todos"]},{"titulo":"Desist\u00eancia de Servi\u00e7o Requerido","conteudo":"Trata-se da Solicita\u00e7\u00e3o de Desist\u00eancia De Servi\u00e7o Requerido","btn":"https:\/\/%s.piauidigital.pi.gov.br\/evento-exclusivo\/capa-processo\/","parametros":"{'eventos-junta':'menu-outros','tp-evento':'cpp','ato-siarco[]':'{020}','evento-siarco':'063','evento-redesim':'953'}","method":"GET","mensagem_modal":"","acesso":["visivel_todos"]},{"titulo":"Leiloeiro","conteudo":"Trata-se do acesso a listagem dos eventos de Leiloeiro","btn":"leiloeiro","parametros":"","method":"POST","mensagem_modal":"","acesso":["visivel_todos"]},{"titulo":"Nomea\u00e7\u00e3o de Fiel Deposit\u00e1rio","conteudo":"Trata-se do arquivamento de Nomea\u00e7\u00e3o De Fiel Deposit\u00e1rio","btn":"https:\/\/%s.piauidigital.pi.gov.br\/evento-exclusivo\/coletar-dados-consumo\/907","parametros":"{'eventos-junta':'menu-outros','tp-evento':'ex','evento[]':'907'}","method":"GET","mensagem_modal":"","acesso":["visivel_todos"]},{"titulo":"Outros Documentos de Interesse da Empresa\/Empres\u00e1rio","conteudo":"Trata-se do arquivamento de Outros Documentos de Interesse da Empresa\/Empres\u00e1rio","btn":"https:\/\/%s.piauidigital.pi.gov.br\/evento-exclusivo\/coletar-dados-consumo\/703","parametros":"{'eventos-junta':'menu-outros','tp-evento':'ex','evento[]':'703'}","method":"GET","mensagem_modal":"","acesso":["visivel_todos"]},{"titulo":"Pacto Antenupcial","conteudo":"Trata-se do arquivamento de Pacto Antenupcial ","btn":"https:\/\/%s.piauidigital.pi.gov.br\/evento-exclusivo\/coletar-dados-consumo\/723?","parametros":"{'eventos-junta':'menu-outros','tp-evento':'ex','evento[]':'723'}","method":"GET","mensagem_modal":"","acesso":["visivel_todos"]},{"titulo":"Procura\u00e7\u00e3o","conteudo":"Trata-se do arquivamento de Procura\u00e7\u00e3o","btn":"procuracao","parametros":"","method":"POST","mensagem_modal":"","acesso":["visivel_todos"]},{"titulo":"Processo de Of\u00edcio","conteudo":"","btn":"https:\/\/%s.piauidigital.pi.gov.br\/solicitacao\/identificacao-solicitacao\/eyJwYXNzbyI6MTQsInRpcG9fc29saWNpdGFjYW8iOjUsIm9yZ2FvIjo5OTIxLCJldmVudG9zIjpbMTYwNV0sInRpcG9fcGVzc29hIjoicGYiLCJpc19mbHV4b19sZWdhZG8iOmZhbHNlLCJ0aXBvX3NlcnZpY28iOnsibGFiZWwiOiJQcm9jZXNzbyBkZSBPZlx1MDBlZGNpbyIsImxpbmsiOiJcLyJ9LCJ0aXBvX3NvbGljaXRhY2FvX2VudW0iOiJQcm9jZXNzbyBkZSBPZlx1MDBlZGNpbyJ9","parametros":"","method":"POST","mensagem_modal":"","acesso":["visivel_todos"]},{"titulo":"Prote\u00e7\u00e3o de nome empresarial","conteudo":"Trata-se do registro, altera\u00e7\u00e3o e cancelamento da prote\u00e7\u00e3o de nome empresarial na Junta Comercial","btn":"protecao-nome-empresarial","parametros":"","method":"POST","mensagem_modal":"","acesso":["visivel_todos"]},{"titulo":"Publica\u00e7\u00f5es","conteudo":"Trata-se de anota\u00e7\u00f5es e arquivamentos de atos de sociedades","btn":"publicacoes","parametros":"","method":"POST","mensagem_modal":"","acesso":["visivel_todos"]},{"titulo":"Recurso","conteudo":"Trata-se do acesso a listagem dos eventos de Recurso","btn":"recurso","parametros":"","method":"POST","mensagem_modal":"","acesso":["visivel_todos"]},{"titulo":"Tradutor","conteudo":"Trata-se do acesso a listagem dos eventos de Tradutor","btn":"tradutor","parametros":"","method":"POST","mensagem_modal":"","acesso":["visivel_todos"]},{"titulo":"Senten\u00e7a de Decreta\u00e7\u00e3o ou de Homologa\u00e7\u00e3o de Separa\u00e7\u00e3o Judicial","conteudo":"Trata-se do arquivamento de Senten\u00e7a De Decreta\u00e7\u00e3o Ou De Homologa\u00e7\u00e3o De Separa\u00e7\u00e3o Judicial","btn":"https:\/\/%s.piauidigital.pi.gov.br\/evento-exclusivo\/coletar-dados-consumo\/727","parametros":"{'eventos-junta':'menu-outros','tp-evento':'ex','evento[]':'727'}","method":"GET","mensagem_modal":"","acesso":["visivel_todos"]},{"titulo":"Termo de Compromisso de Fiel Deposit\u00e1rio","conteudo":"Trata-se do arquivamento de Termo De Compromisso De Fiel Deposit\u00e1rio","btn":"https:\/\/%s.piauidigital.pi.gov.br\/evento-exclusivo\/coletar-dados-consumo\/909","parametros":"{'eventos-junta':'menu-outros','tp-evento':'ex','evento[]':'909'}","method":"GET","mensagem_modal":"","acesso":["visivel_todos"]},{"titulo":"Exportar Dados de Empresas Mercantis","conteudo":"Trata-se da Solicita\u00e7\u00e3o de Exporta\u00e7\u00e3o de Dados para Empresas Mercantis","btn":"https:\/\/%s.piauidigital.pi.gov.br\/exportar-dados-mercantis\/requerente","parametros":"","method":"GET","mensagem_modal":"","acesso":["visivel_todos"]}]},"_links":{"self":[{"href":"https:\/\/demo.piauidigital.pi.gov.br\/home\/wp-json\/wp\/v2\/pages\/35","targetHints":{"allow":["GET"]}}],"collection":[{"href":"https:\/\/demo.piauidigital.pi.gov.br\/home\/wp-json\/wp\/v2\/pages"}],"about":[{"href":"https:\/\/demo.piauidigital.pi.gov.br\/home\/wp-json\/wp\/v2\/types\/page"}],"author":[{"embeddable":true,"href":"https:\/\/demo.piauidigital.pi.gov.br\/home\/wp-json\/wp\/v2\/users\/1"}],"replies":[{"embeddable":true,"href":"https:\/\/demo.piauidigital.pi.gov.br\/home\/wp-json\/wp\/v2\/comments?post=35"}],"version-history":[{"count":5,"href":"https:\/\/demo.piauidigital.pi.gov.br\/home\/wp-json\/wp\/v2\/pages\/35\/revisions"}],"predecessor-version":[{"id":1425,"href":"https:\/\/demo.piauidigital.pi.gov.br\/home\/wp-json\/wp\/v2\/pages\/35\/revisions\/1425"}],"wp:attachment":[{"href":"https:\/\/demo.piauidigital.pi.gov.br\/home\/wp-json\/wp\/v2\/media?parent=35"}],"curies":[{"name":"wp","href":"https:\/\/api.w.org\/{rel}","templated":true}]}}