{"id":351,"date":"2023-05-24T11:23:41","date_gmt":"2023-05-24T11:23:41","guid":{"rendered":"http:\/\/%s.piauidigital.pi.gov.br\/?page_id=351"},"modified":"2023-11-28T18:26:52","modified_gmt":"2023-11-28T18:26:52","slug":"protecao-nome-empresarial","status":"publish","type":"page","link":"https:\/\/demo.piauidigital.pi.gov.br\/home\/protecao-nome-empresarial\/","title":{"rendered":"Prote\u00e7\u00e3o de nome empresarial"},"content":{"rendered":"","protected":false},"excerpt":{"rendered":"","protected":false},"author":1,"featured_media":0,"parent":0,"menu_order":0,"comment_status":"closed","ping_status":"closed","template":"template-parts\/page-junta-comercial.php","meta":{"footnotes":""},"class_list":["post-351","page","type-page","status-publish","hentry"],"acf":{"servicos":[{"titulo":"Solicita\u00e7\u00e3o de prote\u00e7\u00e3o de nome empresarial","conteudo":"Trata-se do registro da prote\u00e7\u00e3o de nome empresarial na Junta Comercial quando a empresa estiver em outro estado","btn":"https:\/\/%s.piauidigital.pi.gov.br\/s\/consultaprevia\/prepare-primeiro-passo\/","parametros":"{'evento[]':'700','tipo_empresa':'m','tipo_evento':'pr'}","method":"POST","mensagem_modal":"","acesso":["visivel_todos"]},{"titulo":"Altera\u00e7\u00e3o de prote\u00e7\u00e3o de nome empresarial","conteudo":"Trata-se da altera\u00e7\u00e3o da prote\u00e7\u00e3o de nome empresarial registrada na Junta Comercial","btn":"https:\/\/%s.piauidigital.pi.gov.br\/s\/consultaprevia\/prepare-primeiro-passo\/","parametros":"{'evento[]':'701','tipo_empresa':'m','tipo_evento':'pr'}","method":"POST","mensagem_modal":"","acesso":["visivel_todos"]},{"titulo":"Cancelamento de prote\u00e7\u00e3o de nome empresarial","conteudo":"Trata-se do cancelamento da prote\u00e7\u00e3o de nome empresarial registrada na Junta Comercial","btn":"https:\/\/%s.piauidigital.pi.gov.br\/s\/consultaprevia\/prepare-primeiro-passo\/","parametros":"{'evento[]':'702','tipo_empresa':'m','tipo_evento':'pr'}","method":"POST","mensagem_modal":"","acesso":["visivel_todos"]},{"titulo":"Altera\u00e7\u00e3o de Extens\u00e3o de Prote\u00e7\u00e3o de Nome Empresarial em Outra UF","conteudo":"","btn":"https:\/\/%s.piauidigital.pi.gov.br\/evento-exclusivo\/capa-processo\/","parametros":"{'eventos-junta':'menu-protecao-nome-empresarial','tp-evento':'cpp','ato-siarco[]':'{154}','evento-siarco':'154','evento-redesim':'953'}","method":"GET","mensagem_modal":"","acesso":["visivel_todos"]},{"titulo":"Cancelamento de Extens\u00e3o de Prote\u00e7\u00e3o de Nome Empresarial em Outra UF","conteudo":"","btn":"https:\/\/%s.piauidigital.pi.gov.br\/evento-exclusivo\/capa-processo\/","parametros":"{'eventos-junta':'menu-protecao-nome-empresarial','tp-evento':'cpp','ato-siarco[]':'{155}','evento-siarco':'155','evento-redesim':'953'}","method":"GET","mensagem_modal":"","acesso":["visivel_todos"]}]},"_links":{"self":[{"href":"https:\/\/demo.piauidigital.pi.gov.br\/home\/wp-json\/wp\/v2\/pages\/351","targetHints":{"allow":["GET"]}}],"collection":[{"href":"https:\/\/demo.piauidigital.pi.gov.br\/home\/wp-json\/wp\/v2\/pages"}],"about":[{"href":"https:\/\/demo.piauidigital.pi.gov.br\/home\/wp-json\/wp\/v2\/types\/page"}],"author":[{"embeddable":true,"href":"https:\/\/demo.piauidigital.pi.gov.br\/home\/wp-json\/wp\/v2\/users\/1"}],"replies":[{"embeddable":true,"href":"https:\/\/demo.piauidigital.pi.gov.br\/home\/wp-json\/wp\/v2\/comments?post=351"}],"version-history":[{"count":4,"href":"https:\/\/demo.piauidigital.pi.gov.br\/home\/wp-json\/wp\/v2\/pages\/351\/revisions"}],"predecessor-version":[{"id":1183,"href":"https:\/\/demo.piauidigital.pi.gov.br\/home\/wp-json\/wp\/v2\/pages\/351\/revisions\/1183"}],"wp:attachment":[{"href":"https:\/\/demo.piauidigital.pi.gov.br\/home\/wp-json\/wp\/v2\/media?parent=351"}],"curies":[{"name":"wp","href":"https:\/\/api.w.org\/{rel}","templated":true}]}}