{"id":356,"date":"2023-05-24T11:28:13","date_gmt":"2023-05-24T11:28:13","guid":{"rendered":"http:\/\/%s.piauidigital.pi.gov.br\/?page_id=356"},"modified":"2024-02-26T20:24:51","modified_gmt":"2024-02-26T20:24:51","slug":"recurso","status":"publish","type":"page","link":"https:\/\/demo.piauidigital.pi.gov.br\/home\/recurso\/","title":{"rendered":"Recurso"},"content":{"rendered":"","protected":false},"excerpt":{"rendered":"","protected":false},"author":1,"featured_media":0,"parent":0,"menu_order":0,"comment_status":"closed","ping_status":"closed","template":"template-parts\/page-junta-comercial.php","meta":{"footnotes":""},"class_list":["post-356","page","type-page","status-publish","hentry"],"acf":{"servicos":[{"titulo":"Desist\u00eancia de Recurso ao Ministro de Estado do Desenvolvimento, Ind\u00fastria e Com\u00e9rcio Exterior","conteudo":"","btn":"https:\/\/%s.piauidigital.pi.gov.br\/evento-exclusivo\/capa-processo\/","parametros":"{'eventos-junta':'menu-recurso','tp-evento':'cpp','ato-siarco[]':'{505}','evento-siarco':'505'}","method":"POST","mensagem_modal":"","acesso":["visivel_todos"]},{"titulo":"Desist\u00eancia de Recurso ao Plen\u00e1rio","conteudo":"","btn":"https:\/\/%s.piauidigital.pi.gov.br\/evento-exclusivo\/capa-processo\/","parametros":"{'eventos-junta':'menu-recurso','tp-evento':'cpp','ato-siarco[]':'{503}','evento-siarco':'503'}","method":"POST","mensagem_modal":"","acesso":["visivel_todos"]},{"titulo":"Pedido de Reconsidera\u00e7\u00e3o","conteudo":"","btn":"https:\/\/%s.piauidigital.pi.gov.br\/evento-exclusivo\/capa-processo\/","parametros":"{'eventos-junta':'menu-recurso','tp-evento':'cpp','ato-siarco[]':'{501}','evento-siarco':'501'}","method":"POST","mensagem_modal":"","acesso":["visivel_todos"]},{"titulo":"Recurso ao Ministro de Estado do Desenvolvimento, Ind\u00fastria e Com\u00e9rcio Exterior","conteudo":"","btn":"https:\/\/%s.piauidigital.pi.gov.br\/evento-exclusivo\/capa-processo\/","parametros":"{'eventos-junta':'menu-recurso','tp-evento':'cpp','ato-siarco[]':'{504}','evento-siarco':'504'}","method":"POST","mensagem_modal":"","acesso":["visivel_todos"]},{"titulo":"Recurso ao Plen\u00e1rio","conteudo":"Trata-se da solicita\u00e7\u00e3o do recurso ao plen\u00e1rio","btn":"https:\/\/%s.piauidigital.pi.gov.br\/evento-exclusivo\/capa-processo\/","parametros":"{'eventos-junta':'menu-recurso','tp-evento':'cpp','ato-siarco[]':'{502}','evento-siarco':'502'}","method":"GET","mensagem_modal":"","acesso":["visivel_todos"]}]},"_links":{"self":[{"href":"https:\/\/demo.piauidigital.pi.gov.br\/home\/wp-json\/wp\/v2\/pages\/356","targetHints":{"allow":["GET"]}}],"collection":[{"href":"https:\/\/demo.piauidigital.pi.gov.br\/home\/wp-json\/wp\/v2\/pages"}],"about":[{"href":"https:\/\/demo.piauidigital.pi.gov.br\/home\/wp-json\/wp\/v2\/types\/page"}],"author":[{"embeddable":true,"href":"https:\/\/demo.piauidigital.pi.gov.br\/home\/wp-json\/wp\/v2\/users\/1"}],"replies":[{"embeddable":true,"href":"https:\/\/demo.piauidigital.pi.gov.br\/home\/wp-json\/wp\/v2\/comments?post=356"}],"version-history":[{"count":4,"href":"https:\/\/demo.piauidigital.pi.gov.br\/home\/wp-json\/wp\/v2\/pages\/356\/revisions"}],"predecessor-version":[{"id":1261,"href":"https:\/\/demo.piauidigital.pi.gov.br\/home\/wp-json\/wp\/v2\/pages\/356\/revisions\/1261"}],"wp:attachment":[{"href":"https:\/\/demo.piauidigital.pi.gov.br\/home\/wp-json\/wp\/v2\/media?parent=356"}],"curies":[{"name":"wp","href":"https:\/\/api.w.org\/{rel}","templated":true}]}}