{"id":360,"date":"2023-05-24T11:33:03","date_gmt":"2023-05-24T11:33:03","guid":{"rendered":"http:\/\/%s.piauidigital.pi.gov.br\/?page_id=360"},"modified":"2025-09-03T18:50:59","modified_gmt":"2025-09-03T18:50:59","slug":"tradutor","status":"publish","type":"page","link":"https:\/\/demo.piauidigital.pi.gov.br\/home\/tradutor\/","title":{"rendered":"Tradutor"},"content":{"rendered":"","protected":false},"excerpt":{"rendered":"","protected":false},"author":1,"featured_media":0,"parent":0,"menu_order":0,"comment_status":"closed","ping_status":"closed","template":"template-parts\/page-junta-comercial.php","meta":{"footnotes":""},"class_list":["post-360","page","type-page","status-publish","hentry"],"acf":{"servicos":[{"titulo":"Listar Tradutor Concursado","conteudo":"Trata-se da listagem dos tradutores concursados registrados na Junta Comercial","btn":"https:\/\/%s.piauidigital.pi.gov.br\/pessoa-fisica\/tradutor\/consulta","parametros":"{'https:\/\/%s.piauidigital.pi.gov.br\/pessoa-fisica\/tradutor\/consulta':''}","method":"POST","mensagem_modal":"","acesso":["visivel_todos"]},{"titulo":"Inscri\u00e7\u00e3o de Tradutor Ad Hoc","conteudo":"Trata-se da inscri\u00e7\u00e3o do Tradutor Ad Hoc","btn":"https:\/\/%s.piauidigital.pi.gov.br\/pessoa-fisica\/tradutor\/cadastrar","parametros":"{'https:\/\/%s.piauidigital.pi.gov.br\/pessoa-fisica\/tradutor\/cadastrar':''}","method":"POST","mensagem_modal":"","acesso":["visivel_todos"]},{"titulo":"Cancelamento de Matr\u00edcula de Tradutor P\u00fablico e Int\u00e9rprete Comercial","conteudo":"","btn":"https:\/\/%s.piauidigital.pi.gov.br\/evento-exclusivo\/capa-processo\/","parametros":"{'eventos-junta':'menu-tradutor','tp-evento':'cpp','ato-siarco[]':'{402}','evento-siarco':'402'}","method":"POST","mensagem_modal":"","acesso":["visivel_todos"]},{"titulo":"Matr\u00edcula de Tradutor P\u00fablico e Int\u00e9rprete Comercial","conteudo":"","btn":"https:\/\/%s.piauidigital.pi.gov.br\/evento-exclusivo\/capa-processo\/","parametros":"{'eventos-junta':'menu-tradutor','tp-evento':'cpp','ato-siarco[]':'{401}','evento-siarco':'401'}","method":"POST","mensagem_modal":"","acesso":["visivel_todos"]},{"titulo":"Transfer\u00eancia de Tradutor P\u00fablico e Int\u00e9rprete Comercial de Outra UF","conteudo":"","btn":"https:\/\/%s.piauidigital.pi.gov.br\/evento-exclusivo\/capa-processo\/","parametros":"{'eventos-junta':'menu-tradutor','tp-evento':'cpp','ato-siarco[]':'{401}','evento-siarco':'421'}","method":"POST","mensagem_modal":"","acesso":["visivel_todos"]},{"titulo":"Transfer\u00eancia de Tradutor P\u00fablico e Int\u00e9rprete Comercial para Outra UF","conteudo":"","btn":"https:\/\/%s.piauidigital.pi.gov.br\/evento-exclusivo\/capa-processo\/","parametros":"{'eventos-junta':'menu-tradutor','tp-evento':'cpp','ato-siarco[]':'{404}','evento-siarco':'404'}","method":"POST","mensagem_modal":"","acesso":["visivel_todos"]},{"titulo":"Matr\u00edcula de Tradutor e Int\u00e9rprete P\u00fablico","conteudo":"","btn":"https:\/\/%s.piauidigital.pi.gov.br\/solicitacao\/identificacao-solicitacao\/eyJwYXNzbyI6MTQsInRpcG9fc29saWNpdGFjYW8iOjExLCJvcmdhbyI6OTkyMSwiZXZlbnRvcyI6WzE0MDddLCJ0aXBvX3Blc3NvYSI6InBmIiwiaXNfZmx1eG9fbGVnYWRvIjpmYWxzZSwidGlwb19zZXJ2aWNvIjp7ImxhYmVsIjoiTWF0clx1MDBlZGN1bGEgZGUgVHJhZHV0b3IgZSBJbnRcdTAwZTlycHJldGUgUFx1MDBmYWJsaWNvIiwibGluayI6IlwvIn0sInRpcG9fc29saWNpdGFjYW9fZW51bSI6Ik1hdHJcdTAwZWRjdWxhIGRlIFRyYWR1dG9yIGUgSW50XHUwMGU5cnByZXRlIFBcdTAwZmFibGljbyJ9","parametros":"","method":"POST","mensagem_modal":"","acesso":["visivel_todos"]}]},"_links":{"self":[{"href":"https:\/\/demo.piauidigital.pi.gov.br\/home\/wp-json\/wp\/v2\/pages\/360","targetHints":{"allow":["GET"]}}],"collection":[{"href":"https:\/\/demo.piauidigital.pi.gov.br\/home\/wp-json\/wp\/v2\/pages"}],"about":[{"href":"https:\/\/demo.piauidigital.pi.gov.br\/home\/wp-json\/wp\/v2\/types\/page"}],"author":[{"embeddable":true,"href":"https:\/\/demo.piauidigital.pi.gov.br\/home\/wp-json\/wp\/v2\/users\/1"}],"replies":[{"embeddable":true,"href":"https:\/\/demo.piauidigital.pi.gov.br\/home\/wp-json\/wp\/v2\/comments?post=360"}],"version-history":[{"count":5,"href":"https:\/\/demo.piauidigital.pi.gov.br\/home\/wp-json\/wp\/v2\/pages\/360\/revisions"}],"predecessor-version":[{"id":1423,"href":"https:\/\/demo.piauidigital.pi.gov.br\/home\/wp-json\/wp\/v2\/pages\/360\/revisions\/1423"}],"wp:attachment":[{"href":"https:\/\/demo.piauidigital.pi.gov.br\/home\/wp-json\/wp\/v2\/media?parent=360"}],"curies":[{"name":"wp","href":"https:\/\/api.w.org\/{rel}","templated":true}]}}