{"id":644,"date":"2023-05-29T14:12:58","date_gmt":"2023-05-29T14:12:58","guid":{"rendered":"http:\/\/%s.piauidigital.pi.gov.br\/?page_id=644"},"modified":"2023-05-29T14:33:09","modified_gmt":"2023-05-29T14:33:09","slug":"adapi-cadastro","status":"publish","type":"page","link":"https:\/\/demo.piauidigital.pi.gov.br\/home\/adapi-cadastro\/","title":{"rendered":"ADAPI &#8211; Cadastro"},"content":{"rendered":"","protected":false},"excerpt":{"rendered":"","protected":false},"author":1,"featured_media":0,"parent":0,"menu_order":0,"comment_status":"closed","ping_status":"closed","template":"template-parts\/page-junta-comercial.php","meta":{"footnotes":""},"class_list":["post-644","page","type-page","status-publish","hentry"],"acf":{"servicos":[{"titulo":"Cadastro de Produtores, Propriedades e Explora\u00e7\u00f5es Pecu\u00e1rias - Defesa Animal","conteudo":"","btn":"http:\/\/sidapi.adapi.pi.gov.br\/","parametros":"","method":"POST","mensagem_modal":"","acesso":["visivel_todos"]},{"titulo":"Cadastro de Produtores, Propriedades e lavouras - Defesa Vegetal","conteudo":"","btn":"http:\/\/sidapi.adapi.pi.gov.br\/","parametros":"","method":"POST","mensagem_modal":"","acesso":["visivel_todos"]}]},"_links":{"self":[{"href":"https:\/\/demo.piauidigital.pi.gov.br\/home\/wp-json\/wp\/v2\/pages\/644","targetHints":{"allow":["GET"]}}],"collection":[{"href":"https:\/\/demo.piauidigital.pi.gov.br\/home\/wp-json\/wp\/v2\/pages"}],"about":[{"href":"https:\/\/demo.piauidigital.pi.gov.br\/home\/wp-json\/wp\/v2\/types\/page"}],"author":[{"embeddable":true,"href":"https:\/\/demo.piauidigital.pi.gov.br\/home\/wp-json\/wp\/v2\/users\/1"}],"replies":[{"embeddable":true,"href":"https:\/\/demo.piauidigital.pi.gov.br\/home\/wp-json\/wp\/v2\/comments?post=644"}],"version-history":[{"count":0,"href":"https:\/\/demo.piauidigital.pi.gov.br\/home\/wp-json\/wp\/v2\/pages\/644\/revisions"}],"wp:attachment":[{"href":"https:\/\/demo.piauidigital.pi.gov.br\/home\/wp-json\/wp\/v2\/media?parent=644"}],"curies":[{"name":"wp","href":"https:\/\/api.w.org\/{rel}","templated":true}]}}