{"id":710,"date":"2023-05-31T16:53:38","date_gmt":"2023-05-31T16:53:38","guid":{"rendered":"http:\/\/%s.piauidigital.pi.gov.br\/?page_id=710"},"modified":"2023-06-05T12:00:14","modified_gmt":"2023-06-05T12:00:14","slug":"semar-autorizacao","status":"publish","type":"page","link":"https:\/\/demo.piauidigital.pi.gov.br\/home\/semar-autorizacao\/","title":{"rendered":"SEMARH &#8211; Autoriza\u00e7\u00e3o"},"content":{"rendered":"","protected":false},"excerpt":{"rendered":"","protected":false},"author":1,"featured_media":0,"parent":0,"menu_order":0,"comment_status":"closed","ping_status":"closed","template":"template-parts\/page-junta-comercial.php","meta":{"footnotes":""},"class_list":["post-710","page","type-page","status-publish","hentry"],"acf":{"servicos":[{"titulo":"Autoriza\u00e7\u00e3o Ambiental","conteudo":"Trata-se da solicita\u00e7\u00e3o Autoriza\u00e7\u00e3o Ambiental para atividades tempor\u00e1rias","btn":"https:\/\/siga.semar.pi.gov.br\/protocolo\/AA\/","parametros":"","method":"POST","mensagem_modal":"","acesso":["visivel_todos"]},{"titulo":"Autoriza\u00e7\u00e3o de Captura, Coleta e Transporte de Material Biol\u00f3gico","conteudo":"Trata-se da solicita\u00e7\u00e3o voltada \u00e0 captura, coleta e transporte de fauna silvestre","btn":"https:\/\/siga.semar.pi.gov.br\/protocolo\/ACMB\/","parametros":"","method":"POST","mensagem_modal":"","acesso":["visivel_todos"]},{"titulo":"Autoriza\u00e7\u00e3o de Queima Controlada","conteudo":"Trata-se da solicita\u00e7\u00e3o de Autoriza\u00e7\u00e3o de Queima Controlada","btn":"https:\/\/siga.semar.pi.gov.br\/protocolo\/AQC\/","parametros":"","method":"POST","mensagem_modal":"","acesso":["visivel_todos"]},{"titulo":"Autoriza\u00e7\u00e3o e Outorga de Direito de Uso","conteudo":"Trata-se da solicita\u00e7\u00e3o de autoriza\u00e7\u00e3o e outorga de direito de uso de recursos h\u00eddricos","btn":"https:\/\/siga.semar.pi.gov.br\/protocolo\/AODU\/","parametros":"","method":"POST","mensagem_modal":"","acesso":["visivel_todos"]},{"titulo":"Autoriza\u00e7\u00e3o para Perfura\u00e7\u00e3o de Po\u00e7o Tubular e Outorga Preventiva","conteudo":"Trata-se da solicita\u00e7\u00e3o de Autoriza\u00e7\u00e3o para Perfura\u00e7\u00e3o de Po\u00e7o Tubular e Outorga Preventiva","btn":"https:\/\/siga.semar.pi.gov.br\/protocolo\/","parametros":"","method":"POST","mensagem_modal":"","acesso":["visivel_todos"]},{"titulo":"Autoriza\u00e7\u00e3o para Presta\u00e7\u00e3o de Servi\u00e7o de Turismo","conteudo":"Trata-se da solicita\u00e7\u00e3o de autoriza\u00e7\u00e3o ambiental para presta\u00e7\u00e3o de servi\u00e7o de turismo no interior de unidades de conserva\u00e7\u00e3o estaduais","btn":"https:\/\/siga.semar.pi.gov.br\/protocolo\/APSTUR\/","parametros":"","method":"POST","mensagem_modal":"","acesso":["visivel_todos"]}]},"_links":{"self":[{"href":"https:\/\/demo.piauidigital.pi.gov.br\/home\/wp-json\/wp\/v2\/pages\/710","targetHints":{"allow":["GET"]}}],"collection":[{"href":"https:\/\/demo.piauidigital.pi.gov.br\/home\/wp-json\/wp\/v2\/pages"}],"about":[{"href":"https:\/\/demo.piauidigital.pi.gov.br\/home\/wp-json\/wp\/v2\/types\/page"}],"author":[{"embeddable":true,"href":"https:\/\/demo.piauidigital.pi.gov.br\/home\/wp-json\/wp\/v2\/users\/1"}],"replies":[{"embeddable":true,"href":"https:\/\/demo.piauidigital.pi.gov.br\/home\/wp-json\/wp\/v2\/comments?post=710"}],"version-history":[{"count":3,"href":"https:\/\/demo.piauidigital.pi.gov.br\/home\/wp-json\/wp\/v2\/pages\/710\/revisions"}],"predecessor-version":[{"id":899,"href":"https:\/\/demo.piauidigital.pi.gov.br\/home\/wp-json\/wp\/v2\/pages\/710\/revisions\/899"}],"wp:attachment":[{"href":"https:\/\/demo.piauidigital.pi.gov.br\/home\/wp-json\/wp\/v2\/media?parent=710"}],"curies":[{"name":"wp","href":"https:\/\/api.w.org\/{rel}","templated":true}]}}