{"id":714,"date":"2023-05-31T17:00:40","date_gmt":"2023-05-31T17:00:40","guid":{"rendered":"http:\/\/%s.piauidigital.pi.gov.br\/?page_id=714"},"modified":"2023-06-05T12:00:49","modified_gmt":"2023-06-05T12:00:49","slug":"semar-licencas","status":"publish","type":"page","link":"https:\/\/demo.piauidigital.pi.gov.br\/home\/semar-licencas\/","title":{"rendered":"SEMARH &#8211; Licen\u00e7as"},"content":{"rendered":"","protected":false},"excerpt":{"rendered":"","protected":false},"author":1,"featured_media":0,"parent":0,"menu_order":0,"comment_status":"closed","ping_status":"closed","template":"template-parts\/page-junta-comercial.php","meta":{"footnotes":""},"class_list":["post-714","page","type-page","status-publish","hentry"],"acf":{"servicos":[{"titulo":"Licen\u00e7a de Instala\u00e7\u00e3o","conteudo":"Trata-se da solicita\u00e7\u00e3o de Licen\u00e7a de Instala\u00e7\u00e3o","btn":"https:\/\/siga.semar.pi.gov.br\/protocolo\/LI\/","parametros":"","method":"POST","mensagem_modal":"","acesso":["visivel_todos"]},{"titulo":"Licen\u00e7a de Opera\u00e7\u00e3o","conteudo":"Trata-se da solicita\u00e7\u00e3o de Licen\u00e7a de opera\u00e7\u00e3o","btn":"https:\/\/siga.semar.pi.gov.br\/protocolo\/LO\/","parametros":"","method":"POST","mensagem_modal":"","acesso":["visivel_todos"]},{"titulo":"Licen\u00e7a de Opera\u00e7\u00e3o de Regulariza\u00e7\u00e3o","conteudo":"Trata-se da solicita\u00e7\u00e3o de Licen\u00e7a de Opera\u00e7\u00e3o de Regulariza\u00e7\u00e3o","btn":"https:\/\/siga.semar.pi.gov.br\/protocolo\/LO-R\/","parametros":"","method":"POST","mensagem_modal":"","acesso":["visivel_todos"]},{"titulo":"Licen\u00e7a de Opera\u00e7\u00e3o para Transporte","conteudo":"Trata-se da solicita\u00e7\u00e3o de Licen\u00e7a de Opera\u00e7\u00e3o para Transporte de produtos perigosos","btn":"https:\/\/siga.semar.pi.gov.br\/protocolo\/LOT\/","parametros":"","method":"POST","mensagem_modal":"","acesso":["visivel_todos"]},{"titulo":"Licen\u00e7a Pr\u00e9via","conteudo":"Trata-se da solicita\u00e7\u00e3o de Licen\u00e7a Pr\u00e9via","btn":"https:\/\/siga.semar.pi.gov.br\/protocolo\/LP\/","parametros":"","method":"POST","mensagem_modal":"","acesso":["visivel_todos"]}]},"_links":{"self":[{"href":"https:\/\/demo.piauidigital.pi.gov.br\/home\/wp-json\/wp\/v2\/pages\/714","targetHints":{"allow":["GET"]}}],"collection":[{"href":"https:\/\/demo.piauidigital.pi.gov.br\/home\/wp-json\/wp\/v2\/pages"}],"about":[{"href":"https:\/\/demo.piauidigital.pi.gov.br\/home\/wp-json\/wp\/v2\/types\/page"}],"author":[{"embeddable":true,"href":"https:\/\/demo.piauidigital.pi.gov.br\/home\/wp-json\/wp\/v2\/users\/1"}],"replies":[{"embeddable":true,"href":"https:\/\/demo.piauidigital.pi.gov.br\/home\/wp-json\/wp\/v2\/comments?post=714"}],"version-history":[{"count":2,"href":"https:\/\/demo.piauidigital.pi.gov.br\/home\/wp-json\/wp\/v2\/pages\/714\/revisions"}],"predecessor-version":[{"id":900,"href":"https:\/\/demo.piauidigital.pi.gov.br\/home\/wp-json\/wp\/v2\/pages\/714\/revisions\/900"}],"wp:attachment":[{"href":"https:\/\/demo.piauidigital.pi.gov.br\/home\/wp-json\/wp\/v2\/media?parent=714"}],"curies":[{"name":"wp","href":"https:\/\/api.w.org\/{rel}","templated":true}]}}