{"id":717,"date":"2023-05-31T17:09:32","date_gmt":"2023-05-31T17:09:32","guid":{"rendered":"http:\/\/%s.piauidigital.pi.gov.br\/?page_id=717"},"modified":"2023-06-05T12:01:07","modified_gmt":"2023-06-05T12:01:07","slug":"semar-renovacao","status":"publish","type":"page","link":"https:\/\/demo.piauidigital.pi.gov.br\/home\/semar-renovacao\/","title":{"rendered":"SEMARH &#8211; Renova\u00e7\u00e3o"},"content":{"rendered":"","protected":false},"excerpt":{"rendered":"","protected":false},"author":1,"featured_media":0,"parent":0,"menu_order":0,"comment_status":"closed","ping_status":"closed","template":"template-parts\/page-junta-comercial.php","meta":{"footnotes":""},"class_list":["post-717","page","type-page","status-publish","hentry"],"acf":{"servicos":[{"titulo":"Renova\u00e7\u00e3o de Autoriza\u00e7\u00e3o e de Outorga de Direito de Uso","conteudo":"Trata-se da solicita\u00e7\u00e3o de renova\u00e7\u00e3o de Autoriza\u00e7\u00e3o e de Outorga de Direito de Uso","btn":"https:\/\/siga.semar.pi.gov.br\/protocolo\/RAODU\/","parametros":"","method":"POST","mensagem_modal":"","acesso":["visivel_todos"]},{"titulo":"Renova\u00e7\u00e3o de Autoriza\u00e7\u00e3o e de Outorga Preventiva","conteudo":"Trata-se da solicita\u00e7\u00e3o de renova\u00e7\u00e3o de Autoriza\u00e7\u00e3o e de Outorga Preventiva","btn":"https:\/\/siga.semar.pi.gov.br\/protocolo\/RAUTPOOP\/","parametros":"","method":"POST","mensagem_modal":"","acesso":["visivel_todos"]},{"titulo":"Renova\u00e7\u00e3o de Cadastro para Cria\u00e7\u00e3o Amadora Passeriformes","conteudo":"Trata-se da solicita\u00e7\u00e3o de Renova\u00e7\u00e3o de Cadastro no Sispass para Cria\u00e7\u00e3o Amadora Passeriformes","btn":"https:\/\/siga.semar.pi.gov.br\/protocolo\/RCCAP\/","parametros":"","method":"POST","mensagem_modal":"","acesso":["visivel_todos"]},{"titulo":"Renova\u00e7\u00e3o de Declara\u00e7\u00e3o de Baixo Impacto Ambiental","conteudo":"Trata-se da solicita\u00e7\u00e3o de Renova\u00e7\u00e3o de Declara\u00e7\u00e3o de Baixo Impacto Ambiental","btn":"https:\/\/siga.semar.pi.gov.br\/protocolo\/R-DBIA\/","parametros":"","method":"POST","mensagem_modal":"","acesso":["visivel_todos"]},{"titulo":"Renova\u00e7\u00e3o de Licen\u00e7a de Opera\u00e7\u00e3o","conteudo":"Trata-se da solicita\u00e7\u00e3o de Renova\u00e7\u00e3o de Licen\u00e7a de Opera\u00e7\u00e3o","btn":"https:\/\/siga.semar.pi.gov.br\/protocolo\/RLO\/","parametros":"","method":"POST","mensagem_modal":"","acesso":["visivel_todos"]},{"titulo":"Renova\u00e7\u00e3o de Licen\u00e7a de Opera\u00e7\u00e3o para Transporte","conteudo":"Trata-se da solicita\u00e7\u00e3o Renova\u00e7\u00e3o de Licen\u00e7a de Opera\u00e7\u00e3o para Transporte de produtos perigosos","btn":"https:\/\/siga.semar.pi.gov.br\/protocolo\/RLOT\/","parametros":"","method":"POST","mensagem_modal":"","acesso":["visivel_todos"]},{"titulo":"Renova\u00e7\u00e3o de Outorga de Direito de Uso","conteudo":"Trata-se da solicita\u00e7\u00e3o de renova\u00e7\u00e3o de Outorga de Direito de Uso","btn":"https:\/\/siga.semar.pi.gov.br\/protocolo\/RODRH\/","parametros":"","method":"POST","mensagem_modal":"","acesso":["visivel_todos"]},{"titulo":"Renova\u00e7\u00e3o de Outorga Preventiva","conteudo":"Trata-se da solicita\u00e7\u00e3o de renova\u00e7\u00e3o de Outorga Preventiva","btn":"https:\/\/siga.semar.pi.gov.br\/protocolo\/ROP\/","parametros":"","method":"POST","mensagem_modal":"","acesso":["visivel_todos"]}]},"_links":{"self":[{"href":"https:\/\/demo.piauidigital.pi.gov.br\/home\/wp-json\/wp\/v2\/pages\/717","targetHints":{"allow":["GET"]}}],"collection":[{"href":"https:\/\/demo.piauidigital.pi.gov.br\/home\/wp-json\/wp\/v2\/pages"}],"about":[{"href":"https:\/\/demo.piauidigital.pi.gov.br\/home\/wp-json\/wp\/v2\/types\/page"}],"author":[{"embeddable":true,"href":"https:\/\/demo.piauidigital.pi.gov.br\/home\/wp-json\/wp\/v2\/users\/1"}],"replies":[{"embeddable":true,"href":"https:\/\/demo.piauidigital.pi.gov.br\/home\/wp-json\/wp\/v2\/comments?post=717"}],"version-history":[{"count":2,"href":"https:\/\/demo.piauidigital.pi.gov.br\/home\/wp-json\/wp\/v2\/pages\/717\/revisions"}],"predecessor-version":[{"id":901,"href":"https:\/\/demo.piauidigital.pi.gov.br\/home\/wp-json\/wp\/v2\/pages\/717\/revisions\/901"}],"wp:attachment":[{"href":"https:\/\/demo.piauidigital.pi.gov.br\/home\/wp-json\/wp\/v2\/media?parent=717"}],"curies":[{"name":"wp","href":"https:\/\/api.w.org\/{rel}","templated":true}]}}