{"id":726,"date":"2023-05-31T17:47:02","date_gmt":"2023-05-31T17:47:02","guid":{"rendered":"http:\/\/%s.piauidigital.pi.gov.br\/?page_id=726"},"modified":"2023-06-05T12:01:53","modified_gmt":"2023-06-05T12:01:53","slug":"semar-cancelamento","status":"publish","type":"page","link":"https:\/\/demo.piauidigital.pi.gov.br\/home\/semar-cancelamento\/","title":{"rendered":"SEMARH &#8211; Cancelamento"},"content":{"rendered":"","protected":false},"excerpt":{"rendered":"","protected":false},"author":1,"featured_media":0,"parent":0,"menu_order":0,"comment_status":"closed","ping_status":"closed","template":"template-parts\/page-junta-comercial.php","meta":{"footnotes":""},"class_list":["post-726","page","type-page","status-publish","hentry"],"acf":{"servicos":[{"titulo":"Cancelamento de Cadastro no SisPass","conteudo":"Trata-se da solicita\u00e7\u00e3o Cancelamento de Cadastro de criador amador de passeriformes no SisPass","btn":"https:\/\/siga.semar.pi.gov.br\/protocolo\/CCS\/","parametros":"","method":"POST","mensagem_modal":"","acesso":["visivel_todos"]},{"titulo":"Cancelamento de CAR","conteudo":"Trata-se da solicita\u00e7\u00e3o de cancelamento de CAR","btn":"https:\/\/siga.semar.pi.gov.br\/protocolo\/CCAR\/","parametros":"","method":"POST","mensagem_modal":"","acesso":["visivel_todos"]},{"titulo":"Cancelamento de DOF","conteudo":"Trata-se do cancelamento de DOF","btn":"https:\/\/siga.semar.pi.gov.br\/protocolo\/CDOF\/","parametros":"","method":"POST","mensagem_modal":"","acesso":["visivel_todos"]},{"titulo":"Cancelamento de Ve\u00edculo","conteudo":"Trata-se da solicita\u00e7\u00e3o de cancelamento de cadastro de ve\u00edculos inseridos no sistema DOF","btn":"https:\/\/siga.semar.pi.gov.br\/protocolo\/CVE\/","parametros":"","method":"POST","mensagem_modal":"","acesso":["visivel_todos"]}]},"_links":{"self":[{"href":"https:\/\/demo.piauidigital.pi.gov.br\/home\/wp-json\/wp\/v2\/pages\/726","targetHints":{"allow":["GET"]}}],"collection":[{"href":"https:\/\/demo.piauidigital.pi.gov.br\/home\/wp-json\/wp\/v2\/pages"}],"about":[{"href":"https:\/\/demo.piauidigital.pi.gov.br\/home\/wp-json\/wp\/v2\/types\/page"}],"author":[{"embeddable":true,"href":"https:\/\/demo.piauidigital.pi.gov.br\/home\/wp-json\/wp\/v2\/users\/1"}],"replies":[{"embeddable":true,"href":"https:\/\/demo.piauidigital.pi.gov.br\/home\/wp-json\/wp\/v2\/comments?post=726"}],"version-history":[{"count":2,"href":"https:\/\/demo.piauidigital.pi.gov.br\/home\/wp-json\/wp\/v2\/pages\/726\/revisions"}],"predecessor-version":[{"id":902,"href":"https:\/\/demo.piauidigital.pi.gov.br\/home\/wp-json\/wp\/v2\/pages\/726\/revisions\/902"}],"wp:attachment":[{"href":"https:\/\/demo.piauidigital.pi.gov.br\/home\/wp-json\/wp\/v2\/media?parent=726"}],"curies":[{"name":"wp","href":"https:\/\/api.w.org\/{rel}","templated":true}]}}