{"id":728,"date":"2023-05-31T18:04:08","date_gmt":"2023-05-31T18:04:08","guid":{"rendered":"http:\/\/%s.piauidigital.pi.gov.br\/?page_id=728"},"modified":"2023-06-05T12:02:07","modified_gmt":"2023-06-05T12:02:07","slug":"semar-declaracao","status":"publish","type":"page","link":"https:\/\/demo.piauidigital.pi.gov.br\/home\/semar-declaracao\/","title":{"rendered":"SEMARH &#8211; Declara\u00e7\u00e3o"},"content":{"rendered":"","protected":false},"excerpt":{"rendered":"","protected":false},"author":1,"featured_media":0,"parent":0,"menu_order":0,"comment_status":"closed","ping_status":"closed","template":"template-parts\/page-junta-comercial.php","meta":{"footnotes":""},"class_list":["post-728","page","type-page","status-publish","hentry"],"acf":{"servicos":[{"titulo":"Declara\u00e7\u00e3o de Baixo Impacto Ambiental","conteudo":"Trata-se da solicita\u00e7\u00e3o de Declara\u00e7\u00e3o de Baixo Impacto Ambiental","btn":"https:\/\/siga.semar.pi.gov.br\/protocolo\/DBIA\/","parametros":"","method":"POST","mensagem_modal":"","acesso":["visivel_todos"]},{"titulo":"Declara\u00e7\u00e3o de Devolu\u00e7\u00e3o de Anilhas e Baixa no SisPass","conteudo":"Trata-se da solicita\u00e7\u00e3o de Declara\u00e7\u00e3o de Devolu\u00e7\u00e3o de Anilhas e Baixa no SisPass","btn":"https:\/\/siga.semar.pi.gov.br\/protocolo\/DDABS\/","parametros":"","method":"POST","mensagem_modal":"","acesso":["visivel_todos"]},{"titulo":"Declara\u00e7\u00e3o de Dispensa de Licenciamento Ambiental Estadual","conteudo":"Trata-se da solicita\u00e7\u00e3o de Declara\u00e7\u00e3o de Dispensa de Licenciamento Ambiental Estadual","btn":"https:\/\/siga.semar.pi.gov.br\/protocolo\/DDLAE\/","parametros":"","method":"POST","mensagem_modal":"","acesso":["visivel_todos"]},{"titulo":"Declara\u00e7\u00e3o de Fuga, Roubo ou Furto de Ave","conteudo":"Trata-se da solicita\u00e7\u00e3o de Declara\u00e7\u00e3o de Fuga, Roubo ou Furto de Ave cadastrada no Sispass","btn":"https:\/\/siga.semar.pi.gov.br\/protocolo\/DFRFA\/","parametros":"","method":"POST","mensagem_modal":"","acesso":["visivel_todos"]},{"titulo":"Declara\u00e7\u00e3o de Plantio Florestal","conteudo":"Trata-se da declara\u00e7\u00e3o de plantio de esp\u00e9cies ex\u00f3ticas ou nativas para fins de cr\u00e9dito florestal","btn":"https:\/\/siga.semar.pi.gov.br\/protocolo\/DPF\/","parametros":"","method":"POST","mensagem_modal":"","acesso":["visivel_todos"]}]},"_links":{"self":[{"href":"https:\/\/demo.piauidigital.pi.gov.br\/home\/wp-json\/wp\/v2\/pages\/728","targetHints":{"allow":["GET"]}}],"collection":[{"href":"https:\/\/demo.piauidigital.pi.gov.br\/home\/wp-json\/wp\/v2\/pages"}],"about":[{"href":"https:\/\/demo.piauidigital.pi.gov.br\/home\/wp-json\/wp\/v2\/types\/page"}],"author":[{"embeddable":true,"href":"https:\/\/demo.piauidigital.pi.gov.br\/home\/wp-json\/wp\/v2\/users\/1"}],"replies":[{"embeddable":true,"href":"https:\/\/demo.piauidigital.pi.gov.br\/home\/wp-json\/wp\/v2\/comments?post=728"}],"version-history":[{"count":2,"href":"https:\/\/demo.piauidigital.pi.gov.br\/home\/wp-json\/wp\/v2\/pages\/728\/revisions"}],"predecessor-version":[{"id":903,"href":"https:\/\/demo.piauidigital.pi.gov.br\/home\/wp-json\/wp\/v2\/pages\/728\/revisions\/903"}],"wp:attachment":[{"href":"https:\/\/demo.piauidigital.pi.gov.br\/home\/wp-json\/wp\/v2\/media?parent=728"}],"curies":[{"name":"wp","href":"https:\/\/api.w.org\/{rel}","templated":true}]}}