{"id":730,"date":"2023-05-31T18:25:02","date_gmt":"2023-05-31T18:25:02","guid":{"rendered":"http:\/\/%s.piauidigital.pi.gov.br\/?page_id=730"},"modified":"2023-06-05T12:02:23","modified_gmt":"2023-06-05T12:02:23","slug":"semar-desarquivamento","status":"publish","type":"page","link":"https:\/\/demo.piauidigital.pi.gov.br\/home\/semar-desarquivamento\/","title":{"rendered":"SEMARH &#8211; Desarquivamento"},"content":{"rendered":"","protected":false},"excerpt":{"rendered":"","protected":false},"author":1,"featured_media":0,"parent":0,"menu_order":0,"comment_status":"closed","ping_status":"closed","template":"template-parts\/page-junta-comercial.php","meta":{"footnotes":""},"class_list":["post-730","page","type-page","status-publish","hentry"],"acf":{"servicos":[{"titulo":"Desarquivamento de Processo CAR no SIGA","conteudo":"Trata-se da solicita\u00e7\u00e3o de desarquivamento de processo relativo ao CAR","btn":"https:\/\/siga.semar.pi.gov.br\/protocolo\/DESARQFA\/","parametros":"","method":"POST","mensagem_modal":"","acesso":["visivel_todos"]},{"titulo":"Desarquivamento de Processo de Fauna no SIGA","conteudo":"Trata-se da solicita\u00e7\u00e3o de desarquivamento de processo relativo \u00e0 fauna","btn":"https:\/\/siga.semar.pi.gov.br\/protocolo\/DESARQFA\/","parametros":"","method":"POST","mensagem_modal":"","acesso":["visivel_todos"]},{"titulo":"Desarquivamento de Processo de Licenciamento","conteudo":"Trata-se da solicita\u00e7\u00e3o de desarquivamento de processo relativo ao licenciamento ambiental","btn":"https:\/\/siga.semar.pi.gov.br\/protocolo\/DESARQLI\/","parametros":"","method":"POST","mensagem_modal":"","acesso":["visivel_todos"]},{"titulo":"Desarquivamento de Processo de Recursos H\u00eddricos","conteudo":"Trata-se da solicita\u00e7\u00e3o de desarquivamento de processo relativo \u00e0 gest\u00e3o de recursos h\u00eddricos","btn":"https:\/\/siga.semar.pi.gov.br\/protocolo\/DESARQRH\/","parametros":"","method":"POST","mensagem_modal":"","acesso":["visivel_todos"]},{"titulo":"Desarquivamento de Processo Florestal no SIGA","conteudo":"Trata-se da solicita\u00e7\u00e3o de desarquivamento de processo relativo \u00e0 gest\u00e3o florestal","btn":"https:\/\/siga.semar.pi.gov.br\/protocolo\/DESARQFL\/","parametros":"","method":"POST","mensagem_modal":"","acesso":["visivel_todos"]},{"titulo":"Desarquivamento de Processo no SINAFLOR","conteudo":"Trata-se da solicita\u00e7\u00e3o de desarquivamento de processo aberto no Sinaflor","btn":"https:\/\/siga.semar.pi.gov.br\/protocolo\/DPSI\/","parametros":"","method":"POST","mensagem_modal":"","acesso":["visivel_todos"]}]},"_links":{"self":[{"href":"https:\/\/demo.piauidigital.pi.gov.br\/home\/wp-json\/wp\/v2\/pages\/730","targetHints":{"allow":["GET"]}}],"collection":[{"href":"https:\/\/demo.piauidigital.pi.gov.br\/home\/wp-json\/wp\/v2\/pages"}],"about":[{"href":"https:\/\/demo.piauidigital.pi.gov.br\/home\/wp-json\/wp\/v2\/types\/page"}],"author":[{"embeddable":true,"href":"https:\/\/demo.piauidigital.pi.gov.br\/home\/wp-json\/wp\/v2\/users\/1"}],"replies":[{"embeddable":true,"href":"https:\/\/demo.piauidigital.pi.gov.br\/home\/wp-json\/wp\/v2\/comments?post=730"}],"version-history":[{"count":2,"href":"https:\/\/demo.piauidigital.pi.gov.br\/home\/wp-json\/wp\/v2\/pages\/730\/revisions"}],"predecessor-version":[{"id":904,"href":"https:\/\/demo.piauidigital.pi.gov.br\/home\/wp-json\/wp\/v2\/pages\/730\/revisions\/904"}],"wp:attachment":[{"href":"https:\/\/demo.piauidigital.pi.gov.br\/home\/wp-json\/wp\/v2\/media?parent=730"}],"curies":[{"name":"wp","href":"https:\/\/api.w.org\/{rel}","templated":true}]}}