{"id":732,"date":"2023-05-31T18:35:35","date_gmt":"2023-05-31T18:35:35","guid":{"rendered":"http:\/\/%s.piauidigital.pi.gov.br\/?page_id=732"},"modified":"2023-06-05T12:02:38","modified_gmt":"2023-06-05T12:02:38","slug":"semar-homologacao","status":"publish","type":"page","link":"https:\/\/demo.piauidigital.pi.gov.br\/home\/semar-homologacao\/","title":{"rendered":"SEMARH &#8211; Homologa\u00e7\u00e3o"},"content":{"rendered":"","protected":false},"excerpt":{"rendered":"","protected":false},"author":1,"featured_media":0,"parent":0,"menu_order":0,"comment_status":"closed","ping_status":"closed","template":"template-parts\/page-junta-comercial.php","meta":{"footnotes":""},"class_list":["post-732","page","type-page","status-publish","hentry"],"acf":{"servicos":[{"titulo":"Homologa\u00e7\u00e3o de Cadastro de Empreendimento no SINAFLOR","conteudo":"Trata-se da homologa\u00e7\u00e3o de um novo projeto cadastrado previamente no Sinaflor","btn":"https:\/\/siga.semar.pi.gov.br\/protocolo\/HCES\/","parametros":"","method":"POST","mensagem_modal":"","acesso":["visivel_todos"]},{"titulo":"Homologa\u00e7\u00e3o de Cadastro de Respons\u00e1vel T\u00e9cnico no SINAFLOR","conteudo":"Trata-se da solicita\u00e7\u00e3o de homologa\u00e7\u00e3o de cadastro de respons\u00e1vel t\u00e9cnico por projeto cadastrado no SINAFLOR","btn":"https:\/\/siga.semar.pi.gov.br\/protocolo\/HCRTS\/","parametros":"","method":"POST","mensagem_modal":"","acesso":["visivel_todos"]},{"titulo":"Homologa\u00e7\u00e3o de Cadastro para Cria\u00e7\u00e3o Amadora Passeriformes","conteudo":"Trata-se da solicita\u00e7\u00e3o de Homologa\u00e7\u00e3o de Cadastro para Cria\u00e7\u00e3o Amadora Passeriformes no Sispass","btn":"https:\/\/siga.semar.pi.gov.br\/protocolo\/HCCAP\/","parametros":"","method":"POST","mensagem_modal":"","acesso":["visivel_todos"]},{"titulo":"Homologa\u00e7\u00e3o de P\u00e1tio","conteudo":"Trata-se da homologa\u00e7\u00e3o de cadastro no sistema DOF de local destinado ao armazenamento de madeiras","btn":"https:\/\/siga.semar.pi.gov.br\/protocolo\/HPT\/","parametros":"","method":"POST","mensagem_modal":"","acesso":["visivel_todos"]}]},"_links":{"self":[{"href":"https:\/\/demo.piauidigital.pi.gov.br\/home\/wp-json\/wp\/v2\/pages\/732","targetHints":{"allow":["GET"]}}],"collection":[{"href":"https:\/\/demo.piauidigital.pi.gov.br\/home\/wp-json\/wp\/v2\/pages"}],"about":[{"href":"https:\/\/demo.piauidigital.pi.gov.br\/home\/wp-json\/wp\/v2\/types\/page"}],"author":[{"embeddable":true,"href":"https:\/\/demo.piauidigital.pi.gov.br\/home\/wp-json\/wp\/v2\/users\/1"}],"replies":[{"embeddable":true,"href":"https:\/\/demo.piauidigital.pi.gov.br\/home\/wp-json\/wp\/v2\/comments?post=732"}],"version-history":[{"count":2,"href":"https:\/\/demo.piauidigital.pi.gov.br\/home\/wp-json\/wp\/v2\/pages\/732\/revisions"}],"predecessor-version":[{"id":905,"href":"https:\/\/demo.piauidigital.pi.gov.br\/home\/wp-json\/wp\/v2\/pages\/732\/revisions\/905"}],"wp:attachment":[{"href":"https:\/\/demo.piauidigital.pi.gov.br\/home\/wp-json\/wp\/v2\/media?parent=732"}],"curies":[{"name":"wp","href":"https:\/\/api.w.org\/{rel}","templated":true}]}}