{"id":734,"date":"2023-05-31T18:39:20","date_gmt":"2023-05-31T18:39:20","guid":{"rendered":"http:\/\/%s.piauidigital.pi.gov.br\/?page_id=734"},"modified":"2023-06-05T12:02:58","modified_gmt":"2023-06-05T12:02:58","slug":"semar-liberacoes","status":"publish","type":"page","link":"https:\/\/demo.piauidigital.pi.gov.br\/home\/semar-liberacoes\/","title":{"rendered":"SEMARH &#8211; Libera\u00e7\u00f5es"},"content":{"rendered":"","protected":false},"excerpt":{"rendered":"","protected":false},"author":1,"featured_media":0,"parent":0,"menu_order":0,"comment_status":"closed","ping_status":"closed","template":"template-parts\/page-junta-comercial.php","meta":{"footnotes":""},"class_list":["post-734","page","type-page","status-publish","hentry"],"acf":{"servicos":[{"titulo":"Libera\u00e7\u00e3o de Cadastro de Empreendimento no SINAFLOR","conteudo":"Trata-se da homologa\u00e7\u00e3o de uma altera\u00e7\u00e3o de projeto j\u00e1 cadastrado  no Sinaflor","btn":"https:\/\/siga.semar.pi.gov.br\/protocolo\/LCES\/","parametros":"","method":"POST","mensagem_modal":"","acesso":["visivel_todos"]},{"titulo":"Libera\u00e7\u00e3o de Ofertas","conteudo":"Trata-se de solicita\u00e7\u00e3o de prorroga\u00e7\u00e3o de validade de DOF","btn":"https:\/\/siga.semar.pi.gov.br\/protocolo\/LOD\/","parametros":"","method":"POST","mensagem_modal":"","acesso":["visivel_todos"]},{"titulo":"Libera\u00e7\u00e3o de Ve\u00edculo","conteudo":"Trata-se da solicita\u00e7\u00e3o de libera\u00e7\u00e3o do cadastro de ve\u00edculos no sistema DOF","btn":"https:\/\/siga.semar.pi.gov.br\/protocolo\/LVE\/","parametros":"","method":"POST","mensagem_modal":"","acesso":["visivel_todos"]},{"titulo":"Libera\u00e7\u00e3o\/Reativa\u00e7\u00e3o de P\u00e1tio","conteudo":"Trata-se da libera\u00e7\u00e3o\/reativa\u00e7\u00e3o de cadastro no sistema DOF de local destinado ao armazenamento de madeiras que esteja suspenso por inatividade ou embargado","btn":"https:\/\/siga.semar.pi.gov.br\/protocolo\/REAP\/","parametros":"","method":"POST","mensagem_modal":"","acesso":["visivel_todos"]}]},"_links":{"self":[{"href":"https:\/\/demo.piauidigital.pi.gov.br\/home\/wp-json\/wp\/v2\/pages\/734","targetHints":{"allow":["GET"]}}],"collection":[{"href":"https:\/\/demo.piauidigital.pi.gov.br\/home\/wp-json\/wp\/v2\/pages"}],"about":[{"href":"https:\/\/demo.piauidigital.pi.gov.br\/home\/wp-json\/wp\/v2\/types\/page"}],"author":[{"embeddable":true,"href":"https:\/\/demo.piauidigital.pi.gov.br\/home\/wp-json\/wp\/v2\/users\/1"}],"replies":[{"embeddable":true,"href":"https:\/\/demo.piauidigital.pi.gov.br\/home\/wp-json\/wp\/v2\/comments?post=734"}],"version-history":[{"count":2,"href":"https:\/\/demo.piauidigital.pi.gov.br\/home\/wp-json\/wp\/v2\/pages\/734\/revisions"}],"predecessor-version":[{"id":906,"href":"https:\/\/demo.piauidigital.pi.gov.br\/home\/wp-json\/wp\/v2\/pages\/734\/revisions\/906"}],"wp:attachment":[{"href":"https:\/\/demo.piauidigital.pi.gov.br\/home\/wp-json\/wp\/v2\/media?parent=734"}],"curies":[{"name":"wp","href":"https:\/\/api.w.org\/{rel}","templated":true}]}}