{"id":736,"date":"2023-05-31T18:41:15","date_gmt":"2023-05-31T18:41:15","guid":{"rendered":"http:\/\/%s.piauidigital.pi.gov.br\/?page_id=736"},"modified":"2023-06-05T12:03:15","modified_gmt":"2023-06-05T12:03:15","slug":"semar-prorrogacao","status":"publish","type":"page","link":"https:\/\/demo.piauidigital.pi.gov.br\/home\/semar-prorrogacao\/","title":{"rendered":"SEMARH &#8211; Prorroga\u00e7\u00e3o"},"content":{"rendered":"","protected":false},"excerpt":{"rendered":"","protected":false},"author":1,"featured_media":0,"parent":0,"menu_order":0,"comment_status":"closed","ping_status":"closed","template":"template-parts\/page-junta-comercial.php","meta":{"footnotes":""},"class_list":["post-736","page","type-page","status-publish","hentry"],"acf":{"servicos":[{"titulo":"Prorroga\u00e7\u00e3o de Licen\u00e7a de Instala\u00e7\u00e3o","conteudo":"Trata-se da solicita\u00e7\u00e3o de Prorroga\u00e7\u00e3o de Licen\u00e7a de Instala\u00e7\u00e3o","btn":"https:\/\/siga.semar.pi.gov.br\/protocolo\/PLI\/","parametros":"","method":"POST","mensagem_modal":"","acesso":["visivel_todos"]},{"titulo":"Prorroga\u00e7\u00e3o de Licen\u00e7a Pr\u00e9via","conteudo":"Trata-se da solicita\u00e7\u00e3o de Prorroga\u00e7\u00e3o de Licen\u00e7a Pr\u00e9via","btn":"https:\/\/siga.semar.pi.gov.br\/protocolo\/PLP\/","parametros":"","method":"POST","mensagem_modal":"","acesso":["visivel_todos"]},{"titulo":"Prorroga\u00e7\u00e3o de Prazo de Condicionante","conteudo":"Trata-se da solicita\u00e7\u00e3o para prorroga\u00e7\u00e3o de prazo para atendimento de condicionantes fixadas em licen\u00e7as e autoriza\u00e7\u00f5es ambientais","btn":"https:\/\/siga.semar.pi.gov.br\/protocolo\/PPCL\/","parametros":"","method":"POST","mensagem_modal":"","acesso":["visivel_todos"]},{"titulo":"Prorroga\u00e7\u00e3o de Prazo para Apresenta\u00e7\u00e3o de Documento","conteudo":"Trata-se da solicita\u00e7\u00e3o para prorroga\u00e7\u00e3o de prazo para atendimento de pend\u00eancia apontada em an\u00e1lise t\u00e9cnica","btn":"https:\/\/siga.semar.pi.gov.br\/protocolo\/PPAD\/","parametros":"","method":"POST","mensagem_modal":"","acesso":["visivel_todos"]}]},"_links":{"self":[{"href":"https:\/\/demo.piauidigital.pi.gov.br\/home\/wp-json\/wp\/v2\/pages\/736","targetHints":{"allow":["GET"]}}],"collection":[{"href":"https:\/\/demo.piauidigital.pi.gov.br\/home\/wp-json\/wp\/v2\/pages"}],"about":[{"href":"https:\/\/demo.piauidigital.pi.gov.br\/home\/wp-json\/wp\/v2\/types\/page"}],"author":[{"embeddable":true,"href":"https:\/\/demo.piauidigital.pi.gov.br\/home\/wp-json\/wp\/v2\/users\/1"}],"replies":[{"embeddable":true,"href":"https:\/\/demo.piauidigital.pi.gov.br\/home\/wp-json\/wp\/v2\/comments?post=736"}],"version-history":[{"count":3,"href":"https:\/\/demo.piauidigital.pi.gov.br\/home\/wp-json\/wp\/v2\/pages\/736\/revisions"}],"predecessor-version":[{"id":907,"href":"https:\/\/demo.piauidigital.pi.gov.br\/home\/wp-json\/wp\/v2\/pages\/736\/revisions\/907"}],"wp:attachment":[{"href":"https:\/\/demo.piauidigital.pi.gov.br\/home\/wp-json\/wp\/v2\/media?parent=736"}],"curies":[{"name":"wp","href":"https:\/\/api.w.org\/{rel}","templated":true}]}}