{"id":739,"date":"2023-05-31T18:46:40","date_gmt":"2023-05-31T18:46:40","guid":{"rendered":"http:\/\/%s.piauidigital.pi.gov.br\/?page_id=739"},"modified":"2023-06-05T12:04:05","modified_gmt":"2023-06-05T12:04:05","slug":"semar-suspensao","status":"publish","type":"page","link":"https:\/\/demo.piauidigital.pi.gov.br\/home\/semar-suspensao\/","title":{"rendered":"SEMARH &#8211; Suspens\u00e3o"},"content":{"rendered":"","protected":false},"excerpt":{"rendered":"","protected":false},"author":1,"featured_media":0,"parent":0,"menu_order":0,"comment_status":"closed","ping_status":"closed","template":"template-parts\/page-junta-comercial.php","meta":{"footnotes":""},"class_list":["post-739","page","type-page","status-publish","hentry"],"acf":{"servicos":[{"titulo":"Suspens\u00e3o de DOF","conteudo":"Trata-se de solicita\u00e7\u00e3o de suspens\u00e3o de DOF","btn":"https:\/\/siga.semar.pi.gov.br\/protocolo\/SDOF\/","parametros":"","method":"POST","mensagem_modal":"","acesso":["visivel_todos"]},{"titulo":"Suspens\u00e3o\/Cancelamento de Autoriza\u00e7\u00e3o ou Outorga","conteudo":"Trata-se da solicita\u00e7\u00e3o de suspens\u00e3o\/cancelamento de autoriza\u00e7\u00e3o ou outorga j\u00e1 emitida pelo \u00f3rg\u00e3o","btn":"https:\/\/siga.semar.pi.gov.br\/protocolo\/SCAOUT\/","parametros":"","method":"POST","mensagem_modal":"","acesso":["visivel_todos"]},{"titulo":"Suspens\u00e3o\/Cancelamento de Autoriza\u00e7\u00e3o, DBIA ou Licen\u00e7a Ambiental","conteudo":"Trata-se da solicita\u00e7\u00e3o de suspens\u00e3o\/cancelamento de autoriza\u00e7\u00e3o ou licen\u00e7a ambiental j\u00e1 emitida pelo \u00f3rg\u00e3o","btn":"https:\/\/siga.semar.pi.gov.br\/protocolo\/SCADL\/","parametros":"","method":"POST","mensagem_modal":"","acesso":["visivel_todos"]}]},"_links":{"self":[{"href":"https:\/\/demo.piauidigital.pi.gov.br\/home\/wp-json\/wp\/v2\/pages\/739","targetHints":{"allow":["GET"]}}],"collection":[{"href":"https:\/\/demo.piauidigital.pi.gov.br\/home\/wp-json\/wp\/v2\/pages"}],"about":[{"href":"https:\/\/demo.piauidigital.pi.gov.br\/home\/wp-json\/wp\/v2\/types\/page"}],"author":[{"embeddable":true,"href":"https:\/\/demo.piauidigital.pi.gov.br\/home\/wp-json\/wp\/v2\/users\/1"}],"replies":[{"embeddable":true,"href":"https:\/\/demo.piauidigital.pi.gov.br\/home\/wp-json\/wp\/v2\/comments?post=739"}],"version-history":[{"count":2,"href":"https:\/\/demo.piauidigital.pi.gov.br\/home\/wp-json\/wp\/v2\/pages\/739\/revisions"}],"predecessor-version":[{"id":908,"href":"https:\/\/demo.piauidigital.pi.gov.br\/home\/wp-json\/wp\/v2\/pages\/739\/revisions\/908"}],"wp:attachment":[{"href":"https:\/\/demo.piauidigital.pi.gov.br\/home\/wp-json\/wp\/v2\/media?parent=739"}],"curies":[{"name":"wp","href":"https:\/\/api.w.org\/{rel}","templated":true}]}}