{"id":741,"date":"2023-05-31T19:16:43","date_gmt":"2023-05-31T19:16:43","guid":{"rendered":"http:\/\/%s.piauidigital.pi.gov.br\/?page_id=741"},"modified":"2023-06-05T12:07:00","modified_gmt":"2023-06-05T12:07:00","slug":"semar-demais-servicos","status":"publish","type":"page","link":"https:\/\/demo.piauidigital.pi.gov.br\/home\/semar-demais-servicos\/","title":{"rendered":"SEMARH &#8211; Demais Servi\u00e7os"},"content":{"rendered":"","protected":false},"excerpt":{"rendered":"","protected":false},"author":1,"featured_media":0,"parent":0,"menu_order":0,"comment_status":"closed","ping_status":"closed","template":"template-parts\/page-junta-comercial.php","meta":{"footnotes":""},"class_list":["post-741","page","type-page","status-publish","hentry"],"acf":{"servicos":[{"titulo":"Ajuste Administrativo no DOF","conteudo":"Trata-se do ajuste administrativo de quantidades de volume madeireiro no sistema DOF ou transfer\u00eancia de cr\u00e9ditos do sistema DOF para o DOF +","btn":"https:\/\/siga.semar.pi.gov.br\/protocolo\/AADF\/","parametros":"","method":"POST","mensagem_modal":"","acesso":["visivel_todos"]},{"titulo":"Altera\u00e7\u00e3o das Caracter\u00edsticas da Atividade","conteudo":"Trata-se da solicita\u00e7\u00e3o de altera\u00e7\u00e3o de caracter\u00edsticas de atividade previamente cadastrada no SIGA","btn":"https:\/\/siga.semar.pi.gov.br\/protocolo\/ACA\/","parametros":"","method":"POST","mensagem_modal":"","acesso":["visivel_todos"]},{"titulo":"Altera\u00e7\u00e3o de e-mail da Central do Propriet\u00e1rio\/Possuidor do CAR","conteudo":"Trata-se da solicita\u00e7\u00e3o altera\u00e7\u00e3o de e-mail da Central do Propriet\u00e1rio\/Possuidor do CAR","btn":"https:\/\/siga.semar.pi.gov.br\/protocolo\/AECPP\/","parametros":"","method":"POST","mensagem_modal":"","acesso":["visivel_todos"]},{"titulo":"Arquivamento, Cancelamento ou Suspens\u00e3o de Processo","conteudo":"Trata-se da solicita\u00e7\u00e3o de Arquivamento, Cancelamento ou Suspens\u00e3o de Processo em tramita\u00e7\u00e3o no SIGA","btn":"https:\/\/siga.semar.pi.gov.br\/protocolo\/ACSPROLI\/","parametros":"","method":"POST","mensagem_modal":"","acesso":["visivel_todos"]},{"titulo":"Arquivamento, Cancelamento ou Suspens\u00e3o de Processo de Autoriza\u00e7\u00e3o ou Outorga de Uso da \u00c1gua","conteudo":"Trata-se da solicita\u00e7\u00e3o de arquivamento, cancelamento ou suspens\u00e3o do tr\u00e2mite de processo relativo \u00e0 gest\u00e3o de recursos h\u00eddricos","btn":"https:\/\/siga.semar.pi.gov.br\/protocolo\/ACSPROOU\/","parametros":"","method":"POST","mensagem_modal":"","acesso":["visivel_todos"]},{"titulo":"Arquivamento, Cancelamento ou Suspens\u00e3o de Processo de Gest\u00e3o Florestal","conteudo":"Trata-se da solicita\u00e7\u00e3o de arquivamento, cancelamento ou suspens\u00e3o do tr\u00e2mite de processo relativo \u00e0 gest\u00e3o florestal","btn":"https:\/\/siga.semar.pi.gov.br\/protocolo\/ACSPRGFL\/","parametros":"","method":"POST","mensagem_modal":"","acesso":["visivel_todos"]},{"titulo":"Arquivamento, Cancelamento ou Suspens\u00e3o de Processo de Licenciamento Ambiental","conteudo":"Trata-se da solicita\u00e7\u00e3o de arquivamento, cancelamento ou suspens\u00e3o do tr\u00e2mite de processo relativo ao licenciamento ambiental","btn":"https:\/\/siga.semar.pi.gov.br\/protocolo\/ACSPROLI\/","parametros":"","method":"POST","mensagem_modal":"","acesso":["visivel_todos"]},{"titulo":"Atualiza\u00e7\u00e3o de Endere\u00e7o de Resid\u00eancia do Criador","conteudo":"Trata-se da solicita\u00e7\u00e3o da atualiza\u00e7\u00e3o de Endere\u00e7o de Resid\u00eancia do Criador amador de passeriformes","btn":"https:\/\/siga.semar.pi.gov.br\/protocolo\/AERC\/","parametros":"","method":"POST","mensagem_modal":"","acesso":["visivel_todos"]},{"titulo":"Cadastramento de Contrato de Cess\u00e3o de Cr\u00e9ditos de Reposi\u00e7\u00e3o Florestal","conteudo":"Trata-se da solicita\u00e7\u00e3o para realiza\u00e7\u00e3o de cr\u00e9dito e d\u00e9bito de reposi\u00e7\u00e3o florestal no sistema DOF","btn":"https:\/\/siga.semar.pi.gov.br\/protocolo\/CCCRF\/","parametros":"","method":"POST","mensagem_modal":"","acesso":["visivel_todos"]},{"titulo":"Cadastramento de Licen\u00e7a de Convers\u00e3o","conteudo":"Trata-se da libera\u00e7\u00e3o para que uma empresa possa transformar um tipo de madeira em outro","btn":"https:\/\/siga.semar.pi.gov.br\/protocolo\/CLCO\/","parametros":"","method":"POST","mensagem_modal":"","acesso":["visivel_todos"]},{"titulo":"Certid\u00e3o Negativa de D\u00e9bitos Ambientais","conteudo":"Trata-se da solicita\u00e7\u00e3o de Certid\u00e3o Negativa de D\u00e9bitos Ambientais decorrentes de multas ambientais irrecorr\u00edveis","btn":"https:\/\/siga.semar.pi.gov.br\/protocolo\/CNDA\/","parametros":"","method":"POST","mensagem_modal":"","acesso":["visivel_todos"]},{"titulo":"Consulta de Dados para Cria\u00e7\u00e3o de Acesso \u00e0 Central","conteudo":"Trata-se da consulta ao cadastro do interessado ao SICAR acerca de suas informa\u00e7\u00f5es cadastrais","btn":"https:\/\/siga.semar.pi.gov.br\/protocolo\/CDCACPP\/","parametros":"","method":"POST","mensagem_modal":"","acesso":["visivel_todos"]},{"titulo":"Consulta Pr\u00e9via - Licenciamento","conteudo":"Trata-se de consulta feita \u00e0 SEMARH sobre a realiza\u00e7\u00e3o de procedimento n\u00e3o previsto claramente em normas da SEMARH","btn":"https:\/\/siga.semar.pi.gov.br\/protocolo\/CPL\/","parametros":"","method":"POST","mensagem_modal":"","acesso":["visivel_todos"]},{"titulo":"Consulta Pr\u00e9via - Uso \u00c1gua","conteudo":"Trata-se da consulta pr\u00e9via sobre algum procedimento n\u00e3o previsto, ou n\u00e3o esclarecido nas normas pertinentes, relativo \u00e0 gest\u00e3o de recursos h\u00eddricos","btn":"https:\/\/siga.semar.pi.gov.br\/protocolo\/CPA\/","parametros":"","method":"POST","mensagem_modal":"","acesso":["visivel_todos"]},{"titulo":"Desvincula\u00e7\u00e3o \/ Vincula\u00e7\u00e3o de Anilhas","conteudo":"Trata-se da solicita\u00e7\u00e3o Desvincula\u00e7\u00e3o \/ Vincula\u00e7\u00e3o de Anilhas cadastradas no Sispass","btn":"https:\/\/siga.semar.pi.gov.br\/protocolo\/DVA\/","parametros":"","method":"POST","mensagem_modal":"","acesso":["visivel_todos"]},{"titulo":"Dispensa de Outorga","conteudo":"Trata-se da solicita\u00e7\u00e3o de Dispensa de Outorga para uso de recursos h\u00eddricos","btn":"https:\/\/siga.semar.pi.gov.br\/protocolo\/DORH\/","parametros":"","method":"POST","mensagem_modal":"","acesso":["visivel_todos"]},{"titulo":"Entrega For\u00e7ada de DOF","conteudo":"Trata-se da entrega for\u00e7ada de DOF quando obrigado pela autoridade competente","btn":"https:\/\/siga.semar.pi.gov.br\/protocolo\/EFDOF\/","parametros":"","method":"POST","mensagem_modal":"","acesso":["visivel_todos"]},{"titulo":"Inclus\u00e3o de P\u00e1ssaro no Plantel","conteudo":"Trata-se da solicita\u00e7\u00e3o da Inclus\u00e3o de P\u00e1ssaro no Plantel cadastrado no Sispass","btn":"https:\/\/siga.semar.pi.gov.br\/protocolo\/IPP\/","parametros":"","method":"POST","mensagem_modal":"","acesso":["visivel_todos"]},{"titulo":"Inclus\u00e3o\/Exclus\u00e3o de Condutor(es)","conteudo":"Trata-se da solicita\u00e7\u00e3o de Inclus\u00e3o\/Exclus\u00e3o de Condutor(es) de ve\u00edculos para os quais a SEMARH tenha emitido licen\u00e7a ambiental para transporte de produtos perigosos","btn":"https:\/\/siga.semar.pi.gov.br\/protocolo\/IEC\/","parametros":"","method":"POST","mensagem_modal":"","acesso":["visivel_todos"]},{"titulo":"Inclus\u00e3o\/Exclus\u00e3o de Ve\u00edculo(s)","conteudo":"Trata-se da solicita\u00e7\u00e3o de Inclus\u00e3o\/Exclus\u00e3o de ve\u00edculos para os quais a SEMARH tenha emitido licen\u00e7a ambiental para transporte de produtos perigosos","btn":"https:\/\/siga.semar.pi.gov.br\/protocolo\/IEV\/","parametros":"","method":"POST","mensagem_modal":"","acesso":["visivel_todos"]},{"titulo":"Obten\u00e7\u00e3o de Segunda Via do Recibo do CAR","conteudo":"Trata-se da solicita\u00e7\u00e3o  de Segunda Via do Recibo do CAR","btn":"https:\/\/siga.semar.pi.gov.br\/protocolo\/SVCAR\/","parametros":"","method":"POST","mensagem_modal":"","acesso":["visivel_todos"]},{"titulo":"Outorga de Direito de Uso","conteudo":"Trata-se da solicita\u00e7\u00e3o de Outorga de Direito de Uso de Recursos H\u00eddricos","btn":"https:\/\/siga.semar.pi.gov.br\/protocolo\/ODRH\/","parametros":"","method":"POST","mensagem_modal":"","acesso":["visivel_todos"]},{"titulo":"Outorga Preventiva","conteudo":"Trata-se da solicita\u00e7\u00e3o de Outorga Preventiva para uso de recursos h\u00eddricos","btn":"https:\/\/siga.semar.pi.gov.br\/protocolo\/OP\/","parametros":"","method":"POST","mensagem_modal":"","acesso":["visivel_todos"]},{"titulo":"Prorroga\u00e7\u00e3o de DOF","conteudo":"Trata-se de solicita\u00e7\u00e3o de libera\u00e7\u00e3o de oferta de volume madeireiro quando o sistema DOF automaticamente n\u00e3o permite o tr\u00e2nsito de madeira","btn":"https:\/\/siga.semar.pi.gov.br\/protocolo\/PDOF\/","parametros":"","method":"POST","mensagem_modal":"","acesso":["visivel_todos"]},{"titulo":"Reativa\u00e7\u00e3o de DOF","conteudo":"Trata-se de solicita\u00e7\u00e3o para reajuste no DOF","btn":"https:\/\/siga.semar.pi.gov.br\/protocolo\/RDOF\/","parametros":"","method":"POST","mensagem_modal":"","acesso":["visivel_todos"]},{"titulo":"Recurso para Indeferimento de Solicita\u00e7\u00e3o","conteudo":"Trata-se de recurso contra decis\u00e3o proferida pela SEMARH negando a emiss\u00e3o de algum ato autorizativo","btn":"https:\/\/siga.semar.pi.gov.br\/protocolo\/RIS\/","parametros":"","method":"POST","mensagem_modal":"","acesso":["visivel_todos"]},{"titulo":"Regulariza\u00e7\u00e3o de Po\u00e7o Tubular","conteudo":"Trata-se da solicita\u00e7\u00e3o Regulariza\u00e7\u00e3o de Po\u00e7o Tubular j\u00e1 em opera\u00e7\u00e3o","btn":"https:\/\/siga.semar.pi.gov.br\/protocolo\/AUTPOOU\/","parametros":"","method":"POST","mensagem_modal":"","acesso":["visivel_todos"]},{"titulo":"Restitui\u00e7\u00e3o de Taxa","conteudo":"Trata-se da solicita\u00e7\u00e3o de restitui\u00e7\u00e3o do valor de alguma taxa paga pelo usu\u00e1rio indevidamente","btn":"https:\/\/siga.semar.pi.gov.br\/protocolo\/RSTX\/","parametros":"","method":"POST","mensagem_modal":"","acesso":["visivel_todos"]},{"titulo":"Retifica\u00e7\u00e3o\/Atualiza\u00e7\u00e3o de Dados","conteudo":"Trata-se da solicita\u00e7\u00e3o de Retifica\u00e7\u00e3o \/ Atualiza\u00e7\u00e3o de Dados cadastrados no SIGA","btn":"https:\/\/siga.semar.pi.gov.br\/protocolo\/RET\/","parametros":"","method":"POST","mensagem_modal":"","acesso":["visivel_todos"]},{"titulo":"Retifica\u00e7\u00e3o de Declara\u00e7\u00e3o de Sexo da Ave","conteudo":"Trata-se da solicita\u00e7\u00e3o de Retifica\u00e7\u00e3o de Declara\u00e7\u00e3o de Sexo da Ave cadastrada no Sispass","btn":"https:\/\/siga.semar.pi.gov.br\/protocolo\/RDSA\/","parametros":"","method":"POST","mensagem_modal":"","acesso":["visivel_todos"]},{"titulo":"Revers\u00e3o de Declara\u00e7\u00e3o de Fuga de Ave","conteudo":"Trata-se da solicita\u00e7\u00e3o de Revers\u00e3o de Declara\u00e7\u00e3o de Fuga de Ave no Sispass","btn":"https:\/\/siga.semar.pi.gov.br\/protocolo\/RDFA\/","parametros":"","method":"POST","mensagem_modal":"","acesso":["visivel_todos"]},{"titulo":"Revers\u00e3o de Declara\u00e7\u00e3o de \u00d3bito de Ave","conteudo":"Trata-se da solicita\u00e7\u00e3o de Revers\u00e3o de Declara\u00e7\u00e3o de \u00d3bito de Ave no Sispass","btn":"https:\/\/siga.semar.pi.gov.br\/protocolo\/RDOA\/","parametros":"","method":"POST","mensagem_modal":"","acesso":["visivel_todos"]},{"titulo":"Revers\u00e3o de Declara\u00e7\u00e3o de Roubo\/Furto de Ave","conteudo":"Trata-se da solicita\u00e7\u00e3o da Revers\u00e3o de Declara\u00e7\u00e3o de Roubo\/Furto de Ave no Sispass","btn":"https:\/\/siga.semar.pi.gov.br\/protocolo\/RDRFA\/","parametros":"","method":"POST","mensagem_modal":"","acesso":["visivel_todos"]}]},"_links":{"self":[{"href":"https:\/\/demo.piauidigital.pi.gov.br\/home\/wp-json\/wp\/v2\/pages\/741","targetHints":{"allow":["GET"]}}],"collection":[{"href":"https:\/\/demo.piauidigital.pi.gov.br\/home\/wp-json\/wp\/v2\/pages"}],"about":[{"href":"https:\/\/demo.piauidigital.pi.gov.br\/home\/wp-json\/wp\/v2\/types\/page"}],"author":[{"embeddable":true,"href":"https:\/\/demo.piauidigital.pi.gov.br\/home\/wp-json\/wp\/v2\/users\/1"}],"replies":[{"embeddable":true,"href":"https:\/\/demo.piauidigital.pi.gov.br\/home\/wp-json\/wp\/v2\/comments?post=741"}],"version-history":[{"count":2,"href":"https:\/\/demo.piauidigital.pi.gov.br\/home\/wp-json\/wp\/v2\/pages\/741\/revisions"}],"predecessor-version":[{"id":909,"href":"https:\/\/demo.piauidigital.pi.gov.br\/home\/wp-json\/wp\/v2\/pages\/741\/revisions\/909"}],"wp:attachment":[{"href":"https:\/\/demo.piauidigital.pi.gov.br\/home\/wp-json\/wp\/v2\/media?parent=741"}],"curies":[{"name":"wp","href":"https:\/\/api.w.org\/{rel}","templated":true}]}}