{"id":772,"date":"2023-06-01T11:02:49","date_gmt":"2023-06-01T11:02:49","guid":{"rendered":"http:\/\/%s.piauidigital.pi.gov.br\/?page_id=772"},"modified":"2024-07-12T14:31:03","modified_gmt":"2024-07-12T14:31:03","slug":"sefaz-cadastro","status":"publish","type":"page","link":"https:\/\/demo.piauidigital.pi.gov.br\/home\/sefaz-cadastro\/","title":{"rendered":"SEFAZ &#8211; Cadastro"},"content":{"rendered":"","protected":false},"excerpt":{"rendered":"","protected":false},"author":1,"featured_media":0,"parent":0,"menu_order":0,"comment_status":"closed","ping_status":"closed","template":"template-parts\/page-junta-comercial.php","meta":{"footnotes":""},"class_list":["post-772","page","type-page","status-publish","hentry"],"acf":{"servicos":[{"titulo":"Inscri\u00e7\u00e3o Estadual","conteudo":"Inscri\u00e7\u00e3o estadual de pessoa jur\u00eddica no Cadastro de Contribuintes do Estado do Piau\u00ed - CAGEP. Integra\u00e7\u00e3o com o Piau\u00ed Digital","btn":"inscricao-no-estado","parametros":"","method":"POST","mensagem_modal":"","acesso":["visivel_todos"]},{"titulo":"Inscri\u00e7\u00e3o Estadual de substituto tribut\u00e1rio","conteudo":"Inscri\u00e7\u00e3o Estadual de substituto tribut\u00e1rio de pessoa jur\u00eddica no Cadastro de Contribuintes do Estado do Piau\u00ed - CAGEP. Integra\u00e7\u00e3o com o Piau\u00ed Digital","btn":"inscricao-substituto-tributario","parametros":"","method":"POST","mensagem_modal":"","acesso":["visivel_todos"]},{"titulo":"Altera\u00e7\u00e3o de Inscri\u00e7\u00e3o Estadual","conteudo":"Altera\u00e7\u00e3o de inscri\u00e7\u00e3o estadual de pessoa jur\u00eddica no Cadastro de Contribuintes do Estado do Piau\u00ed - CAGEP. Integra\u00e7\u00e3o com o Piau\u00ed Digital","btn":"alteracao-exclusiva","parametros":"","method":"POST","mensagem_modal":"","acesso":["visivel_todos"]},{"titulo":"Baixa de Inscri\u00e7\u00e3o Estadual","conteudo":"Baixa de inscri\u00e7\u00e3o estadual de pessoa jur\u00eddica no Cadastro de Contribuintes do Estado do Piau\u00ed - CAGEP. Integra\u00e7\u00e3o com o Piau\u00ed Digital","btn":"pedido-baixa-estado","parametros":"","method":"POST","mensagem_modal":"","acesso":["visivel_todos"]},{"titulo":"Inscri\u00e7\u00e3o no Estado para estabelecimento que est\u00e1 localizado em outro Estado, exceto Subst. Trib.","conteudo":"Inscri\u00e7\u00e3o no Estado para estabelecimento que est\u00e1 localizado em outro Estado, exceto Substituto Tribut\u00e1rio.","btn":"inscricao-no-estado-para-estabelecimento-que-esta-localizado-em-outro-estado-exceto-subst-trib","parametros":"","method":"POST","mensagem_modal":"","acesso":["visivel_todos"]},{"titulo":"Pedido de baixa de substituto tribut\u00e1rio","conteudo":"","btn":"pedido-de-baixa-de-substituto-tributario","parametros":"","method":"POST","mensagem_modal":"","acesso":["visivel_todos"]},{"titulo":"Altera\u00e7\u00e3o de substituto tribut\u00e1rio no Estado","conteudo":"","btn":"alteracao-de-substituto-tributario-no-estado","parametros":"","method":"POST","mensagem_modal":"","acesso":["visivel_todos"]},{"titulo":"Atualiza\u00e7\u00e3o de coordenadas geogr\u00e1ficas","conteudo":"","btn":"atualizacao-de-coordenadas-geograficas","parametros":"","method":"POST","mensagem_modal":"","acesso":["visivel_todos"]},{"titulo":"Produtor Rural","conteudo":"","btn":"produtor-rural","parametros":"","method":"POST","mensagem_modal":"","acesso":["visivel_todos"]}]},"_links":{"self":[{"href":"https:\/\/demo.piauidigital.pi.gov.br\/home\/wp-json\/wp\/v2\/pages\/772","targetHints":{"allow":["GET"]}}],"collection":[{"href":"https:\/\/demo.piauidigital.pi.gov.br\/home\/wp-json\/wp\/v2\/pages"}],"about":[{"href":"https:\/\/demo.piauidigital.pi.gov.br\/home\/wp-json\/wp\/v2\/types\/page"}],"author":[{"embeddable":true,"href":"https:\/\/demo.piauidigital.pi.gov.br\/home\/wp-json\/wp\/v2\/users\/1"}],"replies":[{"embeddable":true,"href":"https:\/\/demo.piauidigital.pi.gov.br\/home\/wp-json\/wp\/v2\/comments?post=772"}],"version-history":[{"count":5,"href":"https:\/\/demo.piauidigital.pi.gov.br\/home\/wp-json\/wp\/v2\/pages\/772\/revisions"}],"predecessor-version":[{"id":1375,"href":"https:\/\/demo.piauidigital.pi.gov.br\/home\/wp-json\/wp\/v2\/pages\/772\/revisions\/1375"}],"wp:attachment":[{"href":"https:\/\/demo.piauidigital.pi.gov.br\/home\/wp-json\/wp\/v2\/media?parent=772"}],"curies":[{"name":"wp","href":"https:\/\/api.w.org\/{rel}","templated":true}]}}