{"id":775,"date":"2023-06-01T11:08:53","date_gmt":"2023-06-01T11:08:53","guid":{"rendered":"http:\/\/%s.piauidigital.pi.gov.br\/?page_id=775"},"modified":"2023-06-01T11:08:53","modified_gmt":"2023-06-01T11:08:53","slug":"sefaz-documentos-fiscais","status":"publish","type":"page","link":"https:\/\/demo.piauidigital.pi.gov.br\/home\/sefaz-documentos-fiscais\/","title":{"rendered":"SEFAZ &#8211; Documentos Fiscais"},"content":{"rendered":"","protected":false},"excerpt":{"rendered":"","protected":false},"author":1,"featured_media":0,"parent":0,"menu_order":0,"comment_status":"closed","ping_status":"closed","template":"template-parts\/page-junta-comercial.php","meta":{"footnotes":""},"class_list":["post-775","page","type-page","status-publish","hentry"],"acf":{"servicos":[{"titulo":"Autoriza\u00e7\u00e3o de BP-e","conteudo":"Autoriza\u00e7\u00e3o para emitir bilhete de passagem eletr\u00f4nico - BP-e","btn":"https:\/\/portal.sefaz.pi.gov.br\/documentoseletronicos\/portal\/bpe\/autorizacao.php","parametros":"","method":"POST","mensagem_modal":"","acesso":["visivel_todos"]},{"titulo":"Autoriza\u00e7\u00e3o de CT-e","conteudo":"Autoriza\u00e7\u00e3o para emitir conhecimento de transporte eletr\u00f4nico - CT-e","btn":"https:\/\/portal.sefaz.pi.gov.br\/documentoseletronicos\/portal\/cte\/autorizacao.php","parametros":"","method":"POST","mensagem_modal":"","acesso":["visivel_todos"]},{"titulo":"Autoriza\u00e7\u00e3o de NFC-e","conteudo":"Autoriza\u00e7\u00e3o para emitir nota fiscal ao consumidor eletr\u00f4nica - NFC-e","btn":"https:\/\/portal.sefaz.pi.gov.br\/documentoseletronicos\/portal\/nfce\/autorizacao.php ","parametros":"","method":"POST","mensagem_modal":"","acesso":["visivel_todos"]},{"titulo":"Autoriza\u00e7\u00e3o de NF-e","conteudo":"Autoriza\u00e7\u00e3o para emitir nota fiscal ao consumidor eletr\u00f4nica - NF-e","btn":"https:\/\/portal.sefaz.pi.gov.br\/documentoseletronicos\/portal\/nfe\/autorizacao.php","parametros":"","method":"POST","mensagem_modal":"","acesso":["visivel_todos"]}]},"_links":{"self":[{"href":"https:\/\/demo.piauidigital.pi.gov.br\/home\/wp-json\/wp\/v2\/pages\/775","targetHints":{"allow":["GET"]}}],"collection":[{"href":"https:\/\/demo.piauidigital.pi.gov.br\/home\/wp-json\/wp\/v2\/pages"}],"about":[{"href":"https:\/\/demo.piauidigital.pi.gov.br\/home\/wp-json\/wp\/v2\/types\/page"}],"author":[{"embeddable":true,"href":"https:\/\/demo.piauidigital.pi.gov.br\/home\/wp-json\/wp\/v2\/users\/1"}],"replies":[{"embeddable":true,"href":"https:\/\/demo.piauidigital.pi.gov.br\/home\/wp-json\/wp\/v2\/comments?post=775"}],"version-history":[{"count":1,"href":"https:\/\/demo.piauidigital.pi.gov.br\/home\/wp-json\/wp\/v2\/pages\/775\/revisions"}],"predecessor-version":[{"id":776,"href":"https:\/\/demo.piauidigital.pi.gov.br\/home\/wp-json\/wp\/v2\/pages\/775\/revisions\/776"}],"wp:attachment":[{"href":"https:\/\/demo.piauidigital.pi.gov.br\/home\/wp-json\/wp\/v2\/media?parent=775"}],"curies":[{"name":"wp","href":"https:\/\/api.w.org\/{rel}","templated":true}]}}