{"id":791,"date":"2023-06-01T11:50:41","date_gmt":"2023-06-01T11:50:41","guid":{"rendered":"http:\/\/%s.piauidigital.pi.gov.br\/?page_id=791"},"modified":"2023-06-01T11:50:41","modified_gmt":"2023-06-01T11:50:41","slug":"sefaz-informacoes-consultas","status":"publish","type":"page","link":"https:\/\/demo.piauidigital.pi.gov.br\/home\/sefaz-informacoes-consultas\/","title":{"rendered":"SEFAZ &#8211; Informa\u00e7\u00f5es\/Consultas"},"content":{"rendered":"","protected":false},"excerpt":{"rendered":"","protected":false},"author":1,"featured_media":0,"parent":0,"menu_order":0,"comment_status":"closed","ping_status":"closed","template":"template-parts\/page-junta-comercial.php","meta":{"footnotes":""},"class_list":["post-791","page","type-page","status-publish","hentry"],"acf":{"servicos":[{"titulo":"Agenda Tribut\u00e1ria","conteudo":"Informa\u00e7\u00e3o de prazos sobre obriga\u00e7\u00f5es principais e acess\u00f3rias","btn":"https:\/\/webas.sefaz.pi.gov.br\/legislacao\/agenda-tributaria\/ ","parametros":"","method":"POST","mensagem_modal":"","acesso":["visivel_todos"]},{"titulo":"Carta de Servi\u00e7os","conteudo":"Informa\u00e7\u00f5es sobre os servi\u00e7os da SEFAZ dispon\u00edveis ao cidad\u00e3o","btn":"https:\/\/portal.sefaz.pi.gov.br\/servico-ao-cidadao","parametros":"","method":"POST","mensagem_modal":"","acesso":["visivel_todos"]},{"titulo":"CNDA e CSFT","conteudo":"Consulta e emiss\u00e3o de certid\u00e3o de d\u00edvida ativa e de situa\u00e7\u00e3o fiscal tribut\u00e1ria","btn":"https:\/\/webas.sefaz.pi.gov.br\/certidaonft-web\/index.xhtml ","parametros":"","method":"POST","mensagem_modal":"","acesso":["visivel_todos"]},{"titulo":"Consulta a legisla\u00e7\u00e3o","conteudo":"Consulta de atos normativos referentes aos tributos da compet\u00eancia do Estado do Piau\u00ed","btn":"https:\/\/webas.sefaz.pi.gov.br\/legislacao\/ ","parametros":"","method":"POST","mensagem_modal":"","acesso":["visivel_todos"]},{"titulo":"Consulta de Inadimplentes - CAGIN","conteudo":"Consulta de Inadimplentes - CAGIN por CNPJ ou CPF","btn":"https:\/\/webas.sefaz.pi.gov.br\/caginweb\/","parametros":"","method":"POST","mensagem_modal":"","acesso":["visivel_todos"]},{"titulo":"Consulta de Notas Fiscais - Conv. 115\/03","conteudo":"Consulta de notas fiscais de comunica\u00e7\u00e3o e energia, conforme Conv\u00eanio ICMS 115\/2003","btn":"https:\/\/webas.sefaz.pi.gov.br\/convenio115ReciboTed\/ ","parametros":"","method":"POST","mensagem_modal":"","acesso":["visivel_todos"]},{"titulo":"Consulta de processos do sistema SEI","conteudo":"Consulta andamento de processos gerados no sistema de protocolo SEI","btn":"https:\/\/portal.pi.gov.br\/","parametros":"","method":"POST","mensagem_modal":"","acesso":["visivel_todos"]},{"titulo":"Fale com a SEFAZ","conteudo":"Atendimento virtual ao contribuinte (in\u00edcio no web chat da atendente virtual, Teresa)","btn":"https:\/\/portal.sefaz.pi.gov.br\/","parametros":"","method":"POST","mensagem_modal":"","acesso":["visivel_todos"]},{"titulo":"Ficha de cadastro e documentos para cadastro","conteudo":"Arquivos e programa para cadastro de inscri\u00e7\u00e3o estadual","btn":"https:\/\/portal.sefaz.pi.gov.br\/documentacao-para-cadastro","parametros":"","method":"POST","mensagem_modal":"","acesso":["visivel_todos"]},{"titulo":"Formul\u00e1rios","conteudo":"Formul\u00e1rios diversos para abertura de processos administrativos","btn":"https:\/\/portal.sefaz.pi.gov.br\/formularios","parametros":"","method":"POST","mensagem_modal":"","acesso":["visivel_todos"]},{"titulo":"Menor Pre\u00e7o Brasil","conteudo":"Aplicativo de consulta de pre\u00e7o de produtos para celulares","btn":"https:\/\/play.google.com\/store\/apps\/details?id=br.gov.rs.procergs.mpbr&hl=pt_BR ","parametros":"","method":"POST","mensagem_modal":"","acesso":["visivel_todos"]},{"titulo":"Nota Fiscal Avulsa Eletr\u00f4nica - NFA-e","conteudo":"Emiss\u00e3o, consulta e manual de instru\u00e7\u00f5es de Nota Fiscal Avulsa Eletr\u00f4nica - NFA-e","btn":"https:\/\/webas.sefaz.pi.gov.br\/nfaeweb\/","parametros":"","method":"POST","mensagem_modal":"","acesso":["visivel_todos"]},{"titulo":"Credenciamento para emiss\u00e3o de Documento Fiscal eletr\u00f4nico","conteudo":"Credenciamento para emiss\u00e3o de Documento Fiscal eletr\u00f4nico (NF-e, NFC-e, CT-e, BP-e, entre outros)","btn":"https:\/\/portal.sefaz.pi.gov.br\/documentoseletronicos\/","parametros":"","method":"POST","mensagem_modal":"","acesso":["visivel_todos"]}]},"_links":{"self":[{"href":"https:\/\/demo.piauidigital.pi.gov.br\/home\/wp-json\/wp\/v2\/pages\/791","targetHints":{"allow":["GET"]}}],"collection":[{"href":"https:\/\/demo.piauidigital.pi.gov.br\/home\/wp-json\/wp\/v2\/pages"}],"about":[{"href":"https:\/\/demo.piauidigital.pi.gov.br\/home\/wp-json\/wp\/v2\/types\/page"}],"author":[{"embeddable":true,"href":"https:\/\/demo.piauidigital.pi.gov.br\/home\/wp-json\/wp\/v2\/users\/1"}],"replies":[{"embeddable":true,"href":"https:\/\/demo.piauidigital.pi.gov.br\/home\/wp-json\/wp\/v2\/comments?post=791"}],"version-history":[{"count":1,"href":"https:\/\/demo.piauidigital.pi.gov.br\/home\/wp-json\/wp\/v2\/pages\/791\/revisions"}],"predecessor-version":[{"id":792,"href":"https:\/\/demo.piauidigital.pi.gov.br\/home\/wp-json\/wp\/v2\/pages\/791\/revisions\/792"}],"wp:attachment":[{"href":"https:\/\/demo.piauidigital.pi.gov.br\/home\/wp-json\/wp\/v2\/media?parent=791"}],"curies":[{"name":"wp","href":"https:\/\/api.w.org\/{rel}","templated":true}]}}