{"id":794,"date":"2023-06-01T11:55:51","date_gmt":"2023-06-01T11:55:51","guid":{"rendered":"http:\/\/%s.piauidigital.pi.gov.br\/?page_id=794"},"modified":"2023-06-01T11:55:51","modified_gmt":"2023-06-01T11:55:51","slug":"sefaz-ipva","status":"publish","type":"page","link":"https:\/\/demo.piauidigital.pi.gov.br\/home\/sefaz-ipva\/","title":{"rendered":"SEFAZ &#8211; IPVA"},"content":{"rendered":"","protected":false},"excerpt":{"rendered":"","protected":false},"author":1,"featured_media":0,"parent":0,"menu_order":0,"comment_status":"closed","ping_status":"closed","template":"template-parts\/page-junta-comercial.php","meta":{"footnotes":""},"class_list":["post-794","page","type-page","status-publish","hentry"],"acf":{"servicos":[{"titulo":"Notifica\u00e7\u00f5es","conteudo":"Consulta de notifica\u00e7\u00f5es de IPVA atrav\u00e9s do n\u00famero do renavam","btn":"https:\/\/webas.sefaz.pi.gov.br\/clvn\/faces\/views\/notificacaoIpva.xhtml","parametros":"","method":"POST","mensagem_modal":"","acesso":["visivel_todos"]},{"titulo":"Pagamento","conteudo":"Consulta e emiss\u00e3o de boleto de IPVA","btn":"https:\/\/webas.sefaz.pi.gov.br\/dar-ipva\/","parametros":"","method":"POST","mensagem_modal":"","acesso":["visivel_todos"]},{"titulo":"Situa\u00e7\u00e3o do Ve\u00edculo","conteudo":"Consulta situa\u00e7\u00e3o de ve\u00edculo atrav\u00e9s do n\u00famero do Chassi e Renavam- - CLVN","btn":"https:\/\/webas.sefaz.pi.gov.br\/clvn\/","parametros":"","method":"POST","mensagem_modal":"","acesso":["visivel_todos"]},{"titulo":"Isen\u00e7\u00e3o de ICMS p\/ Ve\u00edculos - Deficiente\/Autista","conteudo":"Formul\u00e1rio para solicita\u00e7\u00e3o de isen\u00e7\u00e3o de ICMS para ve\u00edculos - Deficiente \/ Autista","btn":"https:\/\/webas.sefaz.pi.gov.br\/IsencaoIcmsDeficiente\/ ","parametros":"","method":"POST","mensagem_modal":"","acesso":["visivel_todos"]}]},"_links":{"self":[{"href":"https:\/\/demo.piauidigital.pi.gov.br\/home\/wp-json\/wp\/v2\/pages\/794","targetHints":{"allow":["GET"]}}],"collection":[{"href":"https:\/\/demo.piauidigital.pi.gov.br\/home\/wp-json\/wp\/v2\/pages"}],"about":[{"href":"https:\/\/demo.piauidigital.pi.gov.br\/home\/wp-json\/wp\/v2\/types\/page"}],"author":[{"embeddable":true,"href":"https:\/\/demo.piauidigital.pi.gov.br\/home\/wp-json\/wp\/v2\/users\/1"}],"replies":[{"embeddable":true,"href":"https:\/\/demo.piauidigital.pi.gov.br\/home\/wp-json\/wp\/v2\/comments?post=794"}],"version-history":[{"count":1,"href":"https:\/\/demo.piauidigital.pi.gov.br\/home\/wp-json\/wp\/v2\/pages\/794\/revisions"}],"predecessor-version":[{"id":795,"href":"https:\/\/demo.piauidigital.pi.gov.br\/home\/wp-json\/wp\/v2\/pages\/794\/revisions\/795"}],"wp:attachment":[{"href":"https:\/\/demo.piauidigital.pi.gov.br\/home\/wp-json\/wp\/v2\/media?parent=794"}],"curies":[{"name":"wp","href":"https:\/\/api.w.org\/{rel}","templated":true}]}}